{"id":16692,"date":"2025-11-04T09:42:00","date_gmt":"2025-11-04T09:42:00","guid":{"rendered":"https:\/\/enlineabarcelona.com\/showroom-mobiliario-diseno\/"},"modified":"2025-11-20T10:51:24","modified_gmt":"2025-11-20T10:51:24","slug":"showroom-mobiliario-diseno","status":"publish","type":"page","link":"https:\/\/enlineabarcelona.com\/ca\/showroom-mobiliario-diseno\/","title":{"rendered":"Showroom de Mobiliari de Diseny"},"content":{"rendered":"\t\t<div data-elementor-type=\"wp-page\" data-elementor-id=\"16692\" class=\"elementor elementor-16692 elementor-16098\" data-elementor-post-type=\"page\">\n\t\t\t\t<div class=\"elementor-element elementor-element-36eee162 e-con-full e-flex e-con e-parent\" data-id=\"36eee162\" data-element_type=\"container\" data-e-type=\"container\">\n\t\t<div class=\"elementor-element elementor-element-2ce40e70 e-con-full e-flex e-con e-child\" data-id=\"2ce40e70\" data-element_type=\"container\" data-e-type=\"container\">\n\t\t\t\t<div class=\"elementor-element elementor-element-ca36a32 elementor-widget elementor-widget-heading\" data-id=\"ca36a32\" data-element_type=\"widget\" data-e-type=\"widget\" data-widget_type=\"heading.default\">\n\t\t\t\t\t<h1 class=\"elementor-heading-title elementor-size-default\">Showroom de Mobiliari de Diseny<\/h1>\t\t\t\t<\/div>\n\t\t\t\t<div class=\"elementor-element elementor-element-720eb6a2 elementor-widget elementor-widget-text-editor\" data-id=\"720eb6a2\" data-element_type=\"widget\" data-e-type=\"widget\" data-widget_type=\"text-editor.default\">\n\t\t\t\t\t\t\t\t\t<p>El showroom d\u2019<strong>en linea barcelona<\/strong> est\u00e0 ubicat ple centre Barcelona \u201cEixample\u201d en un edifici Modernista \u2013 Noucentista, amb m\u00e9s de 1.000 m2 d\u2019exposici\u00f3, on seleccionem les millors col\u00b7leccions de mobiliari nacional i internacional, aquests un cop escollits els combinem amb les peces de diferents marques, creant uns espais personalitzats, amb atmosferes totalment diferents. El nostre criteri de compra que mantenim des dels nostres inicis \u00e9s \u201ccomprem tot all\u00f2 que ens agradaria tenir a casa nostra\u201d La nostra opini\u00f3 \u00e9s molt simple, creiem en el disseny original, sense c\u00f2pies ni succedanis i que alhora sigui pr\u00e0ctic.<\/p><p>D\u2019altra banda, tenim el departament de projectes, <strong><em>studio<\/em> en l\u00ednia barcelona,<\/strong> \u200b\u200bon realitzem projectes d\u2019interiorisme als \u00e0mbits de la Llar, Oficina i Restauraci\u00f3. Creiem que l\u2019estil \u201cminimalista\u201d \u00e9s el que s\u2019adapta millor al nostre concepte d\u2019espai, per poder desenvolupar un interiorisme funcional, senzill i l\u00f2gic en les seves formes, fent \u00fas de materials naturals, nobles i sostenibles.<\/p>\t\t\t\t\t\t\t\t<\/div>\n\t\t\t\t<\/div>\n\t\t<div class=\"elementor-element elementor-element-12c086e6 e-con-full e-flex e-con e-child\" data-id=\"12c086e6\" data-element_type=\"container\" data-e-type=\"container\" data-settings=\"{&quot;background_background&quot;:&quot;classic&quot;}\">\n\t\t\t\t<div class=\"elementor-element elementor-element-78f1ffb elementor--h-position-center elementor--v-position-middle elementor-arrows-position-inside elementor-pagination-position-inside elementor-widget elementor-widget-slides\" data-id=\"78f1ffb\" data-element_type=\"widget\" data-e-type=\"widget\" data-settings=\"{&quot;navigation&quot;:&quot;both&quot;,&quot;autoplay&quot;:&quot;yes&quot;,&quot;pause_on_hover&quot;:&quot;yes&quot;,&quot;pause_on_interaction&quot;:&quot;yes&quot;,&quot;autoplay_speed&quot;:5000,&quot;infinite&quot;:&quot;yes&quot;,&quot;transition&quot;:&quot;slide&quot;,&quot;transition_speed&quot;:500}\" data-widget_type=\"slides.default\">\n\t\t\t\t\t\t\t\t\t\t<div class=\"elementor-slides-wrapper elementor-main-swiper swiper\" role=\"region\" aria-roledescription=\"carousel\" aria-label=\"Diapositivas\" dir=\"ltr\" data-animation=\"fadeInUp\">\n\t\t\t\t<div class=\"swiper-wrapper elementor-slides\">\n\t\t\t\t\t\t\t\t\t\t<div class=\"elementor-repeater-item-3f7716b swiper-slide\" role=\"group\" aria-roledescription=\"slide\"><div class=\"swiper-slide-bg\" role=\"img\" aria-label=\"EN-LINEA-SHOWROOM-17.jpg\"><\/div><div class=\"swiper-slide-inner\" ><div class=\"swiper-slide-contents\"><\/div><\/div><\/div><div class=\"elementor-repeater-item-c1ddabf swiper-slide\" role=\"group\" aria-roledescription=\"slide\"><div class=\"swiper-slide-bg\" role=\"img\" aria-label=\"EN-LINEA-SHOWROOM-18.jpg\"><\/div><div class=\"swiper-slide-inner\" ><div class=\"swiper-slide-contents\"><\/div><\/div><\/div><div class=\"elementor-repeater-item-10064a4 swiper-slide\" role=\"group\" aria-roledescription=\"slide\"><div class=\"swiper-slide-bg\" role=\"img\" aria-label=\"EN-LINEA-SHOWROOM-19.jpg\"><\/div><div class=\"swiper-slide-inner\" ><div class=\"swiper-slide-contents\"><\/div><\/div><\/div>\t\t\t\t<\/div>\n\t\t\t\t\t\t\t\t\t\t\t\t\t\t\t<div class=\"elementor-swiper-button elementor-swiper-button-prev\" role=\"button\" tabindex=\"0\" aria-label=\"Previous slide\">\n\t\t\t\t\t\t\t<svg aria-hidden=\"true\" class=\"e-font-icon-svg e-eicon-chevron-left\" viewBox=\"0 0 1000 1000\" xmlns=\"http:\/\/www.w3.org\/2000\/svg\"><path d=\"M646 125C629 125 613 133 604 142L308 442C296 454 292 471 292 487 292 504 296 521 308 533L604 854C617 867 629 875 646 875 663 875 679 871 692 858 704 846 713 829 713 812 713 796 708 779 692 767L438 487 692 225C700 217 708 204 708 187 708 171 704 154 692 142 675 129 663 125 646 125Z\"><\/path><\/svg>\t\t\t\t\t\t<\/div>\n\t\t\t\t\t\t<div class=\"elementor-swiper-button elementor-swiper-button-next\" role=\"button\" tabindex=\"0\" aria-label=\"Next slide\">\n\t\t\t\t\t\t\t<svg aria-hidden=\"true\" class=\"e-font-icon-svg e-eicon-chevron-right\" viewBox=\"0 0 1000 1000\" xmlns=\"http:\/\/www.w3.org\/2000\/svg\"><path d=\"M696 533C708 521 713 504 713 487 713 471 708 454 696 446L400 146C388 133 375 125 354 125 338 125 325 129 313 142 300 154 292 171 292 187 292 204 296 221 308 233L563 492 304 771C292 783 288 800 288 817 288 833 296 850 308 863 321 871 338 875 354 875 371 875 388 867 400 854L696 533Z\"><\/path><\/svg>\t\t\t\t\t\t<\/div>\n\t\t\t\t\t\t\t\t\t\t\t\t\t\t\t\t<div class=\"swiper-pagination\"><\/div>\n\t\t\t\t\t\t\t\t\t\t\t\t<\/div>\n\t\t\t\t\t\t\t\t<\/div>\n\t\t\t\t<\/div>\n\t\t\t\t<\/div>\n\t\t<div class=\"elementor-element elementor-element-216c018 e-con-full e-flex e-con e-parent\" data-id=\"216c018\" data-element_type=\"container\" data-e-type=\"container\">\n\t\t\t\t<div class=\"elementor-element elementor-element-8d24f26 elementor-widget elementor-widget-html\" data-id=\"8d24f26\" data-element_type=\"widget\" data-e-type=\"widget\" data-widget_type=\"html.default\">\n\t\t\t\t\t<iframe src=\"https:\/\/www.google.com\/maps\/embed?pb=!4v1652153909128!6m8!1m7!1sCAoSLEFGMVFpcFBFZFNoUkg0UllwQ2Y5d000WFVKVFNSZTM3V3B5Um9oM0tEZmZ0!2m2!1d41.39458232!2d2.15700199!3f62.756855407648125!4f0!5f0.7820865974627469\" style=\"border:0;width:100%;height:750px\" allowfullscreen=\"\" loading=\"lazy\" referrerpolicy=\"no-referrer-when-downgrade\"><\/iframe>\t\t\t\t<\/div>\n\t\t\t\t<\/div>\n\t\t\t\t<\/div>\n\t\t","protected":false},"excerpt":{"rendered":"<p>Showroom de Mobiliari de Diseny El showroom d\u2019en linea barcelona est\u00e0 ubicat ple centre Barcelona \u201cEixample\u201d en un edifici Modernista \u2013 Noucentista, amb m\u00e9s de 1.000 m2 d\u2019exposici\u00f3, on seleccionem les millors col\u00b7leccions de mobiliari nacional i internacional, aquests un cop escollits els combinem amb les peces de diferents marques, creant uns espais personalitzats, amb &#8230; <a title=\"Showroom de Mobiliari de Diseny\" class=\"read-more\" href=\"https:\/\/enlineabarcelona.com\/ca\/showroom-mobiliario-diseno\/\" aria-label=\"M\u00e9s informaci\u00f3 sobre Showroom de Mobiliari de Diseny\">Llegiu m\u00e9s<\/a><\/p>\n","protected":false},"author":1,"featured_media":0,"parent":0,"menu_order":0,"comment_status":"closed","ping_status":"closed","template":"elementor_header_footer","meta":{"_acf_changed":false,"footnotes":""},"class_list":["post-16692","page","type-page","status-publish"],"acf":[],"_links":{"self":[{"href":"https:\/\/enlineabarcelona.com\/ca\/wp-json\/wp\/v2\/pages\/16692","targetHints":{"allow":["GET"]}}],"collection":[{"href":"https:\/\/enlineabarcelona.com\/ca\/wp-json\/wp\/v2\/pages"}],"about":[{"href":"https:\/\/enlineabarcelona.com\/ca\/wp-json\/wp\/v2\/types\/page"}],"author":[{"embeddable":true,"href":"https:\/\/enlineabarcelona.com\/ca\/wp-json\/wp\/v2\/users\/1"}],"replies":[{"embeddable":true,"href":"https:\/\/enlineabarcelona.com\/ca\/wp-json\/wp\/v2\/comments?post=16692"}],"version-history":[{"count":1,"href":"https:\/\/enlineabarcelona.com\/ca\/wp-json\/wp\/v2\/pages\/16692\/revisions"}],"predecessor-version":[{"id":16693,"href":"https:\/\/enlineabarcelona.com\/ca\/wp-json\/wp\/v2\/pages\/16692\/revisions\/16693"}],"wp:attachment":[{"href":"https:\/\/enlineabarcelona.com\/ca\/wp-json\/wp\/v2\/media?parent=16692"}],"curies":[{"name":"wp","href":"https:\/\/api.w.org\/{rel}","templated":true}]}}