{"id":14009,"date":"2025-10-27T11:16:55","date_gmt":"2025-10-27T11:16:55","guid":{"rendered":"https:\/\/enlineabarcelona.com\/producto\/spool-sofa-003\/"},"modified":"2025-10-27T11:17:00","modified_gmt":"2025-10-27T11:17:00","slug":"spool-sofa-003","status":"publish","type":"product","link":"https:\/\/enlineabarcelona.com\/ca\/producto\/spool-sofa-003\/","title":{"rendered":"Sof\u00e1 Spool 003"},"content":{"rendered":"\n<p>SPOOL da vida a una nueva y vibrante historia compuesta de tejidos y atractivos juegos de sombras creados por la luz que se filtra desde las secciones del respaldo: el resultado es una colecci\u00f3n con un dise\u00f1o explosivo, un equilibrio perfecto entre fuerza y \u200b\u200bligereza que no descuide la comodidad de los asientos que pueden acomodar una gran cantidad de cojines suaves.<\/p>\n","protected":false},"excerpt":{"rendered":"<p>SPOOL da vida a una nueva y vibrante historia compuesta de tejidos y atractivos juegos de sombras creados por la luz que se filtra desde las secciones del respaldo: el resultado es una colecci\u00f3n con un dise\u00f1o explosivo, un equilibrio perfecto entre fuerza y \u200b\u200bligereza que no descuide la comodidad de los asientos que pueden &#8230; <a title=\"Sof\u00e1 Spool 003\" class=\"read-more\" href=\"https:\/\/enlineabarcelona.com\/ca\/producto\/spool-sofa-003\/\" aria-label=\"M\u00e9s informaci\u00f3 sobre Sof\u00e1 Spool 003\">Llegiu m\u00e9s<\/a><\/p>\n","protected":false},"featured_media":8129,"comment_status":"closed","ping_status":"open","template":"","meta":{"_acf_changed":false},"product_cat":[251,278],"product_tag":[],"disenadores":[794],"marca":[70],"class_list":{"0":"post-14009","1":"product","2":"type-product","3":"status-publish","4":"has-post-thumbnail","6":"product_cat-exterior","7":"product_cat-sofas-exterior-exterior","8":"disenadores-rodolfo-dordoni","9":"marca-roda","10":"sales-flash-overlay","11":"woocommerce-text-align-center","12":"woocommerce-image-align-center","13":"do-quantity-buttons","14":"wc-has-gallery","16":"first","17":"instock","18":"product-type-simple"},"acf":[],"_links":{"self":[{"href":"https:\/\/enlineabarcelona.com\/ca\/wp-json\/wp\/v2\/product\/14009","targetHints":{"allow":["GET"]}}],"collection":[{"href":"https:\/\/enlineabarcelona.com\/ca\/wp-json\/wp\/v2\/product"}],"about":[{"href":"https:\/\/enlineabarcelona.com\/ca\/wp-json\/wp\/v2\/types\/product"}],"replies":[{"embeddable":true,"href":"https:\/\/enlineabarcelona.com\/ca\/wp-json\/wp\/v2\/comments?post=14009"}],"wp:featuredmedia":[{"embeddable":true,"href":"https:\/\/enlineabarcelona.com\/ca\/wp-json\/wp\/v2\/media\/8129"}],"wp:attachment":[{"href":"https:\/\/enlineabarcelona.com\/ca\/wp-json\/wp\/v2\/media?parent=14009"}],"wp:term":[{"taxonomy":"product_cat","embeddable":true,"href":"https:\/\/enlineabarcelona.com\/ca\/wp-json\/wp\/v2\/product_cat?post=14009"},{"taxonomy":"product_tag","embeddable":true,"href":"https:\/\/enlineabarcelona.com\/ca\/wp-json\/wp\/v2\/product_tag?post=14009"},{"taxonomy":"disenadores","embeddable":true,"href":"https:\/\/enlineabarcelona.com\/ca\/wp-json\/wp\/v2\/disenadores?post=14009"},{"taxonomy":"marca","embeddable":true,"href":"https:\/\/enlineabarcelona.com\/ca\/wp-json\/wp\/v2\/marca?post=14009"}],"curies":[{"name":"wp","href":"https:\/\/api.w.org\/{rel}","templated":true}]}}