{"id":14010,"date":"2025-10-27T11:16:55","date_gmt":"2025-10-27T11:16:55","guid":{"rendered":"https:\/\/enlineabarcelona.com\/producto\/sounlounger-surfer-001\/"},"modified":"2025-10-27T11:17:01","modified_gmt":"2025-10-27T11:17:01","slug":"sounlounger-surfer-001","status":"publish","type":"product","link":"https:\/\/enlineabarcelona.com\/ca\/producto\/sounlounger-surfer-001\/","title":{"rendered":"Tumbona Surfer 001"},"content":{"rendered":"\n<p>La tumbona de jard\u00edn en toda su comodidad y practicidad: gracias al respaldo totalmente reclinable y a la forma contempor\u00e1nea y sinuosa, SURFER es una colecci\u00f3n dise\u00f1ada para disfrutar de momentos de relax y ocio, tumbado junto a la piscina o en la orilla del mar. Formas racionales y armoniosas, con un atractivo inmediato, caracterizan este precioso mobiliario de exterior, pr\u00e1ctico y funcional gracias a la elecci\u00f3n de los materiales, la ligereza y la apilabilidad de la estructura. Las tumbonas y daybed RODA son un \u00abmust have\u00bb para el mobiliario de jard\u00edn, junto a la piscina o en cualquier zona exterior donde la palabra clave es relax. Las tumbonas y daybed pueden enriquecerse con cojines est\u00e1ndar o hidrodrenantes, para a\u00f1adir color y comodidad a cada momento de descanso. El cuidado en la fabricaci\u00f3n de los muebles de exterior de RODA se demuestra tambi\u00e9n en la atenci\u00f3n prestada a otros detalles funcionales de las tumbonas de teca o acero inoxidable, como las pr\u00e1cticas ruedas o las superficies de apoyo integradas.<\/p>\n","protected":false},"excerpt":{"rendered":"<p>La tumbona de jard\u00edn en toda su comodidad y practicidad: gracias al respaldo totalmente reclinable y a la forma contempor\u00e1nea y sinuosa, SURFER es una colecci\u00f3n dise\u00f1ada para disfrutar de momentos de relax y ocio, tumbado junto a la piscina o en la orilla del mar. Formas racionales y armoniosas, con un atractivo inmediato, caracterizan &#8230; <a title=\"Tumbona Surfer 001\" class=\"read-more\" href=\"https:\/\/enlineabarcelona.com\/ca\/producto\/sounlounger-surfer-001\/\" aria-label=\"M\u00e9s informaci\u00f3 sobre Tumbona Surfer 001\">Llegiu m\u00e9s<\/a><\/p>\n","protected":false},"featured_media":8151,"comment_status":"closed","ping_status":"open","template":"","meta":{"_acf_changed":false},"product_cat":[251,288],"product_tag":[],"disenadores":[832],"marca":[70],"class_list":{"0":"post-14010","1":"product","2":"type-product","3":"status-publish","4":"has-post-thumbnail","6":"product_cat-exterior","7":"product_cat-tumbonas","8":"disenadores-roda-studio","9":"marca-roda","10":"sales-flash-overlay","11":"woocommerce-text-align-center","12":"woocommerce-image-align-center","13":"do-quantity-buttons","14":"wc-has-gallery","16":"first","17":"instock","18":"purchasable","19":"product-type-simple"},"acf":[],"_links":{"self":[{"href":"https:\/\/enlineabarcelona.com\/ca\/wp-json\/wp\/v2\/product\/14010","targetHints":{"allow":["GET"]}}],"collection":[{"href":"https:\/\/enlineabarcelona.com\/ca\/wp-json\/wp\/v2\/product"}],"about":[{"href":"https:\/\/enlineabarcelona.com\/ca\/wp-json\/wp\/v2\/types\/product"}],"replies":[{"embeddable":true,"href":"https:\/\/enlineabarcelona.com\/ca\/wp-json\/wp\/v2\/comments?post=14010"}],"wp:featuredmedia":[{"embeddable":true,"href":"https:\/\/enlineabarcelona.com\/ca\/wp-json\/wp\/v2\/media\/8151"}],"wp:attachment":[{"href":"https:\/\/enlineabarcelona.com\/ca\/wp-json\/wp\/v2\/media?parent=14010"}],"wp:term":[{"taxonomy":"product_cat","embeddable":true,"href":"https:\/\/enlineabarcelona.com\/ca\/wp-json\/wp\/v2\/product_cat?post=14010"},{"taxonomy":"product_tag","embeddable":true,"href":"https:\/\/enlineabarcelona.com\/ca\/wp-json\/wp\/v2\/product_tag?post=14010"},{"taxonomy":"disenadores","embeddable":true,"href":"https:\/\/enlineabarcelona.com\/ca\/wp-json\/wp\/v2\/disenadores?post=14010"},{"taxonomy":"marca","embeddable":true,"href":"https:\/\/enlineabarcelona.com\/ca\/wp-json\/wp\/v2\/marca?post=14010"}],"curies":[{"name":"wp","href":"https:\/\/api.w.org\/{rel}","templated":true}]}}