{"id":14014,"date":"2025-10-27T11:16:55","date_gmt":"2025-10-27T11:16:55","guid":{"rendered":"https:\/\/enlineabarcelona.com\/producto\/palissade-table-s\/"},"modified":"2025-10-27T11:17:05","modified_gmt":"2025-10-27T11:17:05","slug":"palissade-table-s","status":"publish","type":"product","link":"https:\/\/enlineabarcelona.com\/ca\/producto\/palissade-table-s\/","title":{"rendered":"Mesa Palissade &#8211; S"},"content":{"rendered":"\n<p>Creado para su uso al aire libre, esta colecci\u00f3n equilibrada se compone de 13 diferentes tipos de muebles que comparten el mismo principio geom\u00e9trico. La colecci\u00f3n se ha desarrollado en el transcurso de dos a\u00f1os de Ronan y Erwan Bouroullec para Hay. Los dise\u00f1os finales est\u00e1n creados a partir de acero con recubrimiento de polvo e incluyen sillas de comedor, mesas, taburete, taburete de bar, banco, banco de comedor, sill\u00f3n y sof\u00e1. La colecci\u00f3n Palissade es visualmente ligera pero con fuerza; es cl\u00e1sica en la forma y de construcci\u00f3n sencilla. <\/p>\n\n\n\n<p><\/p>\n\n\n\n<p>Cada pieza individual ha sido cuidadosamente dise\u00f1ada para mantener el cuerpo en un equilibrio perfecto. Hay cambios casi imperceptibles, pero significativos en los \u00e1ngulos, curvas y la yuxtaposici\u00f3n entre el marco y las lamas en cada tipolog\u00eda es diferente. El dise\u00f1o en s\u00ed ofrece comodidad y elegancia, mientras que la paleta de colores de color gris claro, antracita o verde oliva permiten que las piezas est\u00e9n en un entorno de casa, en paisajes naturales y el medio urbano. La colecci\u00f3n Palissade tambi\u00e9n est\u00e1 disponible con un acabado galvanizado por inmersi\u00f3n en caliente, que ofrece una larga vida \u00fatil sin mantenimiento. La colecci\u00f3n se adapta perfectamente a terrazas dom\u00e9sticas, jardines, balcones, o ambientes al aire libre m\u00e1s comerciales como cafeter\u00edas, bares y restaurantes.<\/p>\n","protected":false},"excerpt":{"rendered":"<p>Creado para su uso al aire libre, esta colecci\u00f3n equilibrada se compone de 13 diferentes tipos de muebles que comparten el mismo principio geom\u00e9trico. La colecci\u00f3n se ha desarrollado en el transcurso de dos a\u00f1os de Ronan y Erwan Bouroullec para Hay. Los dise\u00f1os finales est\u00e1n creados a partir de acero con recubrimiento de polvo &#8230; <a title=\"Mesa Palissade &#8211; S\" class=\"read-more\" href=\"https:\/\/enlineabarcelona.com\/ca\/producto\/palissade-table-s\/\" aria-label=\"M\u00e9s informaci\u00f3 sobre Mesa Palissade &#8211; S\">Llegiu m\u00e9s<\/a><\/p>\n","protected":false},"featured_media":8257,"comment_status":"closed","ping_status":"open","template":"","meta":{"_acf_changed":false},"product_cat":[251,294],"product_tag":[],"disenadores":[783],"marca":[35],"class_list":{"0":"post-14014","1":"product","2":"type-product","3":"status-publish","4":"has-post-thumbnail","6":"product_cat-exterior","7":"product_cat-mesas-exterior","8":"disenadores-ronan-erwan-bouroullec","9":"marca-hay","10":"sales-flash-overlay","11":"woocommerce-text-align-center","12":"woocommerce-image-align-center","13":"do-quantity-buttons","14":"wc-has-gallery","16":"first","17":"instock","18":"purchasable","19":"product-type-simple"},"acf":[],"_links":{"self":[{"href":"https:\/\/enlineabarcelona.com\/ca\/wp-json\/wp\/v2\/product\/14014","targetHints":{"allow":["GET"]}}],"collection":[{"href":"https:\/\/enlineabarcelona.com\/ca\/wp-json\/wp\/v2\/product"}],"about":[{"href":"https:\/\/enlineabarcelona.com\/ca\/wp-json\/wp\/v2\/types\/product"}],"replies":[{"embeddable":true,"href":"https:\/\/enlineabarcelona.com\/ca\/wp-json\/wp\/v2\/comments?post=14014"}],"wp:featuredmedia":[{"embeddable":true,"href":"https:\/\/enlineabarcelona.com\/ca\/wp-json\/wp\/v2\/media\/8257"}],"wp:attachment":[{"href":"https:\/\/enlineabarcelona.com\/ca\/wp-json\/wp\/v2\/media?parent=14014"}],"wp:term":[{"taxonomy":"product_cat","embeddable":true,"href":"https:\/\/enlineabarcelona.com\/ca\/wp-json\/wp\/v2\/product_cat?post=14014"},{"taxonomy":"product_tag","embeddable":true,"href":"https:\/\/enlineabarcelona.com\/ca\/wp-json\/wp\/v2\/product_tag?post=14014"},{"taxonomy":"disenadores","embeddable":true,"href":"https:\/\/enlineabarcelona.com\/ca\/wp-json\/wp\/v2\/disenadores?post=14014"},{"taxonomy":"marca","embeddable":true,"href":"https:\/\/enlineabarcelona.com\/ca\/wp-json\/wp\/v2\/marca?post=14014"}],"curies":[{"name":"wp","href":"https:\/\/api.w.org\/{rel}","templated":true}]}}