{"id":14017,"date":"2025-10-27T11:16:55","date_gmt":"2025-10-27T11:16:55","guid":{"rendered":"https:\/\/enlineabarcelona.com\/producto\/bertoia-side-chair-outdoor\/"},"modified":"2025-10-27T11:17:08","modified_gmt":"2025-10-27T11:17:08","slug":"bertoia-side-chair-outdoor","status":"publish","type":"product","link":"https:\/\/enlineabarcelona.com\/ca\/producto\/bertoia-side-chair-outdoor\/","title":{"rendered":"Silla Bertoia Side Exterior"},"content":{"rendered":"\n<p>La silla auxiliar delicadamente industrial de Harry Bertoia se encuentra entre los logros m\u00e1s reconocidos del dise\u00f1o moderno de mediados de siglo. Al igual que Saarinen y Mies, Bertoia encontr\u00f3 una gracia sublime en un material industrial, elev\u00e1ndolo m\u00e1s all\u00e1 de su utilidad normal hasta convertirlo en una obra de arte. El marco es una construcci\u00f3n de acero soldado con varillas en Rilsan, un acabado ba\u00f1ado en nailon fundido muy duradero y adhesivo. Resistente a rayones, astillas y productos qu\u00edmicos.<\/p>\n\n\n\n<p><\/p>\n","protected":false},"excerpt":{"rendered":"<p>La silla auxiliar delicadamente industrial de Harry Bertoia se encuentra entre los logros m\u00e1s reconocidos del dise\u00f1o moderno de mediados de siglo. Al igual que Saarinen y Mies, Bertoia encontr\u00f3 una gracia sublime en un material industrial, elev\u00e1ndolo m\u00e1s all\u00e1 de su utilidad normal hasta convertirlo en una obra de arte. El marco es una &#8230; <a title=\"Silla Bertoia Side Exterior\" class=\"read-more\" href=\"https:\/\/enlineabarcelona.com\/ca\/producto\/bertoia-side-chair-outdoor\/\" aria-label=\"M\u00e9s informaci\u00f3 sobre Silla Bertoia Side Exterior\">Llegiu m\u00e9s<\/a><\/p>\n","protected":false},"featured_media":8323,"comment_status":"closed","ping_status":"open","template":"","meta":{"_acf_changed":false},"product_cat":[251,284],"product_tag":[],"disenadores":[743],"marca":[72],"class_list":{"0":"post-14017","1":"product","2":"type-product","3":"status-publish","4":"has-post-thumbnail","6":"product_cat-exterior","7":"product_cat-sillas-exterior","8":"disenadores-harry-bertoia","9":"marca-knoll","10":"sales-flash-overlay","11":"woocommerce-text-align-center","12":"woocommerce-image-align-center","13":"do-quantity-buttons","14":"wc-has-gallery","16":"first","17":"instock","18":"purchasable","19":"product-type-simple"},"acf":[],"_links":{"self":[{"href":"https:\/\/enlineabarcelona.com\/ca\/wp-json\/wp\/v2\/product\/14017","targetHints":{"allow":["GET"]}}],"collection":[{"href":"https:\/\/enlineabarcelona.com\/ca\/wp-json\/wp\/v2\/product"}],"about":[{"href":"https:\/\/enlineabarcelona.com\/ca\/wp-json\/wp\/v2\/types\/product"}],"replies":[{"embeddable":true,"href":"https:\/\/enlineabarcelona.com\/ca\/wp-json\/wp\/v2\/comments?post=14017"}],"wp:featuredmedia":[{"embeddable":true,"href":"https:\/\/enlineabarcelona.com\/ca\/wp-json\/wp\/v2\/media\/8323"}],"wp:attachment":[{"href":"https:\/\/enlineabarcelona.com\/ca\/wp-json\/wp\/v2\/media?parent=14017"}],"wp:term":[{"taxonomy":"product_cat","embeddable":true,"href":"https:\/\/enlineabarcelona.com\/ca\/wp-json\/wp\/v2\/product_cat?post=14017"},{"taxonomy":"product_tag","embeddable":true,"href":"https:\/\/enlineabarcelona.com\/ca\/wp-json\/wp\/v2\/product_tag?post=14017"},{"taxonomy":"disenadores","embeddable":true,"href":"https:\/\/enlineabarcelona.com\/ca\/wp-json\/wp\/v2\/disenadores?post=14017"},{"taxonomy":"marca","embeddable":true,"href":"https:\/\/enlineabarcelona.com\/ca\/wp-json\/wp\/v2\/marca?post=14017"}],"curies":[{"name":"wp","href":"https:\/\/api.w.org\/{rel}","templated":true}]}}