{"id":14021,"date":"2025-10-27T11:17:12","date_gmt":"2025-10-27T11:17:12","guid":{"rendered":"https:\/\/enlineabarcelona.com\/producto\/saarinen-mesa-comedor-exterior-42\/"},"modified":"2025-10-27T11:17:13","modified_gmt":"2025-10-27T11:17:13","slug":"saarinen-mesa-comedor-exterior-42","status":"publish","type":"product","link":"https:\/\/enlineabarcelona.com\/ca\/producto\/saarinen-mesa-comedor-exterior-42\/","title":{"rendered":"Mesa Saarinen Comedor Exterior \u2013 42\u2033"},"content":{"rendered":"\n<p>Con la colecci\u00f3n Pedestal, Eero Saarinen resolvi\u00f3 el &#8220;mundo feo, confuso e inquietante&#8221; debajo de mesas y sillas. La colecci\u00f3n es un logro definitorio del dise\u00f1o moderno. Los herrajes y materiales para todo tipo de clima preparan la mesa cl\u00e1sica Saarinen para una vida al aire libre: un punto focal moderno para cualquier entorno al aire libre.<\/p>\n","protected":false},"excerpt":{"rendered":"<p>Con la colecci\u00f3n Pedestal, Eero Saarinen resolvi\u00f3 el &#8220;mundo feo, confuso e inquietante&#8221; debajo de mesas y sillas. La colecci\u00f3n es un logro definitorio del dise\u00f1o moderno. Los herrajes y materiales para todo tipo de clima preparan la mesa cl\u00e1sica Saarinen para una vida al aire libre: un punto focal moderno para cualquier entorno al &#8230; <a title=\"Mesa Saarinen Comedor Exterior \u2013 42\u2033\" class=\"read-more\" href=\"https:\/\/enlineabarcelona.com\/ca\/producto\/saarinen-mesa-comedor-exterior-42\/\" aria-label=\"M\u00e9s informaci\u00f3 sobre Mesa Saarinen Comedor Exterior \u2013 42\u2033\">Llegiu m\u00e9s<\/a><\/p>\n","protected":false},"featured_media":8396,"comment_status":"closed","ping_status":"open","template":"","meta":{"_acf_changed":false},"product_cat":[251,294],"product_tag":[],"disenadores":[742],"marca":[72],"class_list":{"0":"post-14021","1":"product","2":"type-product","3":"status-publish","4":"has-post-thumbnail","6":"product_cat-exterior","7":"product_cat-mesas-exterior","8":"disenadores-eero-saarinen","9":"marca-knoll","10":"sales-flash-overlay","11":"woocommerce-text-align-center","12":"woocommerce-image-align-center","13":"do-quantity-buttons","14":"wc-has-gallery","16":"first","17":"instock","18":"purchasable","19":"product-type-simple"},"acf":[],"_links":{"self":[{"href":"https:\/\/enlineabarcelona.com\/ca\/wp-json\/wp\/v2\/product\/14021","targetHints":{"allow":["GET"]}}],"collection":[{"href":"https:\/\/enlineabarcelona.com\/ca\/wp-json\/wp\/v2\/product"}],"about":[{"href":"https:\/\/enlineabarcelona.com\/ca\/wp-json\/wp\/v2\/types\/product"}],"replies":[{"embeddable":true,"href":"https:\/\/enlineabarcelona.com\/ca\/wp-json\/wp\/v2\/comments?post=14021"}],"wp:featuredmedia":[{"embeddable":true,"href":"https:\/\/enlineabarcelona.com\/ca\/wp-json\/wp\/v2\/media\/8396"}],"wp:attachment":[{"href":"https:\/\/enlineabarcelona.com\/ca\/wp-json\/wp\/v2\/media?parent=14021"}],"wp:term":[{"taxonomy":"product_cat","embeddable":true,"href":"https:\/\/enlineabarcelona.com\/ca\/wp-json\/wp\/v2\/product_cat?post=14021"},{"taxonomy":"product_tag","embeddable":true,"href":"https:\/\/enlineabarcelona.com\/ca\/wp-json\/wp\/v2\/product_tag?post=14021"},{"taxonomy":"disenadores","embeddable":true,"href":"https:\/\/enlineabarcelona.com\/ca\/wp-json\/wp\/v2\/disenadores?post=14021"},{"taxonomy":"marca","embeddable":true,"href":"https:\/\/enlineabarcelona.com\/ca\/wp-json\/wp\/v2\/marca?post=14021"}],"curies":[{"name":"wp","href":"https:\/\/api.w.org\/{rel}","templated":true}]}}