{"id":14022,"date":"2025-10-27T11:17:12","date_gmt":"2025-10-27T11:17:12","guid":{"rendered":"https:\/\/enlineabarcelona.com\/producto\/flowerpot-vp10\/"},"modified":"2025-10-27T11:17:14","modified_gmt":"2025-10-27T11:17:14","slug":"flowerpot-vp10","status":"publish","type":"product","link":"https:\/\/enlineabarcelona.com\/ca\/producto\/flowerpot-vp10\/","title":{"rendered":"L\u00e1mpara Flowerpot VP10"},"content":{"rendered":"\n<p>L\u00e1mpara de suspensi\u00f3n. Una parte querida de la colecci\u00f3n de &amp;Tradition desde 2010, el colgante Flowerpot ahora est\u00e1 disponible en un nuevo tama\u00f1o m\u00e1s peque\u00f1o. Con un di\u00e1metro de 16 cm, viene en los 14 colores disponibles, junto con la reedici\u00f3n de un dise\u00f1o original de Panton que presenta un patr\u00f3n de ondas en blanco y negro.<\/p>\n","protected":false},"excerpt":{"rendered":"<p>L\u00e1mpara de suspensi\u00f3n. Una parte querida de la colecci\u00f3n de &amp;Tradition desde 2010, el colgante Flowerpot ahora est\u00e1 disponible en un nuevo tama\u00f1o m\u00e1s peque\u00f1o. Con un di\u00e1metro de 16 cm, viene en los 14 colores disponibles, junto con la reedici\u00f3n de un dise\u00f1o original de Panton que presenta un patr\u00f3n de ondas en blanco &#8230; <a title=\"L\u00e1mpara Flowerpot VP10\" class=\"read-more\" href=\"https:\/\/enlineabarcelona.com\/ca\/producto\/flowerpot-vp10\/\" aria-label=\"M\u00e9s informaci\u00f3 sobre L\u00e1mpara Flowerpot VP10\">Llegiu m\u00e9s<\/a><\/p>\n","protected":false},"featured_media":8409,"comment_status":"closed","ping_status":"open","template":"","meta":{"_acf_changed":false},"product_cat":[1156,1197],"product_tag":[],"disenadores":[1162],"marca":[1152],"class_list":{"0":"post-14022","1":"product","2":"type-product","3":"status-publish","4":"has-post-thumbnail","6":"product_cat-iluminacion","7":"product_cat-lamparas-de-suspension","8":"disenadores-verner-panton","9":"marca-andtradition","10":"sales-flash-overlay","11":"woocommerce-text-align-center","12":"woocommerce-image-align-center","13":"do-quantity-buttons","14":"wc-has-gallery","16":"first","17":"instock","18":"purchasable","19":"product-type-simple"},"acf":[],"_links":{"self":[{"href":"https:\/\/enlineabarcelona.com\/ca\/wp-json\/wp\/v2\/product\/14022","targetHints":{"allow":["GET"]}}],"collection":[{"href":"https:\/\/enlineabarcelona.com\/ca\/wp-json\/wp\/v2\/product"}],"about":[{"href":"https:\/\/enlineabarcelona.com\/ca\/wp-json\/wp\/v2\/types\/product"}],"replies":[{"embeddable":true,"href":"https:\/\/enlineabarcelona.com\/ca\/wp-json\/wp\/v2\/comments?post=14022"}],"wp:featuredmedia":[{"embeddable":true,"href":"https:\/\/enlineabarcelona.com\/ca\/wp-json\/wp\/v2\/media\/8409"}],"wp:attachment":[{"href":"https:\/\/enlineabarcelona.com\/ca\/wp-json\/wp\/v2\/media?parent=14022"}],"wp:term":[{"taxonomy":"product_cat","embeddable":true,"href":"https:\/\/enlineabarcelona.com\/ca\/wp-json\/wp\/v2\/product_cat?post=14022"},{"taxonomy":"product_tag","embeddable":true,"href":"https:\/\/enlineabarcelona.com\/ca\/wp-json\/wp\/v2\/product_tag?post=14022"},{"taxonomy":"disenadores","embeddable":true,"href":"https:\/\/enlineabarcelona.com\/ca\/wp-json\/wp\/v2\/disenadores?post=14022"},{"taxonomy":"marca","embeddable":true,"href":"https:\/\/enlineabarcelona.com\/ca\/wp-json\/wp\/v2\/marca?post=14022"}],"curies":[{"name":"wp","href":"https:\/\/api.w.org\/{rel}","templated":true}]}}