{"id":14023,"date":"2025-10-27T11:17:12","date_gmt":"2025-10-27T11:17:12","guid":{"rendered":"https:\/\/enlineabarcelona.com\/producto\/montera-jh42\/"},"modified":"2025-10-27T11:17:15","modified_gmt":"2025-10-27T11:17:15","slug":"montera-jh42","status":"publish","type":"product","link":"https:\/\/enlineabarcelona.com\/ca\/producto\/montera-jh42\/","title":{"rendered":"L\u00e1mpara Montera JH42"},"content":{"rendered":"\n<p>La l\u00e1mpara de sobremesa Montera, creada por el artista y dise\u00f1ador internacional Jaime Hayon, fusiona perfectamente pasado y presente. Montera rinde homenaje al patrimonio de Espa\u00f1a, mostrando una clara correlaci\u00f3n con el estilo tradicional y la pompa del pa\u00eds; tanto el nombre como la silueta de Montera derivan del sombrero de torero del ic\u00f3nico Matador. El uso caracter\u00edstico del color de Hayon se destaca, con dos variantes cautivadoras: Bosque y Cielo, y \u00c1mbar y Rub\u00ed.<\/p>\n","protected":false},"excerpt":{"rendered":"<p>La l\u00e1mpara de sobremesa Montera, creada por el artista y dise\u00f1ador internacional Jaime Hayon, fusiona perfectamente pasado y presente. Montera rinde homenaje al patrimonio de Espa\u00f1a, mostrando una clara correlaci\u00f3n con el estilo tradicional y la pompa del pa\u00eds; tanto el nombre como la silueta de Montera derivan del sombrero de torero del ic\u00f3nico Matador. &#8230; <a title=\"L\u00e1mpara Montera JH42\" class=\"read-more\" href=\"https:\/\/enlineabarcelona.com\/ca\/producto\/montera-jh42\/\" aria-label=\"M\u00e9s informaci\u00f3 sobre L\u00e1mpara Montera JH42\">Llegiu m\u00e9s<\/a><\/p>\n","protected":false},"featured_media":8434,"comment_status":"closed","ping_status":"open","template":"","meta":{"_acf_changed":false},"product_cat":[1156,1198],"product_tag":[],"disenadores":[],"marca":[1152],"class_list":{"0":"post-14023","1":"product","2":"type-product","3":"status-publish","4":"has-post-thumbnail","6":"product_cat-iluminacion","7":"product_cat-lamparas-de-sobremesa","8":"marca-andtradition","9":"sales-flash-overlay","10":"woocommerce-text-align-center","11":"woocommerce-image-align-center","12":"do-quantity-buttons","13":"wc-has-gallery","15":"first","16":"instock","17":"purchasable","18":"product-type-simple"},"acf":[],"_links":{"self":[{"href":"https:\/\/enlineabarcelona.com\/ca\/wp-json\/wp\/v2\/product\/14023","targetHints":{"allow":["GET"]}}],"collection":[{"href":"https:\/\/enlineabarcelona.com\/ca\/wp-json\/wp\/v2\/product"}],"about":[{"href":"https:\/\/enlineabarcelona.com\/ca\/wp-json\/wp\/v2\/types\/product"}],"replies":[{"embeddable":true,"href":"https:\/\/enlineabarcelona.com\/ca\/wp-json\/wp\/v2\/comments?post=14023"}],"wp:featuredmedia":[{"embeddable":true,"href":"https:\/\/enlineabarcelona.com\/ca\/wp-json\/wp\/v2\/media\/8434"}],"wp:attachment":[{"href":"https:\/\/enlineabarcelona.com\/ca\/wp-json\/wp\/v2\/media?parent=14023"}],"wp:term":[{"taxonomy":"product_cat","embeddable":true,"href":"https:\/\/enlineabarcelona.com\/ca\/wp-json\/wp\/v2\/product_cat?post=14023"},{"taxonomy":"product_tag","embeddable":true,"href":"https:\/\/enlineabarcelona.com\/ca\/wp-json\/wp\/v2\/product_tag?post=14023"},{"taxonomy":"disenadores","embeddable":true,"href":"https:\/\/enlineabarcelona.com\/ca\/wp-json\/wp\/v2\/disenadores?post=14023"},{"taxonomy":"marca","embeddable":true,"href":"https:\/\/enlineabarcelona.com\/ca\/wp-json\/wp\/v2\/marca?post=14023"}],"curies":[{"name":"wp","href":"https:\/\/api.w.org\/{rel}","templated":true}]}}