{"id":14024,"date":"2025-10-27T11:17:12","date_gmt":"2025-10-27T11:17:12","guid":{"rendered":"https:\/\/enlineabarcelona.com\/producto\/pivot-atd7\/"},"modified":"2025-10-27T11:17:16","modified_gmt":"2025-10-27T11:17:16","slug":"pivot-atd7","status":"publish","type":"product","link":"https:\/\/enlineabarcelona.com\/ca\/producto\/pivot-atd7\/","title":{"rendered":"L\u00e1mpara port\u00e1til Pivot ATD7"},"content":{"rendered":"\n<p>L\u00e1mpara port\u00e1til. En el coraz\u00f3n del dise\u00f1o de Pivot est\u00e1 la interacci\u00f3n entre la luz natural y la artificial. La pantalla geom\u00e9trica de la l\u00e1mpara est\u00e1 posicionada a un \u00e1ngulo de 45 grados respecto a la base, creando una suave difusi\u00f3n que emula el c\u00e1lido resplandor de una vela moderna. El resultado es una hermosa luz que irradia un ambiente acogedor, transformando el estado de \u00e1nimo de un entorno con solo tocar un bot\u00f3n.<\/p>\n","protected":false},"excerpt":{"rendered":"<p>L\u00e1mpara port\u00e1til. En el coraz\u00f3n del dise\u00f1o de Pivot est\u00e1 la interacci\u00f3n entre la luz natural y la artificial. La pantalla geom\u00e9trica de la l\u00e1mpara est\u00e1 posicionada a un \u00e1ngulo de 45 grados respecto a la base, creando una suave difusi\u00f3n que emula el c\u00e1lido resplandor de una vela moderna. El resultado es una hermosa &#8230; <a title=\"L\u00e1mpara port\u00e1til Pivot ATD7\" class=\"read-more\" href=\"https:\/\/enlineabarcelona.com\/ca\/producto\/pivot-atd7\/\" aria-label=\"M\u00e9s informaci\u00f3 sobre L\u00e1mpara port\u00e1til Pivot ATD7\">Llegiu m\u00e9s<\/a><\/p>\n","protected":false},"featured_media":8462,"comment_status":"closed","ping_status":"open","template":"","meta":{"_acf_changed":false},"product_cat":[1156],"product_tag":[],"disenadores":[784],"marca":[1152],"class_list":{"0":"post-14024","1":"product","2":"type-product","3":"status-publish","4":"has-post-thumbnail","6":"product_cat-iluminacion","7":"disenadores-tradition","8":"marca-andtradition","9":"sales-flash-overlay","10":"woocommerce-text-align-center","11":"woocommerce-image-align-center","12":"do-quantity-buttons","13":"wc-has-gallery","15":"first","16":"instock","17":"purchasable","18":"product-type-simple"},"acf":[],"_links":{"self":[{"href":"https:\/\/enlineabarcelona.com\/ca\/wp-json\/wp\/v2\/product\/14024","targetHints":{"allow":["GET"]}}],"collection":[{"href":"https:\/\/enlineabarcelona.com\/ca\/wp-json\/wp\/v2\/product"}],"about":[{"href":"https:\/\/enlineabarcelona.com\/ca\/wp-json\/wp\/v2\/types\/product"}],"replies":[{"embeddable":true,"href":"https:\/\/enlineabarcelona.com\/ca\/wp-json\/wp\/v2\/comments?post=14024"}],"wp:featuredmedia":[{"embeddable":true,"href":"https:\/\/enlineabarcelona.com\/ca\/wp-json\/wp\/v2\/media\/8462"}],"wp:attachment":[{"href":"https:\/\/enlineabarcelona.com\/ca\/wp-json\/wp\/v2\/media?parent=14024"}],"wp:term":[{"taxonomy":"product_cat","embeddable":true,"href":"https:\/\/enlineabarcelona.com\/ca\/wp-json\/wp\/v2\/product_cat?post=14024"},{"taxonomy":"product_tag","embeddable":true,"href":"https:\/\/enlineabarcelona.com\/ca\/wp-json\/wp\/v2\/product_tag?post=14024"},{"taxonomy":"disenadores","embeddable":true,"href":"https:\/\/enlineabarcelona.com\/ca\/wp-json\/wp\/v2\/disenadores?post=14024"},{"taxonomy":"marca","embeddable":true,"href":"https:\/\/enlineabarcelona.com\/ca\/wp-json\/wp\/v2\/marca?post=14024"}],"curies":[{"name":"wp","href":"https:\/\/api.w.org\/{rel}","templated":true}]}}