{"id":14025,"date":"2025-10-27T11:17:12","date_gmt":"2025-10-27T11:17:12","guid":{"rendered":"https:\/\/enlineabarcelona.com\/producto\/colette-atd6\/"},"modified":"2025-10-27T11:17:16","modified_gmt":"2025-10-27T11:17:16","slug":"colette-atd6","status":"publish","type":"product","link":"https:\/\/enlineabarcelona.com\/ca\/producto\/colette-atd6\/","title":{"rendered":"L\u00e1mpara Colette ATD6"},"content":{"rendered":"\n<p>L\u00e1mpara de sobremesa. Nombrada en honor a la c\u00e9lebre y pionera autora francesa conocida simplemente como &#8216;Colette&#8217;, la nueva l\u00e1mpara de mesa de &amp;Tradition presenta una est\u00e9tica vanguardista. Exhibiendo una pantalla y base t\u00e1ctiles, esta l\u00e1mpara regulable es elegante, fresca y juguetona.<\/p>\n","protected":false},"excerpt":{"rendered":"<p>L\u00e1mpara de sobremesa. Nombrada en honor a la c\u00e9lebre y pionera autora francesa conocida simplemente como &#8216;Colette&#8217;, la nueva l\u00e1mpara de mesa de &amp;Tradition presenta una est\u00e9tica vanguardista. Exhibiendo una pantalla y base t\u00e1ctiles, esta l\u00e1mpara regulable es elegante, fresca y juguetona.<\/p>\n","protected":false},"featured_media":8475,"comment_status":"closed","ping_status":"open","template":"","meta":{"_acf_changed":false},"product_cat":[1156,1198],"product_tag":[],"disenadores":[784],"marca":[1152],"class_list":{"0":"post-14025","1":"product","2":"type-product","3":"status-publish","4":"has-post-thumbnail","6":"product_cat-iluminacion","7":"product_cat-lamparas-de-sobremesa","8":"disenadores-tradition","9":"marca-andtradition","10":"sales-flash-overlay","11":"woocommerce-text-align-center","12":"woocommerce-image-align-center","13":"do-quantity-buttons","14":"wc-has-gallery","16":"first","17":"instock","18":"purchasable","19":"product-type-simple"},"acf":[],"_links":{"self":[{"href":"https:\/\/enlineabarcelona.com\/ca\/wp-json\/wp\/v2\/product\/14025","targetHints":{"allow":["GET"]}}],"collection":[{"href":"https:\/\/enlineabarcelona.com\/ca\/wp-json\/wp\/v2\/product"}],"about":[{"href":"https:\/\/enlineabarcelona.com\/ca\/wp-json\/wp\/v2\/types\/product"}],"replies":[{"embeddable":true,"href":"https:\/\/enlineabarcelona.com\/ca\/wp-json\/wp\/v2\/comments?post=14025"}],"wp:featuredmedia":[{"embeddable":true,"href":"https:\/\/enlineabarcelona.com\/ca\/wp-json\/wp\/v2\/media\/8475"}],"wp:attachment":[{"href":"https:\/\/enlineabarcelona.com\/ca\/wp-json\/wp\/v2\/media?parent=14025"}],"wp:term":[{"taxonomy":"product_cat","embeddable":true,"href":"https:\/\/enlineabarcelona.com\/ca\/wp-json\/wp\/v2\/product_cat?post=14025"},{"taxonomy":"product_tag","embeddable":true,"href":"https:\/\/enlineabarcelona.com\/ca\/wp-json\/wp\/v2\/product_tag?post=14025"},{"taxonomy":"disenadores","embeddable":true,"href":"https:\/\/enlineabarcelona.com\/ca\/wp-json\/wp\/v2\/disenadores?post=14025"},{"taxonomy":"marca","embeddable":true,"href":"https:\/\/enlineabarcelona.com\/ca\/wp-json\/wp\/v2\/marca?post=14025"}],"curies":[{"name":"wp","href":"https:\/\/api.w.org\/{rel}","templated":true}]}}