{"id":14026,"date":"2025-10-27T11:17:12","date_gmt":"2025-10-27T11:17:12","guid":{"rendered":"https:\/\/enlineabarcelona.com\/producto\/herman-shy3\/"},"modified":"2025-10-27T11:17:18","modified_gmt":"2025-10-27T11:17:18","slug":"herman-shy3","status":"publish","type":"product","link":"https:\/\/enlineabarcelona.com\/ca\/producto\/herman-shy3\/","title":{"rendered":"L\u00e1mpara Herman SHY3"},"content":{"rendered":"\n<p>L\u00e1mpara de sobremesa. Nombrada en honor a Herman Bang, la l\u00e1mpara Herman es un tributo al duradero legado art\u00edstico del notable autor dan\u00e9s y a la forma en que llev\u00f3 su vida. Considerado un pionero que arroj\u00f3 luz sobre temas oscuros que la sociedad optaba por ignorar, Bang se convirti\u00f3 en una figura clave en la Moderna Renovaci\u00f3n. Al igual que sus historias, la l\u00e1mpara Herman ofrece un peque\u00f1o faro de luz con una cualidad literaria.<\/p>\n","protected":false},"excerpt":{"rendered":"<p>L\u00e1mpara de sobremesa. Nombrada en honor a Herman Bang, la l\u00e1mpara Herman es un tributo al duradero legado art\u00edstico del notable autor dan\u00e9s y a la forma en que llev\u00f3 su vida. Considerado un pionero que arroj\u00f3 luz sobre temas oscuros que la sociedad optaba por ignorar, Bang se convirti\u00f3 en una figura clave en &#8230; <a title=\"L\u00e1mpara Herman SHY3\" class=\"read-more\" href=\"https:\/\/enlineabarcelona.com\/ca\/producto\/herman-shy3\/\" aria-label=\"M\u00e9s informaci\u00f3 sobre L\u00e1mpara Herman SHY3\">Llegiu m\u00e9s<\/a><\/p>\n","protected":false},"featured_media":8515,"comment_status":"closed","ping_status":"open","template":"","meta":{"_acf_changed":false},"product_cat":[1156],"product_tag":[],"disenadores":[811],"marca":[1152],"class_list":{"0":"post-14026","1":"product","2":"type-product","3":"status-publish","4":"has-post-thumbnail","6":"product_cat-iluminacion","7":"disenadores-signe-hytte","8":"marca-andtradition","9":"sales-flash-overlay","10":"woocommerce-text-align-center","11":"woocommerce-image-align-center","12":"do-quantity-buttons","13":"wc-has-gallery","15":"first","16":"instock","17":"purchasable","18":"product-type-simple"},"acf":[],"_links":{"self":[{"href":"https:\/\/enlineabarcelona.com\/ca\/wp-json\/wp\/v2\/product\/14026","targetHints":{"allow":["GET"]}}],"collection":[{"href":"https:\/\/enlineabarcelona.com\/ca\/wp-json\/wp\/v2\/product"}],"about":[{"href":"https:\/\/enlineabarcelona.com\/ca\/wp-json\/wp\/v2\/types\/product"}],"replies":[{"embeddable":true,"href":"https:\/\/enlineabarcelona.com\/ca\/wp-json\/wp\/v2\/comments?post=14026"}],"wp:featuredmedia":[{"embeddable":true,"href":"https:\/\/enlineabarcelona.com\/ca\/wp-json\/wp\/v2\/media\/8515"}],"wp:attachment":[{"href":"https:\/\/enlineabarcelona.com\/ca\/wp-json\/wp\/v2\/media?parent=14026"}],"wp:term":[{"taxonomy":"product_cat","embeddable":true,"href":"https:\/\/enlineabarcelona.com\/ca\/wp-json\/wp\/v2\/product_cat?post=14026"},{"taxonomy":"product_tag","embeddable":true,"href":"https:\/\/enlineabarcelona.com\/ca\/wp-json\/wp\/v2\/product_tag?post=14026"},{"taxonomy":"disenadores","embeddable":true,"href":"https:\/\/enlineabarcelona.com\/ca\/wp-json\/wp\/v2\/disenadores?post=14026"},{"taxonomy":"marca","embeddable":true,"href":"https:\/\/enlineabarcelona.com\/ca\/wp-json\/wp\/v2\/marca?post=14026"}],"curies":[{"name":"wp","href":"https:\/\/api.w.org\/{rel}","templated":true}]}}