{"id":14028,"date":"2025-10-27T11:17:12","date_gmt":"2025-10-27T11:17:12","guid":{"rendered":"https:\/\/enlineabarcelona.com\/producto\/ceramique-down\/"},"modified":"2025-10-27T11:17:19","modified_gmt":"2025-10-27T11:17:19","slug":"ceramique-down","status":"publish","type":"product","link":"https:\/\/enlineabarcelona.com\/ca\/producto\/ceramique-down\/","title":{"rendered":"L\u00e1mpara C\u00e9ramique Down"},"content":{"rendered":"\n<p>La colecci\u00f3n de l\u00e1mparas \u00ab C\u00e9ramique \u00bb fue dise\u00f1ada por Ronan Bouroullec para Flos. \u00c9sta l\u00e1mpara es la expresi\u00f3n pura de un material, la uni\u00f3n de las manos de un dise\u00f1ador que sabe crear poes\u00eda visual y el saber hacer de una empresa que puede convertirlo en un objeto. El ic\u00f3nico cuerpo de cer\u00e1mica de la l\u00e1mpara presenta un acabado cristalino lacado sin plomo que complementa su superficie artesanal. Difusor blanco de policarbonato. C\u00e9ramique combina elegancia y artesan\u00eda con una iluminaci\u00f3n vers\u00e1til. Con un dise\u00f1o duradero y atenci\u00f3n al detalle, esta colecci\u00f3n realza la belleza de la cer\u00e1mica e impulsa la eficiencia energ\u00e9tica.<\/p>\n","protected":false},"excerpt":{"rendered":"<p>La colecci\u00f3n de l\u00e1mparas \u00ab C\u00e9ramique \u00bb fue dise\u00f1ada por Ronan Bouroullec para Flos. \u00c9sta l\u00e1mpara es la expresi\u00f3n pura de un material, la uni\u00f3n de las manos de un dise\u00f1ador que sabe crear poes\u00eda visual y el saber hacer de una empresa que puede convertirlo en un objeto. El ic\u00f3nico cuerpo de cer\u00e1mica de &#8230; <a title=\"L\u00e1mpara C\u00e9ramique Down\" class=\"read-more\" href=\"https:\/\/enlineabarcelona.com\/ca\/producto\/ceramique-down\/\" aria-label=\"M\u00e9s informaci\u00f3 sobre L\u00e1mpara C\u00e9ramique Down\">Llegiu m\u00e9s<\/a><\/p>\n","protected":false},"featured_media":8547,"comment_status":"closed","ping_status":"open","template":"","meta":{"_acf_changed":false},"product_cat":[1156,1198],"product_tag":[],"disenadores":[820],"marca":[],"class_list":{"0":"post-14028","1":"product","2":"type-product","3":"status-publish","4":"has-post-thumbnail","6":"product_cat-iluminacion","7":"product_cat-lamparas-de-sobremesa","8":"disenadores-ronan-bouroullec","9":"sales-flash-overlay","10":"woocommerce-text-align-center","11":"woocommerce-image-align-center","12":"do-quantity-buttons","13":"wc-has-gallery","15":"first","16":"instock","17":"purchasable","18":"product-type-simple"},"acf":[],"_links":{"self":[{"href":"https:\/\/enlineabarcelona.com\/ca\/wp-json\/wp\/v2\/product\/14028","targetHints":{"allow":["GET"]}}],"collection":[{"href":"https:\/\/enlineabarcelona.com\/ca\/wp-json\/wp\/v2\/product"}],"about":[{"href":"https:\/\/enlineabarcelona.com\/ca\/wp-json\/wp\/v2\/types\/product"}],"replies":[{"embeddable":true,"href":"https:\/\/enlineabarcelona.com\/ca\/wp-json\/wp\/v2\/comments?post=14028"}],"wp:featuredmedia":[{"embeddable":true,"href":"https:\/\/enlineabarcelona.com\/ca\/wp-json\/wp\/v2\/media\/8547"}],"wp:attachment":[{"href":"https:\/\/enlineabarcelona.com\/ca\/wp-json\/wp\/v2\/media?parent=14028"}],"wp:term":[{"taxonomy":"product_cat","embeddable":true,"href":"https:\/\/enlineabarcelona.com\/ca\/wp-json\/wp\/v2\/product_cat?post=14028"},{"taxonomy":"product_tag","embeddable":true,"href":"https:\/\/enlineabarcelona.com\/ca\/wp-json\/wp\/v2\/product_tag?post=14028"},{"taxonomy":"disenadores","embeddable":true,"href":"https:\/\/enlineabarcelona.com\/ca\/wp-json\/wp\/v2\/disenadores?post=14028"},{"taxonomy":"marca","embeddable":true,"href":"https:\/\/enlineabarcelona.com\/ca\/wp-json\/wp\/v2\/marca?post=14028"}],"curies":[{"name":"wp","href":"https:\/\/api.w.org\/{rel}","templated":true}]}}