{"id":14029,"date":"2025-10-27T11:17:12","date_gmt":"2025-10-27T11:17:12","guid":{"rendered":"https:\/\/enlineabarcelona.com\/producto\/wire-stool-vp11\/"},"modified":"2025-10-27T11:17:20","modified_gmt":"2025-10-27T11:17:20","slug":"wire-stool-vp11","status":"publish","type":"product","link":"https:\/\/enlineabarcelona.com\/ca\/producto\/wire-stool-vp11\/","title":{"rendered":"Taburete Wire VP11"},"content":{"rendered":"\n<p>Lo que hace que el taburete de alambre sea caracter\u00edsticamente Verner Panton es el uso de alambre de acero inoxidable para crear una forma geom\u00e9trica simple con patrones repetidos, en un taburete apilable que tambi\u00e9n sirve como mesa auxiliar. Un \u00edcono de los archivos destinado a convertirse en una pieza de colecci\u00f3n, la transparencia aireada lo hace un dise\u00f1o vers\u00e1til adecuado para una amplia variedad de entornos. Cada taburete de alambre tiene la opci\u00f3n de almohadillas de asiento desmontables, en cuatro colores, que se pueden sujetar con un discreto im\u00e1n.<\/p>\n","protected":false},"excerpt":{"rendered":"<p>Lo que hace que el taburete de alambre sea caracter\u00edsticamente Verner Panton es el uso de alambre de acero inoxidable para crear una forma geom\u00e9trica simple con patrones repetidos, en un taburete apilable que tambi\u00e9n sirve como mesa auxiliar. Un \u00edcono de los archivos destinado a convertirse en una pieza de colecci\u00f3n, la transparencia aireada &#8230; <a title=\"Taburete Wire VP11\" class=\"read-more\" href=\"https:\/\/enlineabarcelona.com\/ca\/producto\/wire-stool-vp11\/\" aria-label=\"M\u00e9s informaci\u00f3 sobre Taburete Wire VP11\">Llegiu m\u00e9s<\/a><\/p>\n","protected":false},"featured_media":8572,"comment_status":"closed","ping_status":"open","template":"","meta":{"_acf_changed":false},"product_cat":[298,1151],"product_tag":[],"disenadores":[1162],"marca":[1152],"class_list":{"0":"post-14029","1":"product","2":"type-product","3":"status-publish","4":"has-post-thumbnail","6":"product_cat-mobiliario","7":"product_cat-taburetes","8":"disenadores-verner-panton","9":"marca-andtradition","10":"sales-flash-overlay","11":"woocommerce-text-align-center","12":"woocommerce-image-align-center","13":"do-quantity-buttons","14":"wc-has-gallery","16":"first","17":"instock","18":"purchasable","19":"product-type-simple"},"acf":[],"_links":{"self":[{"href":"https:\/\/enlineabarcelona.com\/ca\/wp-json\/wp\/v2\/product\/14029","targetHints":{"allow":["GET"]}}],"collection":[{"href":"https:\/\/enlineabarcelona.com\/ca\/wp-json\/wp\/v2\/product"}],"about":[{"href":"https:\/\/enlineabarcelona.com\/ca\/wp-json\/wp\/v2\/types\/product"}],"replies":[{"embeddable":true,"href":"https:\/\/enlineabarcelona.com\/ca\/wp-json\/wp\/v2\/comments?post=14029"}],"wp:featuredmedia":[{"embeddable":true,"href":"https:\/\/enlineabarcelona.com\/ca\/wp-json\/wp\/v2\/media\/8572"}],"wp:attachment":[{"href":"https:\/\/enlineabarcelona.com\/ca\/wp-json\/wp\/v2\/media?parent=14029"}],"wp:term":[{"taxonomy":"product_cat","embeddable":true,"href":"https:\/\/enlineabarcelona.com\/ca\/wp-json\/wp\/v2\/product_cat?post=14029"},{"taxonomy":"product_tag","embeddable":true,"href":"https:\/\/enlineabarcelona.com\/ca\/wp-json\/wp\/v2\/product_tag?post=14029"},{"taxonomy":"disenadores","embeddable":true,"href":"https:\/\/enlineabarcelona.com\/ca\/wp-json\/wp\/v2\/disenadores?post=14029"},{"taxonomy":"marca","embeddable":true,"href":"https:\/\/enlineabarcelona.com\/ca\/wp-json\/wp\/v2\/marca?post=14029"}],"curies":[{"name":"wp","href":"https:\/\/api.w.org\/{rel}","templated":true}]}}