{"id":14030,"date":"2025-10-27T11:17:12","date_gmt":"2025-10-27T11:17:12","guid":{"rendered":"https:\/\/enlineabarcelona.com\/producto\/lampe-de-bureu\/"},"modified":"2025-10-27T11:17:21","modified_gmt":"2025-10-27T11:17:21","slug":"lampe-de-bureu","status":"publish","type":"product","link":"https:\/\/enlineabarcelona.com\/ca\/producto\/lampe-de-bureu\/","title":{"rendered":"Lampe De Bureau"},"content":{"rendered":"\n<p>L\u00e1mpara de sobremesa. Jean Prouv\u00e9 dise\u00f1\u00f3 la Lampe de Bureau (1930), una peque\u00f1a l\u00e1mpara de escritorio de chapa de acero, como parte del mobiliario de las residencias de la Cit\u00e9 Universitaire de Nancy.<\/p>\n","protected":false},"excerpt":{"rendered":"<p>L\u00e1mpara de sobremesa. Jean Prouv\u00e9 dise\u00f1\u00f3 la Lampe de Bureau (1930), una peque\u00f1a l\u00e1mpara de escritorio de chapa de acero, como parte del mobiliario de las residencias de la Cit\u00e9 Universitaire de Nancy.<\/p>\n","protected":false},"featured_media":8594,"comment_status":"closed","ping_status":"open","template":"","meta":{"_acf_changed":false},"product_cat":[1156],"product_tag":[],"disenadores":[772],"marca":[26],"class_list":{"0":"post-14030","1":"product","2":"type-product","3":"status-publish","4":"has-post-thumbnail","6":"product_cat-iluminacion","7":"disenadores-jean-prouve","8":"marca-vitra","9":"sales-flash-overlay","10":"woocommerce-text-align-center","11":"woocommerce-image-align-center","12":"do-quantity-buttons","13":"wc-has-gallery","15":"first","16":"instock","17":"purchasable","18":"product-type-simple"},"acf":[],"_links":{"self":[{"href":"https:\/\/enlineabarcelona.com\/ca\/wp-json\/wp\/v2\/product\/14030","targetHints":{"allow":["GET"]}}],"collection":[{"href":"https:\/\/enlineabarcelona.com\/ca\/wp-json\/wp\/v2\/product"}],"about":[{"href":"https:\/\/enlineabarcelona.com\/ca\/wp-json\/wp\/v2\/types\/product"}],"replies":[{"embeddable":true,"href":"https:\/\/enlineabarcelona.com\/ca\/wp-json\/wp\/v2\/comments?post=14030"}],"wp:featuredmedia":[{"embeddable":true,"href":"https:\/\/enlineabarcelona.com\/ca\/wp-json\/wp\/v2\/media\/8594"}],"wp:attachment":[{"href":"https:\/\/enlineabarcelona.com\/ca\/wp-json\/wp\/v2\/media?parent=14030"}],"wp:term":[{"taxonomy":"product_cat","embeddable":true,"href":"https:\/\/enlineabarcelona.com\/ca\/wp-json\/wp\/v2\/product_cat?post=14030"},{"taxonomy":"product_tag","embeddable":true,"href":"https:\/\/enlineabarcelona.com\/ca\/wp-json\/wp\/v2\/product_tag?post=14030"},{"taxonomy":"disenadores","embeddable":true,"href":"https:\/\/enlineabarcelona.com\/ca\/wp-json\/wp\/v2\/disenadores?post=14030"},{"taxonomy":"marca","embeddable":true,"href":"https:\/\/enlineabarcelona.com\/ca\/wp-json\/wp\/v2\/marca?post=14030"}],"curies":[{"name":"wp","href":"https:\/\/api.w.org\/{rel}","templated":true}]}}