{"id":14031,"date":"2025-10-27T11:17:12","date_gmt":"2025-10-27T11:17:12","guid":{"rendered":"https:\/\/enlineabarcelona.com\/producto\/taccia-small\/"},"modified":"2025-10-27T11:17:22","modified_gmt":"2025-10-27T11:17:22","slug":"taccia-small","status":"publish","type":"product","link":"https:\/\/enlineabarcelona.com\/ca\/producto\/taccia-small\/","title":{"rendered":"L\u00e1mpara Taccia Peque\u00f1a"},"content":{"rendered":"\n<p>L\u00e1mpara de sobremesa. Dispositivo de iluminaci\u00f3n de mesa con luz indirecta y reflejada. Reflector de aluminio lacado blanco pulido por fuera y blanco opaco por dentro. Difusor orientable en vidrio transparente soplado. Cuerpo de aluminio extruido lacado en negro, blanco opaco o anodizado natural. Base de ABS+PC niquelada. Cable el\u00e9ctrico con una longitud \u00fatil de 190 cm, con interruptor para regular la intensidad, que garantiza las funciones de encendido y apagado (ON\/OFF) y la regulaci\u00f3n del flujo luminoso 10-100 %. Suministro el\u00e9ctrico en clavija con enchufes intercambiables.<\/p>\n","protected":false},"excerpt":{"rendered":"<p>L\u00e1mpara de sobremesa. Dispositivo de iluminaci\u00f3n de mesa con luz indirecta y reflejada. Reflector de aluminio lacado blanco pulido por fuera y blanco opaco por dentro. Difusor orientable en vidrio transparente soplado. Cuerpo de aluminio extruido lacado en negro, blanco opaco o anodizado natural. Base de ABS+PC niquelada. Cable el\u00e9ctrico con una longitud \u00fatil de &#8230; <a title=\"L\u00e1mpara Taccia Peque\u00f1a\" class=\"read-more\" href=\"https:\/\/enlineabarcelona.com\/ca\/producto\/taccia-small\/\" aria-label=\"M\u00e9s informaci\u00f3 sobre L\u00e1mpara Taccia Peque\u00f1a\">Llegiu m\u00e9s<\/a><\/p>\n","protected":false},"featured_media":8610,"comment_status":"closed","ping_status":"open","template":"","meta":{"_acf_changed":false},"product_cat":[1156],"product_tag":[],"disenadores":[883],"marca":[],"class_list":{"0":"post-14031","1":"product","2":"type-product","3":"status-publish","4":"has-post-thumbnail","6":"product_cat-iluminacion","7":"disenadores-achille-pier-giacomo-castiglioni","8":"sales-flash-overlay","9":"woocommerce-text-align-center","10":"woocommerce-image-align-center","11":"do-quantity-buttons","12":"wc-has-gallery","14":"first","15":"instock","16":"purchasable","17":"product-type-simple"},"acf":[],"_links":{"self":[{"href":"https:\/\/enlineabarcelona.com\/ca\/wp-json\/wp\/v2\/product\/14031","targetHints":{"allow":["GET"]}}],"collection":[{"href":"https:\/\/enlineabarcelona.com\/ca\/wp-json\/wp\/v2\/product"}],"about":[{"href":"https:\/\/enlineabarcelona.com\/ca\/wp-json\/wp\/v2\/types\/product"}],"replies":[{"embeddable":true,"href":"https:\/\/enlineabarcelona.com\/ca\/wp-json\/wp\/v2\/comments?post=14031"}],"wp:featuredmedia":[{"embeddable":true,"href":"https:\/\/enlineabarcelona.com\/ca\/wp-json\/wp\/v2\/media\/8610"}],"wp:attachment":[{"href":"https:\/\/enlineabarcelona.com\/ca\/wp-json\/wp\/v2\/media?parent=14031"}],"wp:term":[{"taxonomy":"product_cat","embeddable":true,"href":"https:\/\/enlineabarcelona.com\/ca\/wp-json\/wp\/v2\/product_cat?post=14031"},{"taxonomy":"product_tag","embeddable":true,"href":"https:\/\/enlineabarcelona.com\/ca\/wp-json\/wp\/v2\/product_tag?post=14031"},{"taxonomy":"disenadores","embeddable":true,"href":"https:\/\/enlineabarcelona.com\/ca\/wp-json\/wp\/v2\/disenadores?post=14031"},{"taxonomy":"marca","embeddable":true,"href":"https:\/\/enlineabarcelona.com\/ca\/wp-json\/wp\/v2\/marca?post=14031"}],"curies":[{"name":"wp","href":"https:\/\/api.w.org\/{rel}","templated":true}]}}