{"id":14032,"date":"2025-10-27T11:17:12","date_gmt":"2025-10-27T11:17:12","guid":{"rendered":"https:\/\/enlineabarcelona.com\/producto\/apex-clip\/"},"modified":"2025-10-27T11:17:23","modified_gmt":"2025-10-27T11:17:23","slug":"apex-clip","status":"publish","type":"product","link":"https:\/\/enlineabarcelona.com\/ca\/producto\/apex-clip\/","title":{"rendered":"L\u00e1mpara Apex Clip"},"content":{"rendered":"\n<p>La l\u00e1mpara Apex Clip de HAY es una l\u00e1mpara pr\u00e1ctica y flexible que simplifica tu vida cotidiana. Con su inteligente soporte de pinza, puedes fijarla f\u00e1cilmente donde necesites luz. Por lo tanto, la l\u00e1mpara se puede utilizar como l\u00e1mpara de mesa, l\u00e1mpara de pared y l\u00e1mpara de techo, siempre y cuando tengas algo en lo que fijarla. La l\u00e1mpara emite una luz agradable que crea un ambiente acogedor. Su dise\u00f1o bien pensado se integra sin problemas en diferentes estilos de decoraci\u00f3n. Puedes ajustar f\u00e1cilmente el brillo para adaptar la iluminaci\u00f3n a tus necesidades. La l\u00e1mpara Apex Clip es la elecci\u00f3n perfecta para iluminar y facilitar tus tareas diarias de una manera suave y f\u00e1cil de usar.<\/p>\n","protected":false},"excerpt":{"rendered":"<p>La l\u00e1mpara Apex Clip de HAY es una l\u00e1mpara pr\u00e1ctica y flexible que simplifica tu vida cotidiana. Con su inteligente soporte de pinza, puedes fijarla f\u00e1cilmente donde necesites luz. Por lo tanto, la l\u00e1mpara se puede utilizar como l\u00e1mpara de mesa, l\u00e1mpara de pared y l\u00e1mpara de techo, siempre y cuando tengas algo en lo &#8230; <a title=\"L\u00e1mpara Apex Clip\" class=\"read-more\" href=\"https:\/\/enlineabarcelona.com\/ca\/producto\/apex-clip\/\" aria-label=\"M\u00e9s informaci\u00f3 sobre L\u00e1mpara Apex Clip\">Llegiu m\u00e9s<\/a><\/p>\n","protected":false},"featured_media":8635,"comment_status":"closed","ping_status":"open","template":"","meta":{"_acf_changed":false},"product_cat":[1199,1156],"product_tag":[],"disenadores":[875],"marca":[35],"class_list":{"0":"post-14032","1":"product","2":"type-product","3":"status-publish","4":"has-post-thumbnail","6":"product_cat-apliques","7":"product_cat-iluminacion","8":"disenadores-john-tree","9":"marca-hay","10":"sales-flash-overlay","11":"woocommerce-text-align-center","12":"woocommerce-image-align-center","13":"do-quantity-buttons","14":"wc-has-gallery","16":"first","17":"instock","18":"purchasable","19":"product-type-simple"},"acf":[],"_links":{"self":[{"href":"https:\/\/enlineabarcelona.com\/ca\/wp-json\/wp\/v2\/product\/14032","targetHints":{"allow":["GET"]}}],"collection":[{"href":"https:\/\/enlineabarcelona.com\/ca\/wp-json\/wp\/v2\/product"}],"about":[{"href":"https:\/\/enlineabarcelona.com\/ca\/wp-json\/wp\/v2\/types\/product"}],"replies":[{"embeddable":true,"href":"https:\/\/enlineabarcelona.com\/ca\/wp-json\/wp\/v2\/comments?post=14032"}],"wp:featuredmedia":[{"embeddable":true,"href":"https:\/\/enlineabarcelona.com\/ca\/wp-json\/wp\/v2\/media\/8635"}],"wp:attachment":[{"href":"https:\/\/enlineabarcelona.com\/ca\/wp-json\/wp\/v2\/media?parent=14032"}],"wp:term":[{"taxonomy":"product_cat","embeddable":true,"href":"https:\/\/enlineabarcelona.com\/ca\/wp-json\/wp\/v2\/product_cat?post=14032"},{"taxonomy":"product_tag","embeddable":true,"href":"https:\/\/enlineabarcelona.com\/ca\/wp-json\/wp\/v2\/product_tag?post=14032"},{"taxonomy":"disenadores","embeddable":true,"href":"https:\/\/enlineabarcelona.com\/ca\/wp-json\/wp\/v2\/disenadores?post=14032"},{"taxonomy":"marca","embeddable":true,"href":"https:\/\/enlineabarcelona.com\/ca\/wp-json\/wp\/v2\/marca?post=14032"}],"curies":[{"name":"wp","href":"https:\/\/api.w.org\/{rel}","templated":true}]}}