{"id":14033,"date":"2025-10-27T11:17:12","date_gmt":"2025-10-27T11:17:12","guid":{"rendered":"https:\/\/enlineabarcelona.com\/producto\/apex-escritorio\/"},"modified":"2025-10-27T11:17:23","modified_gmt":"2025-10-27T11:17:23","slug":"apex-escritorio","status":"publish","type":"product","link":"https:\/\/enlineabarcelona.com\/ca\/producto\/apex-escritorio\/","title":{"rendered":"L\u00e1mpara de Escritorio Apex"},"content":{"rendered":"\n<p>L\u00e1mpara de sobremesa. La l\u00e1mpara de escritorio Apex de HAY es una fuente de luz pr\u00e1ctica y elegante para tu espacio de trabajo. Con su apariencia distinguida, se convierte en un detalle discreto y funcional en el escritorio. La l\u00e1mpara proporciona una luz agradable que crea un ambiente de trabajo acogedor. Su dise\u00f1o bien pensado se integra f\u00e1cilmente en diferentes estilos de decoraci\u00f3n. Puedes ajustar f\u00e1cilmente el brillo para adaptar la iluminaci\u00f3n a tus necesidades. La l\u00e1mpara de escritorio Apex es la elecci\u00f3n perfecta para iluminar y mejorar la productividad de una manera elegante y f\u00e1cil de usar.<\/p>\n","protected":false},"excerpt":{"rendered":"<p>L\u00e1mpara de sobremesa. La l\u00e1mpara de escritorio Apex de HAY es una fuente de luz pr\u00e1ctica y elegante para tu espacio de trabajo. Con su apariencia distinguida, se convierte en un detalle discreto y funcional en el escritorio. La l\u00e1mpara proporciona una luz agradable que crea un ambiente de trabajo acogedor. Su dise\u00f1o bien pensado &#8230; <a title=\"L\u00e1mpara de Escritorio Apex\" class=\"read-more\" href=\"https:\/\/enlineabarcelona.com\/ca\/producto\/apex-escritorio\/\" aria-label=\"M\u00e9s informaci\u00f3 sobre L\u00e1mpara de Escritorio Apex\">Llegiu m\u00e9s<\/a><\/p>\n","protected":false},"featured_media":8648,"comment_status":"closed","ping_status":"open","template":"","meta":{"_acf_changed":false},"product_cat":[1156,1198],"product_tag":[],"disenadores":[875],"marca":[35],"class_list":{"0":"post-14033","1":"product","2":"type-product","3":"status-publish","4":"has-post-thumbnail","6":"product_cat-iluminacion","7":"product_cat-lamparas-de-sobremesa","8":"disenadores-john-tree","9":"marca-hay","10":"sales-flash-overlay","11":"woocommerce-text-align-center","12":"woocommerce-image-align-center","13":"do-quantity-buttons","14":"wc-has-gallery","16":"first","17":"instock","18":"purchasable","19":"product-type-simple"},"acf":[],"_links":{"self":[{"href":"https:\/\/enlineabarcelona.com\/ca\/wp-json\/wp\/v2\/product\/14033","targetHints":{"allow":["GET"]}}],"collection":[{"href":"https:\/\/enlineabarcelona.com\/ca\/wp-json\/wp\/v2\/product"}],"about":[{"href":"https:\/\/enlineabarcelona.com\/ca\/wp-json\/wp\/v2\/types\/product"}],"replies":[{"embeddable":true,"href":"https:\/\/enlineabarcelona.com\/ca\/wp-json\/wp\/v2\/comments?post=14033"}],"wp:featuredmedia":[{"embeddable":true,"href":"https:\/\/enlineabarcelona.com\/ca\/wp-json\/wp\/v2\/media\/8648"}],"wp:attachment":[{"href":"https:\/\/enlineabarcelona.com\/ca\/wp-json\/wp\/v2\/media?parent=14033"}],"wp:term":[{"taxonomy":"product_cat","embeddable":true,"href":"https:\/\/enlineabarcelona.com\/ca\/wp-json\/wp\/v2\/product_cat?post=14033"},{"taxonomy":"product_tag","embeddable":true,"href":"https:\/\/enlineabarcelona.com\/ca\/wp-json\/wp\/v2\/product_tag?post=14033"},{"taxonomy":"disenadores","embeddable":true,"href":"https:\/\/enlineabarcelona.com\/ca\/wp-json\/wp\/v2\/disenadores?post=14033"},{"taxonomy":"marca","embeddable":true,"href":"https:\/\/enlineabarcelona.com\/ca\/wp-json\/wp\/v2\/marca?post=14033"}],"curies":[{"name":"wp","href":"https:\/\/api.w.org\/{rel}","templated":true}]}}