{"id":14034,"date":"2025-10-27T11:17:12","date_gmt":"2025-10-27T11:17:12","guid":{"rendered":"https:\/\/enlineabarcelona.com\/producto\/matin-table-edicion-liberty-london\/"},"modified":"2025-10-27T11:17:24","modified_gmt":"2025-10-27T11:17:24","slug":"matin-table-edicion-liberty-london","status":"publish","type":"product","link":"https:\/\/enlineabarcelona.com\/ca\/producto\/matin-table-edicion-liberty-london\/","title":{"rendered":"L\u00e1mpara de Escritorio Matin &#8211; Edici\u00f3n Liberty London"},"content":{"rendered":"\n<p>L\u00e1mpara de sobremesa. Presentando el distintivo estampado floral de Liberty en la cl\u00e1sica construcci\u00f3n plisada de la pantalla Matin, la l\u00e1mpara de mesa Liberty Matin une dos dise\u00f1os ic\u00f3nicos en una expresi\u00f3n po\u00e9tica y atemporal. La elegante pantalla se combina con un armaz\u00f3n de alambre de acero doblado para crear una l\u00e1mpara de mesa funcional pero visualmente delicada. La l\u00e1mpara aporta una atm\u00f3sfera acogedora a la mayor\u00eda de las habitaciones del hogar y est\u00e1 disponible en diferentes tama\u00f1os y estampados seleccionados de Liberty.<\/p>\n","protected":false},"excerpt":{"rendered":"<p>L\u00e1mpara de sobremesa. Presentando el distintivo estampado floral de Liberty en la cl\u00e1sica construcci\u00f3n plisada de la pantalla Matin, la l\u00e1mpara de mesa Liberty Matin une dos dise\u00f1os ic\u00f3nicos en una expresi\u00f3n po\u00e9tica y atemporal. La elegante pantalla se combina con un armaz\u00f3n de alambre de acero doblado para crear una l\u00e1mpara de mesa funcional &#8230; <a title=\"L\u00e1mpara de Escritorio Matin &#8211; Edici\u00f3n Liberty London\" class=\"read-more\" href=\"https:\/\/enlineabarcelona.com\/ca\/producto\/matin-table-edicion-liberty-london\/\" aria-label=\"M\u00e9s informaci\u00f3 sobre L\u00e1mpara de Escritorio Matin &#8211; Edici\u00f3n Liberty London\">Llegiu m\u00e9s<\/a><\/p>\n","protected":false},"featured_media":8661,"comment_status":"closed","ping_status":"open","template":"","meta":{"_acf_changed":false},"product_cat":[1156],"product_tag":[],"disenadores":[890],"marca":[35],"class_list":{"0":"post-14034","1":"product","2":"type-product","3":"status-publish","4":"has-post-thumbnail","6":"product_cat-iluminacion","7":"disenadores-inga-sempe","8":"marca-hay","9":"sales-flash-overlay","10":"woocommerce-text-align-center","11":"woocommerce-image-align-center","12":"do-quantity-buttons","13":"wc-has-gallery","15":"first","16":"instock","17":"purchasable","18":"product-type-simple"},"acf":[],"_links":{"self":[{"href":"https:\/\/enlineabarcelona.com\/ca\/wp-json\/wp\/v2\/product\/14034","targetHints":{"allow":["GET"]}}],"collection":[{"href":"https:\/\/enlineabarcelona.com\/ca\/wp-json\/wp\/v2\/product"}],"about":[{"href":"https:\/\/enlineabarcelona.com\/ca\/wp-json\/wp\/v2\/types\/product"}],"replies":[{"embeddable":true,"href":"https:\/\/enlineabarcelona.com\/ca\/wp-json\/wp\/v2\/comments?post=14034"}],"wp:featuredmedia":[{"embeddable":true,"href":"https:\/\/enlineabarcelona.com\/ca\/wp-json\/wp\/v2\/media\/8661"}],"wp:attachment":[{"href":"https:\/\/enlineabarcelona.com\/ca\/wp-json\/wp\/v2\/media?parent=14034"}],"wp:term":[{"taxonomy":"product_cat","embeddable":true,"href":"https:\/\/enlineabarcelona.com\/ca\/wp-json\/wp\/v2\/product_cat?post=14034"},{"taxonomy":"product_tag","embeddable":true,"href":"https:\/\/enlineabarcelona.com\/ca\/wp-json\/wp\/v2\/product_tag?post=14034"},{"taxonomy":"disenadores","embeddable":true,"href":"https:\/\/enlineabarcelona.com\/ca\/wp-json\/wp\/v2\/disenadores?post=14034"},{"taxonomy":"marca","embeddable":true,"href":"https:\/\/enlineabarcelona.com\/ca\/wp-json\/wp\/v2\/marca?post=14034"}],"curies":[{"name":"wp","href":"https:\/\/api.w.org\/{rel}","templated":true}]}}