{"id":14039,"date":"2025-10-27T11:17:12","date_gmt":"2025-10-27T11:17:12","guid":{"rendered":"https:\/\/enlineabarcelona.com\/producto\/bigfoot-mesa-modular\/"},"modified":"2025-10-27T11:17:28","modified_gmt":"2025-10-27T11:17:28","slug":"bigfoot-mesa-modular","status":"publish","type":"product","link":"https:\/\/enlineabarcelona.com\/ca\/producto\/bigfoot-mesa-modular\/","title":{"rendered":"Mesa Bigfoot"},"content":{"rendered":"\n<p>La mesa BIGFOOT\u2122 es un cl\u00e1sico del dise\u00f1o moderno y un icono identificable de e15. Para su caracter\u00edstico detalle en las esquinas y sus patas, se utiliza el centro del \u00e1rbol. Durante el secado de la madera maciza, las patas desarrollan sus caracter\u00edsticas grietas, lo que hace que cada mesa sea \u00fanica.<\/p>\n","protected":false},"excerpt":{"rendered":"<p>La mesa BIGFOOT\u2122 es un cl\u00e1sico del dise\u00f1o moderno y un icono identificable de e15. Para su caracter\u00edstico detalle en las esquinas y sus patas, se utiliza el centro del \u00e1rbol. Durante el secado de la madera maciza, las patas desarrollan sus caracter\u00edsticas grietas, lo que hace que cada mesa sea \u00fanica.<\/p>\n","protected":false},"featured_media":8744,"comment_status":"closed","ping_status":"open","template":"","meta":{"_acf_changed":false},"product_cat":[289,298],"product_tag":[],"disenadores":[1106],"marca":[1146],"class_list":{"0":"post-14039","1":"product","2":"type-product","3":"status-publish","4":"has-post-thumbnail","6":"product_cat-mesas","7":"product_cat-mobiliario","8":"disenadores-philipp-mainzer","9":"marca-e15","10":"sales-flash-overlay","11":"woocommerce-text-align-center","12":"woocommerce-image-align-center","13":"do-quantity-buttons","14":"wc-has-gallery","16":"first","17":"instock","18":"purchasable","19":"product-type-simple"},"acf":[],"_links":{"self":[{"href":"https:\/\/enlineabarcelona.com\/ca\/wp-json\/wp\/v2\/product\/14039","targetHints":{"allow":["GET"]}}],"collection":[{"href":"https:\/\/enlineabarcelona.com\/ca\/wp-json\/wp\/v2\/product"}],"about":[{"href":"https:\/\/enlineabarcelona.com\/ca\/wp-json\/wp\/v2\/types\/product"}],"replies":[{"embeddable":true,"href":"https:\/\/enlineabarcelona.com\/ca\/wp-json\/wp\/v2\/comments?post=14039"}],"wp:featuredmedia":[{"embeddable":true,"href":"https:\/\/enlineabarcelona.com\/ca\/wp-json\/wp\/v2\/media\/8744"}],"wp:attachment":[{"href":"https:\/\/enlineabarcelona.com\/ca\/wp-json\/wp\/v2\/media?parent=14039"}],"wp:term":[{"taxonomy":"product_cat","embeddable":true,"href":"https:\/\/enlineabarcelona.com\/ca\/wp-json\/wp\/v2\/product_cat?post=14039"},{"taxonomy":"product_tag","embeddable":true,"href":"https:\/\/enlineabarcelona.com\/ca\/wp-json\/wp\/v2\/product_tag?post=14039"},{"taxonomy":"disenadores","embeddable":true,"href":"https:\/\/enlineabarcelona.com\/ca\/wp-json\/wp\/v2\/disenadores?post=14039"},{"taxonomy":"marca","embeddable":true,"href":"https:\/\/enlineabarcelona.com\/ca\/wp-json\/wp\/v2\/marca?post=14039"}],"curies":[{"name":"wp","href":"https:\/\/api.w.org\/{rel}","templated":true}]}}