{"id":14040,"date":"2025-10-27T11:17:32","date_gmt":"2025-10-27T11:17:32","guid":{"rendered":"https:\/\/enlineabarcelona.com\/producto\/estendo-sofa-modular\/"},"modified":"2025-10-27T11:17:32","modified_gmt":"2025-10-27T11:17:32","slug":"estendo-sofa-modular","status":"publish","type":"product","link":"https:\/\/enlineabarcelona.com\/ca\/producto\/estendo-sofa-modular\/","title":{"rendered":"Sof\u00e1 Modular Estendo"},"content":{"rendered":"\n<p>Estendo es un sof\u00e1 modular para exterior con estructura en aluminio. Dise\u00f1ado por Luca Pevere para RODA, es un producto Made in Italy de gran confort y elegancia que se desarrolla en el espacio con suma armon\u00eda. El dise\u00f1o lineal y la modularidad extensible, en la que se inspira el nombre de la colecci\u00f3n, acent\u00faan la flexibilidad de un sistema funcional compuesto por elementos de uno, dos y tres plazas, con y sin reposabrazos, una chaise longue y un m\u00f3dulo de esquina que se encuentra en las configuraciones m\u00e1s articuladas.<\/p>\n\n\n\n<p><\/p>\n","protected":false},"excerpt":{"rendered":"<p>Estendo es un sof\u00e1 modular para exterior con estructura en aluminio. Dise\u00f1ado por Luca Pevere para RODA, es un producto Made in Italy de gran confort y elegancia que se desarrolla en el espacio con suma armon\u00eda. El dise\u00f1o lineal y la modularidad extensible, en la que se inspira el nombre de la colecci\u00f3n, acent\u00faan &#8230; <a title=\"Sof\u00e1 Modular Estendo\" class=\"read-more\" href=\"https:\/\/enlineabarcelona.com\/ca\/producto\/estendo-sofa-modular\/\" aria-label=\"M\u00e9s informaci\u00f3 sobre Sof\u00e1 Modular Estendo\">Llegiu m\u00e9s<\/a><\/p>\n","protected":false},"featured_media":8769,"comment_status":"closed","ping_status":"open","template":"","meta":{"_acf_changed":false},"product_cat":[1185,1202],"product_tag":[],"disenadores":[960],"marca":[70],"class_list":{"0":"post-14040","1":"product","2":"type-product","3":"status-publish","4":"has-post-thumbnail","6":"product_cat-outletexterior","7":"product_cat-sofas","8":"disenadores-luca-pevere-ca","9":"marca-roda","10":"sales-flash-overlay","11":"woocommerce-text-align-center","12":"woocommerce-image-align-center","13":"do-quantity-buttons","14":"wc-has-gallery","16":"first","17":"instock","18":"purchasable","19":"product-type-simple"},"acf":[],"_links":{"self":[{"href":"https:\/\/enlineabarcelona.com\/ca\/wp-json\/wp\/v2\/product\/14040","targetHints":{"allow":["GET"]}}],"collection":[{"href":"https:\/\/enlineabarcelona.com\/ca\/wp-json\/wp\/v2\/product"}],"about":[{"href":"https:\/\/enlineabarcelona.com\/ca\/wp-json\/wp\/v2\/types\/product"}],"replies":[{"embeddable":true,"href":"https:\/\/enlineabarcelona.com\/ca\/wp-json\/wp\/v2\/comments?post=14040"}],"wp:featuredmedia":[{"embeddable":true,"href":"https:\/\/enlineabarcelona.com\/ca\/wp-json\/wp\/v2\/media\/8769"}],"wp:attachment":[{"href":"https:\/\/enlineabarcelona.com\/ca\/wp-json\/wp\/v2\/media?parent=14040"}],"wp:term":[{"taxonomy":"product_cat","embeddable":true,"href":"https:\/\/enlineabarcelona.com\/ca\/wp-json\/wp\/v2\/product_cat?post=14040"},{"taxonomy":"product_tag","embeddable":true,"href":"https:\/\/enlineabarcelona.com\/ca\/wp-json\/wp\/v2\/product_tag?post=14040"},{"taxonomy":"disenadores","embeddable":true,"href":"https:\/\/enlineabarcelona.com\/ca\/wp-json\/wp\/v2\/disenadores?post=14040"},{"taxonomy":"marca","embeddable":true,"href":"https:\/\/enlineabarcelona.com\/ca\/wp-json\/wp\/v2\/marca?post=14040"}],"curies":[{"name":"wp","href":"https:\/\/api.w.org\/{rel}","templated":true}]}}