{"id":14043,"date":"2025-10-27T11:17:32","date_gmt":"2025-10-27T11:17:32","guid":{"rendered":"https:\/\/enlineabarcelona.com\/producto\/florence-sofa\/"},"modified":"2025-10-27T11:17:34","modified_gmt":"2025-10-27T11:17:34","slug":"florence-sofa","status":"publish","type":"product","link":"https:\/\/enlineabarcelona.com\/ca\/producto\/florence-sofa\/","title":{"rendered":"Sof\u00e1 Florence"},"content":{"rendered":"\n<p>El sof\u00e1 Florence Knoll es una traducci\u00f3n a escala de los ritmos y proporciones de la arquitectura moderna de mediados del siglo XX. Con un perfil geom\u00e9trico y despejado, una expresi\u00f3n del enfoque de dise\u00f1o racional que Florence Knoll aprendi\u00f3 de su mentor, Mies van der Rohe, el sof\u00e1 es completamente moderno y totalmente atemporal.<\/p>\n\n\n\n<p><\/p>\n","protected":false},"excerpt":{"rendered":"<p>El sof\u00e1 Florence Knoll es una traducci\u00f3n a escala de los ritmos y proporciones de la arquitectura moderna de mediados del siglo XX. Con un perfil geom\u00e9trico y despejado, una expresi\u00f3n del enfoque de dise\u00f1o racional que Florence Knoll aprendi\u00f3 de su mentor, Mies van der Rohe, el sof\u00e1 es completamente moderno y totalmente atemporal.<\/p>\n","protected":false},"featured_media":8835,"comment_status":"closed","ping_status":"open","template":"","meta":{"_acf_changed":false},"product_cat":[298,1147],"product_tag":[],"disenadores":[840],"marca":[72],"class_list":{"0":"post-14043","1":"product","2":"type-product","3":"status-publish","4":"has-post-thumbnail","6":"product_cat-mobiliario","7":"product_cat-sofas","8":"disenadores-florence-knoll","9":"marca-knoll","10":"sales-flash-overlay","11":"woocommerce-text-align-center","12":"woocommerce-image-align-center","13":"do-quantity-buttons","14":"wc-has-gallery","16":"first","17":"instock","18":"purchasable","19":"product-type-simple"},"acf":[],"_links":{"self":[{"href":"https:\/\/enlineabarcelona.com\/ca\/wp-json\/wp\/v2\/product\/14043","targetHints":{"allow":["GET"]}}],"collection":[{"href":"https:\/\/enlineabarcelona.com\/ca\/wp-json\/wp\/v2\/product"}],"about":[{"href":"https:\/\/enlineabarcelona.com\/ca\/wp-json\/wp\/v2\/types\/product"}],"replies":[{"embeddable":true,"href":"https:\/\/enlineabarcelona.com\/ca\/wp-json\/wp\/v2\/comments?post=14043"}],"wp:featuredmedia":[{"embeddable":true,"href":"https:\/\/enlineabarcelona.com\/ca\/wp-json\/wp\/v2\/media\/8835"}],"wp:attachment":[{"href":"https:\/\/enlineabarcelona.com\/ca\/wp-json\/wp\/v2\/media?parent=14043"}],"wp:term":[{"taxonomy":"product_cat","embeddable":true,"href":"https:\/\/enlineabarcelona.com\/ca\/wp-json\/wp\/v2\/product_cat?post=14043"},{"taxonomy":"product_tag","embeddable":true,"href":"https:\/\/enlineabarcelona.com\/ca\/wp-json\/wp\/v2\/product_tag?post=14043"},{"taxonomy":"disenadores","embeddable":true,"href":"https:\/\/enlineabarcelona.com\/ca\/wp-json\/wp\/v2\/disenadores?post=14043"},{"taxonomy":"marca","embeddable":true,"href":"https:\/\/enlineabarcelona.com\/ca\/wp-json\/wp\/v2\/marca?post=14043"}],"curies":[{"name":"wp","href":"https:\/\/api.w.org\/{rel}","templated":true}]}}