{"id":14044,"date":"2025-10-27T11:17:32","date_gmt":"2025-10-27T11:17:32","guid":{"rendered":"https:\/\/enlineabarcelona.com\/producto\/arbiter-maxalto-sofa\/"},"modified":"2025-10-27T11:17:35","modified_gmt":"2025-10-27T11:17:35","slug":"arbiter-maxalto-sofa","status":"publish","type":"product","link":"https:\/\/enlineabarcelona.com\/ca\/producto\/arbiter-maxalto-sofa\/","title":{"rendered":"Sof\u00e1 Modular Arbiter"},"content":{"rendered":"\n<p>Arbiter es un sistema modular de asientos con medidas extragrandes y cojines sobredimensionados, ideal para espacios amplios, que completa la gama de sof\u00e1s de la marca. La abundancia de material se contrapesa con la esencialidad estil\u00edstica de las l\u00edneas precisas, casi arquet\u00edpicas, dise\u00f1adas para aligerar su impacto en el entorno del hogar. La t\u00e9cnica de producci\u00f3n es una t\u00edpica de Maxalto: una estructura de acero y una estructura de poliuretano espumado en fr\u00edo. Viene en dos profundidades (105 y 115 cm) en varias configuraciones con o sin chaise-longue. Tambi\u00e9n hay una versi\u00f3n con el querido respaldo discontinuo de Citterio, que est\u00e1 dise\u00f1ado para crear un asiento que mire en la direcci\u00f3n opuesta, por ejemplo, hacia la estanter\u00eda detr\u00e1s del sof\u00e1. La gama de materiales introduce opciones con telas refinadas, claramente lanosas y de textura rica. Los cojines presentan una soluci\u00f3n sorprendente: en cada par, el coj\u00edn peque\u00f1o se coloca detr\u00e1s del m\u00e1s grande, que as\u00ed se convierte en una especie de respaldo adicional que envuelve los hombros del usuario.<\/p>\n\n\n\n<p><\/p>\n","protected":false},"excerpt":{"rendered":"<p>Arbiter es un sistema modular de asientos con medidas extragrandes y cojines sobredimensionados, ideal para espacios amplios, que completa la gama de sof\u00e1s de la marca. La abundancia de material se contrapesa con la esencialidad estil\u00edstica de las l\u00edneas precisas, casi arquet\u00edpicas, dise\u00f1adas para aligerar su impacto en el entorno del hogar. La t\u00e9cnica de &#8230; <a title=\"Sof\u00e1 Modular Arbiter\" class=\"read-more\" href=\"https:\/\/enlineabarcelona.com\/ca\/producto\/arbiter-maxalto-sofa\/\" aria-label=\"M\u00e9s informaci\u00f3 sobre Sof\u00e1 Modular Arbiter\">Llegiu m\u00e9s<\/a><\/p>\n","protected":false},"featured_media":8851,"comment_status":"closed","ping_status":"open","template":"","meta":{"_acf_changed":false},"product_cat":[1137,1201],"product_tag":[],"disenadores":[884],"marca":[30],"class_list":{"0":"post-14044","1":"product","2":"type-product","3":"status-publish","4":"has-post-thumbnail","6":"product_cat-outletmobiliario","7":"product_cat-sofas","8":"disenadores-antonio-citterio","9":"marca-maxalto","10":"sales-flash-overlay","11":"woocommerce-text-align-center","12":"woocommerce-image-align-center","13":"do-quantity-buttons","14":"wc-has-gallery","16":"first","17":"instock","18":"sale","19":"purchasable","20":"product-type-simple"},"acf":[],"_links":{"self":[{"href":"https:\/\/enlineabarcelona.com\/ca\/wp-json\/wp\/v2\/product\/14044","targetHints":{"allow":["GET"]}}],"collection":[{"href":"https:\/\/enlineabarcelona.com\/ca\/wp-json\/wp\/v2\/product"}],"about":[{"href":"https:\/\/enlineabarcelona.com\/ca\/wp-json\/wp\/v2\/types\/product"}],"replies":[{"embeddable":true,"href":"https:\/\/enlineabarcelona.com\/ca\/wp-json\/wp\/v2\/comments?post=14044"}],"wp:featuredmedia":[{"embeddable":true,"href":"https:\/\/enlineabarcelona.com\/ca\/wp-json\/wp\/v2\/media\/8851"}],"wp:attachment":[{"href":"https:\/\/enlineabarcelona.com\/ca\/wp-json\/wp\/v2\/media?parent=14044"}],"wp:term":[{"taxonomy":"product_cat","embeddable":true,"href":"https:\/\/enlineabarcelona.com\/ca\/wp-json\/wp\/v2\/product_cat?post=14044"},{"taxonomy":"product_tag","embeddable":true,"href":"https:\/\/enlineabarcelona.com\/ca\/wp-json\/wp\/v2\/product_tag?post=14044"},{"taxonomy":"disenadores","embeddable":true,"href":"https:\/\/enlineabarcelona.com\/ca\/wp-json\/wp\/v2\/disenadores?post=14044"},{"taxonomy":"marca","embeddable":true,"href":"https:\/\/enlineabarcelona.com\/ca\/wp-json\/wp\/v2\/marca?post=14044"}],"curies":[{"name":"wp","href":"https:\/\/api.w.org\/{rel}","templated":true}]}}