{"id":14045,"date":"2025-10-27T11:17:32","date_gmt":"2025-10-27T11:17:32","guid":{"rendered":"https:\/\/enlineabarcelona.com\/producto\/wire-lkr-2-silla\/"},"modified":"2025-10-27T11:17:36","modified_gmt":"2025-10-27T11:17:36","slug":"wire-lkr-2-silla","status":"publish","type":"product","link":"https:\/\/enlineabarcelona.com\/ca\/producto\/wire-lkr-2-silla\/","title":{"rendered":"Wire LKR &#8211; 2 Silla"},"content":{"rendered":"\n<p>Charles y Ray Eames utilizaron varias versiones de la peque\u00f1a silla LKR \u2013incluida la versi\u00f3n LSR con carcasa de pl\u00e1stico\u2013 en la Eames House, su legendaria casa de Pacific Palisades. Como todas las dem\u00e1s Wire Chairs, la LKR est\u00e1 disponible sin tapizar, con un coj\u00edn de asiento o con un coj\u00edn de asiento y respaldo de dos piezas que, por su forma, recibe el nombre de \u00abBikini\u00bb. El modelo sin tapizar tambi\u00e9n es adecuado para el uso en exteriores.<\/p>\n","protected":false},"excerpt":{"rendered":"<p>Charles y Ray Eames utilizaron varias versiones de la peque\u00f1a silla LKR \u2013incluida la versi\u00f3n LSR con carcasa de pl\u00e1stico\u2013 en la Eames House, su legendaria casa de Pacific Palisades. Como todas las dem\u00e1s Wire Chairs, la LKR est\u00e1 disponible sin tapizar, con un coj\u00edn de asiento o con un coj\u00edn de asiento y respaldo &#8230; <a title=\"Wire LKR &#8211; 2 Silla\" class=\"read-more\" href=\"https:\/\/enlineabarcelona.com\/ca\/producto\/wire-lkr-2-silla\/\" aria-label=\"M\u00e9s informaci\u00f3 sobre Wire LKR &#8211; 2 Silla\">Llegiu m\u00e9s<\/a><\/p>\n","protected":false},"featured_media":8876,"comment_status":"closed","ping_status":"open","template":"","meta":{"_acf_changed":false},"product_cat":[251,284],"product_tag":[],"disenadores":[957],"marca":[26],"class_list":{"0":"post-14045","1":"product","2":"type-product","3":"status-publish","4":"has-post-thumbnail","6":"product_cat-exterior","7":"product_cat-sillas-exterior","8":"disenadores-charles-ray-eames","9":"marca-vitra","10":"sales-flash-overlay","11":"woocommerce-text-align-center","12":"woocommerce-image-align-center","13":"do-quantity-buttons","14":"wc-has-gallery","16":"first","17":"instock","18":"purchasable","19":"product-type-simple"},"acf":[],"_links":{"self":[{"href":"https:\/\/enlineabarcelona.com\/ca\/wp-json\/wp\/v2\/product\/14045","targetHints":{"allow":["GET"]}}],"collection":[{"href":"https:\/\/enlineabarcelona.com\/ca\/wp-json\/wp\/v2\/product"}],"about":[{"href":"https:\/\/enlineabarcelona.com\/ca\/wp-json\/wp\/v2\/types\/product"}],"replies":[{"embeddable":true,"href":"https:\/\/enlineabarcelona.com\/ca\/wp-json\/wp\/v2\/comments?post=14045"}],"wp:featuredmedia":[{"embeddable":true,"href":"https:\/\/enlineabarcelona.com\/ca\/wp-json\/wp\/v2\/media\/8876"}],"wp:attachment":[{"href":"https:\/\/enlineabarcelona.com\/ca\/wp-json\/wp\/v2\/media?parent=14045"}],"wp:term":[{"taxonomy":"product_cat","embeddable":true,"href":"https:\/\/enlineabarcelona.com\/ca\/wp-json\/wp\/v2\/product_cat?post=14045"},{"taxonomy":"product_tag","embeddable":true,"href":"https:\/\/enlineabarcelona.com\/ca\/wp-json\/wp\/v2\/product_tag?post=14045"},{"taxonomy":"disenadores","embeddable":true,"href":"https:\/\/enlineabarcelona.com\/ca\/wp-json\/wp\/v2\/disenadores?post=14045"},{"taxonomy":"marca","embeddable":true,"href":"https:\/\/enlineabarcelona.com\/ca\/wp-json\/wp\/v2\/marca?post=14045"}],"curies":[{"name":"wp","href":"https:\/\/api.w.org\/{rel}","templated":true}]}}