{"id":14048,"date":"2025-10-27T11:17:32","date_gmt":"2025-10-27T11:17:32","guid":{"rendered":"https:\/\/enlineabarcelona.com\/producto\/ow149-colonial-walnut-butaca\/"},"modified":"2025-10-27T11:17:38","modified_gmt":"2025-10-27T11:17:38","slug":"ow149-colonial-walnut-butaca","status":"publish","type":"product","link":"https:\/\/enlineabarcelona.com\/ca\/producto\/ow149-colonial-walnut-butaca\/","title":{"rendered":"Butaca Colonial &#8211; Walnut"},"content":{"rendered":"\n<p>Silla de formas esbeltas, minimalistas. Los apoyabrazos sofisticados y ligeramente curvados se elevan hasta un punto antes de girar hacia abajo, su dise\u00f1ador. Las patas delanteras y traseras est\u00e1n hechas de madera en rollo, una caracter\u00edstica caracter\u00edstica de Wanscher, su dise\u00f1ador. Las patas delanteras y traseras est\u00e1n hechas de madera en rollo, con las patas traseras curvadas suavemente hacia afuera para mayor estabilidad y un resultado m\u00e1s refinado. Asiento y respaldo con cojines tapizado en tela o piel a elegir.<\/p>\n","protected":false},"excerpt":{"rendered":"<p>Silla de formas esbeltas, minimalistas. Los apoyabrazos sofisticados y ligeramente curvados se elevan hasta un punto antes de girar hacia abajo, su dise\u00f1ador. Las patas delanteras y traseras est\u00e1n hechas de madera en rollo, una caracter\u00edstica caracter\u00edstica de Wanscher, su dise\u00f1ador. Las patas delanteras y traseras est\u00e1n hechas de madera en rollo, con las patas &#8230; <a title=\"Butaca Colonial &#8211; Walnut\" class=\"read-more\" href=\"https:\/\/enlineabarcelona.com\/ca\/producto\/ow149-colonial-walnut-butaca\/\" aria-label=\"M\u00e9s informaci\u00f3 sobre Butaca Colonial &#8211; Walnut\">Llegiu m\u00e9s<\/a><\/p>\n","protected":false},"featured_media":8921,"comment_status":"closed","ping_status":"open","template":"","meta":{"_acf_changed":false},"product_cat":[1145,298],"product_tag":[],"disenadores":[953],"marca":[55],"class_list":{"0":"post-14048","1":"product","2":"type-product","3":"status-publish","4":"has-post-thumbnail","6":"product_cat-butacas","7":"product_cat-mobiliario","8":"disenadores-ole-wanscher","9":"marca-carl-hansen","10":"sales-flash-overlay","11":"woocommerce-text-align-center","12":"woocommerce-image-align-center","13":"do-quantity-buttons","14":"wc-has-gallery","16":"first","17":"instock","18":"purchasable","19":"product-type-simple"},"acf":[],"_links":{"self":[{"href":"https:\/\/enlineabarcelona.com\/ca\/wp-json\/wp\/v2\/product\/14048","targetHints":{"allow":["GET"]}}],"collection":[{"href":"https:\/\/enlineabarcelona.com\/ca\/wp-json\/wp\/v2\/product"}],"about":[{"href":"https:\/\/enlineabarcelona.com\/ca\/wp-json\/wp\/v2\/types\/product"}],"replies":[{"embeddable":true,"href":"https:\/\/enlineabarcelona.com\/ca\/wp-json\/wp\/v2\/comments?post=14048"}],"wp:featuredmedia":[{"embeddable":true,"href":"https:\/\/enlineabarcelona.com\/ca\/wp-json\/wp\/v2\/media\/8921"}],"wp:attachment":[{"href":"https:\/\/enlineabarcelona.com\/ca\/wp-json\/wp\/v2\/media?parent=14048"}],"wp:term":[{"taxonomy":"product_cat","embeddable":true,"href":"https:\/\/enlineabarcelona.com\/ca\/wp-json\/wp\/v2\/product_cat?post=14048"},{"taxonomy":"product_tag","embeddable":true,"href":"https:\/\/enlineabarcelona.com\/ca\/wp-json\/wp\/v2\/product_tag?post=14048"},{"taxonomy":"disenadores","embeddable":true,"href":"https:\/\/enlineabarcelona.com\/ca\/wp-json\/wp\/v2\/disenadores?post=14048"},{"taxonomy":"marca","embeddable":true,"href":"https:\/\/enlineabarcelona.com\/ca\/wp-json\/wp\/v2\/marca?post=14048"}],"curies":[{"name":"wp","href":"https:\/\/api.w.org\/{rel}","templated":true}]}}