{"id":14052,"date":"2025-10-27T11:17:32","date_gmt":"2025-10-27T11:17:32","guid":{"rendered":"https:\/\/enlineabarcelona.com\/producto\/standard-sp-silla\/"},"modified":"2025-10-27T11:17:40","modified_gmt":"2025-10-27T11:17:40","slug":"standard-sp-silla","status":"publish","type":"product","link":"https:\/\/enlineabarcelona.com\/ca\/producto\/standard-sp-silla\/","title":{"rendered":"Standard SP Silla"},"content":{"rendered":"\n<p>Standard SP (Si\u00e8ge en Plastique) tiende un puente entre el pasado y el presente, revisando la ic\u00f3nica Standard Chair de Prouv\u00e9 sin alterar su forma: la superficie del asiento y el respaldo de pl\u00e1stico resistente dan a la Standard SP un aspecto contempor\u00e1neo.<\/p>\n","protected":false},"excerpt":{"rendered":"<p>Standard SP (Si\u00e8ge en Plastique) tiende un puente entre el pasado y el presente, revisando la ic\u00f3nica Standard Chair de Prouv\u00e9 sin alterar su forma: la superficie del asiento y el respaldo de pl\u00e1stico resistente dan a la Standard SP un aspecto contempor\u00e1neo.<\/p>\n","protected":false},"featured_media":8964,"comment_status":"closed","ping_status":"open","template":"","meta":{"_acf_changed":false},"product_cat":[298,1139],"product_tag":[],"disenadores":[772],"marca":[26],"class_list":{"0":"post-14052","1":"product","2":"type-product","3":"status-publish","4":"has-post-thumbnail","6":"product_cat-mobiliario","7":"product_cat-sillas","8":"disenadores-jean-prouve","9":"marca-vitra","10":"sales-flash-overlay","11":"woocommerce-text-align-center","12":"woocommerce-image-align-center","13":"do-quantity-buttons","14":"wc-has-gallery","16":"first","17":"instock","18":"purchasable","19":"product-type-simple"},"acf":[],"_links":{"self":[{"href":"https:\/\/enlineabarcelona.com\/ca\/wp-json\/wp\/v2\/product\/14052","targetHints":{"allow":["GET"]}}],"collection":[{"href":"https:\/\/enlineabarcelona.com\/ca\/wp-json\/wp\/v2\/product"}],"about":[{"href":"https:\/\/enlineabarcelona.com\/ca\/wp-json\/wp\/v2\/types\/product"}],"replies":[{"embeddable":true,"href":"https:\/\/enlineabarcelona.com\/ca\/wp-json\/wp\/v2\/comments?post=14052"}],"wp:featuredmedia":[{"embeddable":true,"href":"https:\/\/enlineabarcelona.com\/ca\/wp-json\/wp\/v2\/media\/8964"}],"wp:attachment":[{"href":"https:\/\/enlineabarcelona.com\/ca\/wp-json\/wp\/v2\/media?parent=14052"}],"wp:term":[{"taxonomy":"product_cat","embeddable":true,"href":"https:\/\/enlineabarcelona.com\/ca\/wp-json\/wp\/v2\/product_cat?post=14052"},{"taxonomy":"product_tag","embeddable":true,"href":"https:\/\/enlineabarcelona.com\/ca\/wp-json\/wp\/v2\/product_tag?post=14052"},{"taxonomy":"disenadores","embeddable":true,"href":"https:\/\/enlineabarcelona.com\/ca\/wp-json\/wp\/v2\/disenadores?post=14052"},{"taxonomy":"marca","embeddable":true,"href":"https:\/\/enlineabarcelona.com\/ca\/wp-json\/wp\/v2\/marca?post=14052"}],"curies":[{"name":"wp","href":"https:\/\/api.w.org\/{rel}","templated":true}]}}