{"id":14053,"date":"2025-10-27T11:17:32","date_gmt":"2025-10-27T11:17:32","guid":{"rendered":"https:\/\/enlineabarcelona.com\/producto\/moca-silla\/"},"modified":"2025-10-27T11:17:41","modified_gmt":"2025-10-27T11:17:41","slug":"moca-silla","status":"publish","type":"product","link":"https:\/\/enlineabarcelona.com\/ca\/producto\/moca-silla\/","title":{"rendered":"Silla Moca"},"content":{"rendered":"\n<p>La silla Moca es una expresi\u00f3n de la filosof\u00eda de dise\u00f1o \u00absupernormal\u00bb del dise\u00f1ador brit\u00e1nico Jasper Morrison: discreta, \u00fatil y responsable. De ello se deduce que Moca no es nada nuevo y revolucionario, sino que combina los conocimientos de un gran dise\u00f1ador con la experiencia en fabricaci\u00f3n de Vitra. Adem\u00e1s tiene un aspecto tan sencillo que parece haber existido desde siempre. La combinaci\u00f3n de estas caracter\u00edsticas est\u00e9ticas con el uso de materiales muy duraderos y de gran calidad garantiza una vida \u00fatil del producto inusualmente larga. La base de Moca est\u00e1 construida con dos arcos de acero tubular: uno forma las patas delanteras y el soporte del respaldo; el otro, las patas traseras. Sobre la base van montadas dos carcasas de madera contrachapada que crean un asiento y un respaldo confortables y anat\u00f3micos. El inteligente dise\u00f1o del protector de apilado colocado entre el asiento y el respaldo proporciona una protecci\u00f3n \u00f3ptima a la superficie de la chapa de madera.<\/p>\n","protected":false},"excerpt":{"rendered":"<p>La silla Moca es una expresi\u00f3n de la filosof\u00eda de dise\u00f1o \u00absupernormal\u00bb del dise\u00f1ador brit\u00e1nico Jasper Morrison: discreta, \u00fatil y responsable. De ello se deduce que Moca no es nada nuevo y revolucionario, sino que combina los conocimientos de un gran dise\u00f1ador con la experiencia en fabricaci\u00f3n de Vitra. Adem\u00e1s tiene un aspecto tan sencillo &#8230; <a title=\"Silla Moca\" class=\"read-more\" href=\"https:\/\/enlineabarcelona.com\/ca\/producto\/moca-silla\/\" aria-label=\"M\u00e9s informaci\u00f3 sobre Silla Moca\">Llegiu m\u00e9s<\/a><\/p>\n","protected":false},"featured_media":8974,"comment_status":"closed","ping_status":"open","template":"","meta":{"_acf_changed":false},"product_cat":[298,1139],"product_tag":[],"disenadores":[870],"marca":[26],"class_list":{"0":"post-14053","1":"product","2":"type-product","3":"status-publish","4":"has-post-thumbnail","6":"product_cat-mobiliario","7":"product_cat-sillas","8":"disenadores-jasper-morrison","9":"marca-vitra","10":"sales-flash-overlay","11":"woocommerce-text-align-center","12":"woocommerce-image-align-center","13":"do-quantity-buttons","14":"wc-has-gallery","16":"first","17":"instock","18":"purchasable","19":"product-type-simple"},"acf":[],"_links":{"self":[{"href":"https:\/\/enlineabarcelona.com\/ca\/wp-json\/wp\/v2\/product\/14053","targetHints":{"allow":["GET"]}}],"collection":[{"href":"https:\/\/enlineabarcelona.com\/ca\/wp-json\/wp\/v2\/product"}],"about":[{"href":"https:\/\/enlineabarcelona.com\/ca\/wp-json\/wp\/v2\/types\/product"}],"replies":[{"embeddable":true,"href":"https:\/\/enlineabarcelona.com\/ca\/wp-json\/wp\/v2\/comments?post=14053"}],"wp:featuredmedia":[{"embeddable":true,"href":"https:\/\/enlineabarcelona.com\/ca\/wp-json\/wp\/v2\/media\/8974"}],"wp:attachment":[{"href":"https:\/\/enlineabarcelona.com\/ca\/wp-json\/wp\/v2\/media?parent=14053"}],"wp:term":[{"taxonomy":"product_cat","embeddable":true,"href":"https:\/\/enlineabarcelona.com\/ca\/wp-json\/wp\/v2\/product_cat?post=14053"},{"taxonomy":"product_tag","embeddable":true,"href":"https:\/\/enlineabarcelona.com\/ca\/wp-json\/wp\/v2\/product_tag?post=14053"},{"taxonomy":"disenadores","embeddable":true,"href":"https:\/\/enlineabarcelona.com\/ca\/wp-json\/wp\/v2\/disenadores?post=14053"},{"taxonomy":"marca","embeddable":true,"href":"https:\/\/enlineabarcelona.com\/ca\/wp-json\/wp\/v2\/marca?post=14053"}],"curies":[{"name":"wp","href":"https:\/\/api.w.org\/{rel}","templated":true}]}}