{"id":14060,"date":"2025-10-27T11:17:47","date_gmt":"2025-10-27T11:17:47","guid":{"rendered":"https:\/\/enlineabarcelona.com\/producto\/whisky-silla\/"},"modified":"2025-10-27T11:17:47","modified_gmt":"2025-10-27T11:17:47","slug":"whisky-silla","status":"publish","type":"product","link":"https:\/\/enlineabarcelona.com\/ca\/producto\/whisky-silla\/","title":{"rendered":"Silla Whisky"},"content":{"rendered":"\n<p>La butaca Whisky fue dise\u00f1ada por Finn Juhl en 1948 y se caracteriza por el sentido art\u00edstico del dise\u00f1ador en cuanto a forma, funci\u00f3n y detalle. Finn Juhl desempe\u00f1\u00f3 un papel innovador en el movimiento de dise\u00f1o Danish Modern, ya que sus muebles esculturales manifestaban la posici\u00f3n de Dinamarca como un pa\u00eds pionero en el dise\u00f1o de muebles. <\/p>\n\n\n\n<p>La exclusiva silla fue presentada originalmente en la Exposici\u00f3n del Gremio de Ebanistas en 1948, como parte del concepto de Finn Juhl &#8220;La Sala de Estar de un Coleccionista de Arte&#8221;, pero no se puso en producci\u00f3n. Finn Juhl siempre se atrevi\u00f3 a destacar por s\u00ed mismo y no le preocupaban los cr\u00edticos que encontraban sus dise\u00f1os demasiado extravagantes. <\/p>\n\n\n\n<p>Al realizar la compra, los clientes recibir\u00e1n un vaso \u00fanico de vidrio soplado artesanalmente por el vidriero Mikkel Yerst. El dibujo original de Finn Juhl no muestra el vaso, lo que significa que la silla misma ha servido de inspiraci\u00f3n para la poderosa forma del vaso especialmente dise\u00f1ado.<\/p>\n","protected":false},"excerpt":{"rendered":"<p>La butaca Whisky fue dise\u00f1ada por Finn Juhl en 1948 y se caracteriza por el sentido art\u00edstico del dise\u00f1ador en cuanto a forma, funci\u00f3n y detalle. Finn Juhl desempe\u00f1\u00f3 un papel innovador en el movimiento de dise\u00f1o Danish Modern, ya que sus muebles esculturales manifestaban la posici\u00f3n de Dinamarca como un pa\u00eds pionero en el &#8230; <a title=\"Silla Whisky\" class=\"read-more\" href=\"https:\/\/enlineabarcelona.com\/ca\/producto\/whisky-silla\/\" aria-label=\"M\u00e9s informaci\u00f3 sobre Silla Whisky\">Llegiu m\u00e9s<\/a><\/p>\n","protected":false},"featured_media":9068,"comment_status":"closed","ping_status":"open","template":"","meta":{"_acf_changed":false},"product_cat":[1145,298],"product_tag":[],"disenadores":[1009],"marca":[1140],"class_list":{"0":"post-14060","1":"product","2":"type-product","3":"status-publish","4":"has-post-thumbnail","6":"product_cat-butacas","7":"product_cat-mobiliario","8":"disenadores-finn-juhl","9":"marca-house-of-finn-juhl","10":"sales-flash-overlay","11":"woocommerce-text-align-center","12":"woocommerce-image-align-center","13":"do-quantity-buttons","14":"wc-has-gallery","16":"first","17":"instock","18":"purchasable","19":"product-type-simple"},"acf":[],"_links":{"self":[{"href":"https:\/\/enlineabarcelona.com\/ca\/wp-json\/wp\/v2\/product\/14060","targetHints":{"allow":["GET"]}}],"collection":[{"href":"https:\/\/enlineabarcelona.com\/ca\/wp-json\/wp\/v2\/product"}],"about":[{"href":"https:\/\/enlineabarcelona.com\/ca\/wp-json\/wp\/v2\/types\/product"}],"replies":[{"embeddable":true,"href":"https:\/\/enlineabarcelona.com\/ca\/wp-json\/wp\/v2\/comments?post=14060"}],"wp:featuredmedia":[{"embeddable":true,"href":"https:\/\/enlineabarcelona.com\/ca\/wp-json\/wp\/v2\/media\/9068"}],"wp:attachment":[{"href":"https:\/\/enlineabarcelona.com\/ca\/wp-json\/wp\/v2\/media?parent=14060"}],"wp:term":[{"taxonomy":"product_cat","embeddable":true,"href":"https:\/\/enlineabarcelona.com\/ca\/wp-json\/wp\/v2\/product_cat?post=14060"},{"taxonomy":"product_tag","embeddable":true,"href":"https:\/\/enlineabarcelona.com\/ca\/wp-json\/wp\/v2\/product_tag?post=14060"},{"taxonomy":"disenadores","embeddable":true,"href":"https:\/\/enlineabarcelona.com\/ca\/wp-json\/wp\/v2\/disenadores?post=14060"},{"taxonomy":"marca","embeddable":true,"href":"https:\/\/enlineabarcelona.com\/ca\/wp-json\/wp\/v2\/marca?post=14060"}],"curies":[{"name":"wp","href":"https:\/\/api.w.org\/{rel}","templated":true}]}}