{"id":14061,"date":"2025-10-27T11:17:47","date_gmt":"2025-10-27T11:17:47","guid":{"rendered":"https:\/\/enlineabarcelona.com\/producto\/nyhavn-escritorio-con-bandeja\/"},"modified":"2025-10-27T11:17:48","modified_gmt":"2025-10-27T11:17:48","slug":"nyhavn-escritorio-con-bandeja","status":"publish","type":"product","link":"https:\/\/enlineabarcelona.com\/ca\/producto\/nyhavn-escritorio-con-bandeja\/","title":{"rendered":"Escritorio con Bandeja Nyhavn"},"content":{"rendered":"\n<p>Finn Juhl es conocido por a\u00f1adir ligereza visual a sus dise\u00f1os, y el Escritorio Nyhavn no es una excepci\u00f3n. El escritorio se fabrica en diferentes tama\u00f1os y est\u00e1 disponible con una tapa de mesa enchapada en teca, roble, nogal, pino de Oreg\u00f3n o lin\u00f3leo en los colores &#8216;negro&#8217; o &#8216;seta&#8217; con pies de madera a juego sobre patas de acero bru\u00f1ido. Como alternativa, las patas est\u00e1n disponibles en negro, naranja o azul claro. La mesa se puede pedir con un m\u00f3dulo de bandeja con tres cajones en una gama de colores c\u00e1lidos o fr\u00edos. Cuando Finn Juhl estableci\u00f3 su primer estudio en la exclusiva direcci\u00f3n de 33 Nyhavn en el centro de Copenhague en 1945, dise\u00f1\u00f3 un escritorio muy simple con patas de acero bru\u00f1ido, un detalle que lleg\u00f3 a dar forma a su dise\u00f1o de muebles durante la d\u00e9cada de 1950. Cuando Finn Juhl traslad\u00f3 su estudio a 38 S\u00f8lvgade en 1957, estas mismas mesas a\u00fan se utilizaban. <\/p>\n\n\n\n<p>Cuando Finn Juhl dise\u00f1\u00f3 el Escritorio Nyhavn, se inspir\u00f3 en los dise\u00f1os simplistas de sus hom\u00f3logos estadounidenses, en particular Charles Eames. Sin embargo, su sentido de la funcionalidad y el detalle es lo que a\u00f1ade verdadero car\u00e1cter a esta pieza.<\/p>\n","protected":false},"excerpt":{"rendered":"<p>Finn Juhl es conocido por a\u00f1adir ligereza visual a sus dise\u00f1os, y el Escritorio Nyhavn no es una excepci\u00f3n. El escritorio se fabrica en diferentes tama\u00f1os y est\u00e1 disponible con una tapa de mesa enchapada en teca, roble, nogal, pino de Oreg\u00f3n o lin\u00f3leo en los colores &#8216;negro&#8217; o &#8216;seta&#8217; con pies de madera a &#8230; <a title=\"Escritorio con Bandeja Nyhavn\" class=\"read-more\" href=\"https:\/\/enlineabarcelona.com\/ca\/producto\/nyhavn-escritorio-con-bandeja\/\" aria-label=\"M\u00e9s informaci\u00f3 sobre Escritorio con Bandeja Nyhavn\">Llegiu m\u00e9s<\/a><\/p>\n","protected":false},"featured_media":9087,"comment_status":"closed","ping_status":"open","template":"","meta":{"_acf_changed":false},"product_cat":[289,298],"product_tag":[],"disenadores":[1009],"marca":[1140],"class_list":{"0":"post-14061","1":"product","2":"type-product","3":"status-publish","4":"has-post-thumbnail","6":"product_cat-mesas","7":"product_cat-mobiliario","8":"disenadores-finn-juhl","9":"marca-house-of-finn-juhl","10":"sales-flash-overlay","11":"woocommerce-text-align-center","12":"woocommerce-image-align-center","13":"do-quantity-buttons","14":"wc-has-gallery","16":"first","17":"instock","18":"purchasable","19":"product-type-simple"},"acf":[],"_links":{"self":[{"href":"https:\/\/enlineabarcelona.com\/ca\/wp-json\/wp\/v2\/product\/14061","targetHints":{"allow":["GET"]}}],"collection":[{"href":"https:\/\/enlineabarcelona.com\/ca\/wp-json\/wp\/v2\/product"}],"about":[{"href":"https:\/\/enlineabarcelona.com\/ca\/wp-json\/wp\/v2\/types\/product"}],"replies":[{"embeddable":true,"href":"https:\/\/enlineabarcelona.com\/ca\/wp-json\/wp\/v2\/comments?post=14061"}],"wp:featuredmedia":[{"embeddable":true,"href":"https:\/\/enlineabarcelona.com\/ca\/wp-json\/wp\/v2\/media\/9087"}],"wp:attachment":[{"href":"https:\/\/enlineabarcelona.com\/ca\/wp-json\/wp\/v2\/media?parent=14061"}],"wp:term":[{"taxonomy":"product_cat","embeddable":true,"href":"https:\/\/enlineabarcelona.com\/ca\/wp-json\/wp\/v2\/product_cat?post=14061"},{"taxonomy":"product_tag","embeddable":true,"href":"https:\/\/enlineabarcelona.com\/ca\/wp-json\/wp\/v2\/product_tag?post=14061"},{"taxonomy":"disenadores","embeddable":true,"href":"https:\/\/enlineabarcelona.com\/ca\/wp-json\/wp\/v2\/disenadores?post=14061"},{"taxonomy":"marca","embeddable":true,"href":"https:\/\/enlineabarcelona.com\/ca\/wp-json\/wp\/v2\/marca?post=14061"}],"curies":[{"name":"wp","href":"https:\/\/api.w.org\/{rel}","templated":true}]}}