{"id":14062,"date":"2025-10-27T11:17:47","date_gmt":"2025-10-27T11:17:47","guid":{"rendered":"https:\/\/enlineabarcelona.com\/producto\/109-silla\/"},"modified":"2025-10-27T11:17:49","modified_gmt":"2025-10-27T11:17:49","slug":"109-silla","status":"publish","type":"product","link":"https:\/\/enlineabarcelona.com\/ca\/producto\/109-silla\/","title":{"rendered":"Silla 109"},"content":{"rendered":"\n<p>La Silla 109 fue dise\u00f1ada por Finn Juhl en 1955 y originalmente fue fabricada por el ebanista Niels Vodder. Son especialmente los detallados apoyabrazos los que hacen \u00fanica a esta silla. Estos apoyabrazos est\u00e1n moldeados \u00edntimamente para adaptarse a un peque\u00f1o hueco en la punta, que se ajusta perfectamente al pulgar. La Silla 109 es funcional tanto en un entorno de comedor en casa como en un restaurante, un hotel o una sala de conferencias. La silla se fabrica en roble o nogal y con tapicer\u00eda en textil o cuero. En este dise\u00f1o, son especialmente los apoyabrazos detalladamente elaborados los que hacen que la silla sea interesante y elegante. Adem\u00e1s del confort por el que Finn Juhl es tan famoso, los apoyabrazos de la Silla 109 est\u00e1n moldeados casi \u00edntimamente para adaptarse a un peque\u00f1o hueco en la punta, que se ajusta perfectamente al pulgar. Estos detalles enfatizan la precisi\u00f3n experta de la artesan\u00eda.<\/p>\n\n\n\n<p><\/p>\n","protected":false},"excerpt":{"rendered":"<p>La Silla 109 fue dise\u00f1ada por Finn Juhl en 1955 y originalmente fue fabricada por el ebanista Niels Vodder. Son especialmente los detallados apoyabrazos los que hacen \u00fanica a esta silla. Estos apoyabrazos est\u00e1n moldeados \u00edntimamente para adaptarse a un peque\u00f1o hueco en la punta, que se ajusta perfectamente al pulgar. La Silla 109 es &#8230; <a title=\"Silla 109\" class=\"read-more\" href=\"https:\/\/enlineabarcelona.com\/ca\/producto\/109-silla\/\" aria-label=\"M\u00e9s informaci\u00f3 sobre Silla 109\">Llegiu m\u00e9s<\/a><\/p>\n","protected":false},"featured_media":9106,"comment_status":"closed","ping_status":"open","template":"","meta":{"_acf_changed":false},"product_cat":[298,1139],"product_tag":[],"disenadores":[1009],"marca":[1140],"class_list":{"0":"post-14062","1":"product","2":"type-product","3":"status-publish","4":"has-post-thumbnail","6":"product_cat-mobiliario","7":"product_cat-sillas","8":"disenadores-finn-juhl","9":"marca-house-of-finn-juhl","10":"sales-flash-overlay","11":"woocommerce-text-align-center","12":"woocommerce-image-align-center","13":"do-quantity-buttons","14":"wc-has-gallery","16":"first","17":"instock","18":"purchasable","19":"product-type-simple"},"acf":[],"_links":{"self":[{"href":"https:\/\/enlineabarcelona.com\/ca\/wp-json\/wp\/v2\/product\/14062","targetHints":{"allow":["GET"]}}],"collection":[{"href":"https:\/\/enlineabarcelona.com\/ca\/wp-json\/wp\/v2\/product"}],"about":[{"href":"https:\/\/enlineabarcelona.com\/ca\/wp-json\/wp\/v2\/types\/product"}],"replies":[{"embeddable":true,"href":"https:\/\/enlineabarcelona.com\/ca\/wp-json\/wp\/v2\/comments?post=14062"}],"wp:featuredmedia":[{"embeddable":true,"href":"https:\/\/enlineabarcelona.com\/ca\/wp-json\/wp\/v2\/media\/9106"}],"wp:attachment":[{"href":"https:\/\/enlineabarcelona.com\/ca\/wp-json\/wp\/v2\/media?parent=14062"}],"wp:term":[{"taxonomy":"product_cat","embeddable":true,"href":"https:\/\/enlineabarcelona.com\/ca\/wp-json\/wp\/v2\/product_cat?post=14062"},{"taxonomy":"product_tag","embeddable":true,"href":"https:\/\/enlineabarcelona.com\/ca\/wp-json\/wp\/v2\/product_tag?post=14062"},{"taxonomy":"disenadores","embeddable":true,"href":"https:\/\/enlineabarcelona.com\/ca\/wp-json\/wp\/v2\/disenadores?post=14062"},{"taxonomy":"marca","embeddable":true,"href":"https:\/\/enlineabarcelona.com\/ca\/wp-json\/wp\/v2\/marca?post=14062"}],"curies":[{"name":"wp","href":"https:\/\/api.w.org\/{rel}","templated":true}]}}