{"id":14063,"date":"2025-10-27T11:17:47","date_gmt":"2025-10-27T11:17:47","guid":{"rendered":"https:\/\/enlineabarcelona.com\/producto\/taburete-60-edicion-limitada-kontrasti\/"},"modified":"2025-10-27T11:17:50","modified_gmt":"2025-10-27T11:17:50","slug":"taburete-60-edicion-limitada-kontrasti","status":"publish","type":"product","link":"https:\/\/enlineabarcelona.com\/ca\/producto\/taburete-60-edicion-limitada-kontrasti\/","title":{"rendered":"Taburete 60 &#8211; Edici\u00f3n Limitada &#8211; Kontrasti"},"content":{"rendered":"\n<p>El ic\u00f3nico Taburete 60 de Alvar Aalto es la pieza de mobiliario m\u00e1s elemental, igualmente adecuada como asiento, mesa, unidad de almacenamiento o superficie de exhibici\u00f3n. Nacido de los ideales modernistas y la innovaci\u00f3n finlandesa, su gran legado y relevancia continua se deben mucho a la visi\u00f3n original de Alvar Aalto de un objeto universal hecho completamente de abedul nativo. Manteni\u00e9ndose en producci\u00f3n continua desde 1933, el Taburete 60 apenas ha cambiado en cuanto a material o forma, sin embargo, sigue trascendiendo el tiempo y la moda. Con este m\u00ednimo de componentes, el Taburete 60 se empaca de manera plana, haciendo que su transporte sea econ\u00f3mico y ecol\u00f3gico. A trav\u00e9s de las caracter\u00edsticas individuales de la madera y su belleza natural, cada taburete adquiere su propio car\u00e1cter \u00fanico, desarrollando una rica p\u00e1tina y envejeciendo con gracia a lo largo de los a\u00f1os.<\/p>\n\n\n\n<p><\/p>\n","protected":false},"excerpt":{"rendered":"<p>El ic\u00f3nico Taburete 60 de Alvar Aalto es la pieza de mobiliario m\u00e1s elemental, igualmente adecuada como asiento, mesa, unidad de almacenamiento o superficie de exhibici\u00f3n. Nacido de los ideales modernistas y la innovaci\u00f3n finlandesa, su gran legado y relevancia continua se deben mucho a la visi\u00f3n original de Alvar Aalto de un objeto universal &#8230; <a title=\"Taburete 60 &#8211; Edici\u00f3n Limitada &#8211; Kontrasti\" class=\"read-more\" href=\"https:\/\/enlineabarcelona.com\/ca\/producto\/taburete-60-edicion-limitada-kontrasti\/\" aria-label=\"M\u00e9s informaci\u00f3 sobre Taburete 60 &#8211; Edici\u00f3n Limitada &#8211; Kontrasti\">Llegiu m\u00e9s<\/a><\/p>\n","protected":false},"featured_media":9125,"comment_status":"closed","ping_status":"open","template":"","meta":{"_acf_changed":false},"product_cat":[298,1151],"product_tag":[],"disenadores":[873],"marca":[98],"class_list":{"0":"post-14063","1":"product","2":"type-product","3":"status-publish","4":"has-post-thumbnail","6":"product_cat-mobiliario","7":"product_cat-taburetes","8":"disenadores-alvar-aalto","9":"marca-artek","10":"sales-flash-overlay","11":"woocommerce-text-align-center","12":"woocommerce-image-align-center","13":"do-quantity-buttons","14":"wc-has-gallery","16":"first","17":"instock","18":"purchasable","19":"product-type-simple"},"acf":[],"_links":{"self":[{"href":"https:\/\/enlineabarcelona.com\/ca\/wp-json\/wp\/v2\/product\/14063","targetHints":{"allow":["GET"]}}],"collection":[{"href":"https:\/\/enlineabarcelona.com\/ca\/wp-json\/wp\/v2\/product"}],"about":[{"href":"https:\/\/enlineabarcelona.com\/ca\/wp-json\/wp\/v2\/types\/product"}],"replies":[{"embeddable":true,"href":"https:\/\/enlineabarcelona.com\/ca\/wp-json\/wp\/v2\/comments?post=14063"}],"wp:featuredmedia":[{"embeddable":true,"href":"https:\/\/enlineabarcelona.com\/ca\/wp-json\/wp\/v2\/media\/9125"}],"wp:attachment":[{"href":"https:\/\/enlineabarcelona.com\/ca\/wp-json\/wp\/v2\/media?parent=14063"}],"wp:term":[{"taxonomy":"product_cat","embeddable":true,"href":"https:\/\/enlineabarcelona.com\/ca\/wp-json\/wp\/v2\/product_cat?post=14063"},{"taxonomy":"product_tag","embeddable":true,"href":"https:\/\/enlineabarcelona.com\/ca\/wp-json\/wp\/v2\/product_tag?post=14063"},{"taxonomy":"disenadores","embeddable":true,"href":"https:\/\/enlineabarcelona.com\/ca\/wp-json\/wp\/v2\/disenadores?post=14063"},{"taxonomy":"marca","embeddable":true,"href":"https:\/\/enlineabarcelona.com\/ca\/wp-json\/wp\/v2\/marca?post=14063"}],"curies":[{"name":"wp","href":"https:\/\/api.w.org\/{rel}","templated":true}]}}