{"id":14065,"date":"2025-10-27T11:17:47","date_gmt":"2025-10-27T11:17:47","guid":{"rendered":"https:\/\/enlineabarcelona.com\/producto\/toio-led\/"},"modified":"2025-10-27T11:17:51","modified_gmt":"2025-10-27T11:17:51","slug":"toio-led","status":"publish","type":"product","link":"https:\/\/enlineabarcelona.com\/ca\/producto\/toio-led\/","title":{"rendered":"L\u00e1mpara Toio Led"},"content":{"rendered":"\n<p>L\u00e1mpara de pie de luz indirecta. Base en acero cortado y curvado y estructura en perfiles en acero, ambas pintadas en diferentes colores. Pie con secci\u00f3n hexagonal en lat\u00f3n niquelado. El movimiento telesc\u00f3pico de la varilla permite regular la altura del aparato. El dimmer electr\u00f3nico que est\u00e1 en el cable consiente la regulaci\u00f3n gradual de la intensidad luminosa.<\/p>\n","protected":false},"excerpt":{"rendered":"<p>L\u00e1mpara de pie de luz indirecta. Base en acero cortado y curvado y estructura en perfiles en acero, ambas pintadas en diferentes colores. Pie con secci\u00f3n hexagonal en lat\u00f3n niquelado. El movimiento telesc\u00f3pico de la varilla permite regular la altura del aparato. El dimmer electr\u00f3nico que est\u00e1 en el cable consiente la regulaci\u00f3n gradual de &#8230; <a title=\"L\u00e1mpara Toio Led\" class=\"read-more\" href=\"https:\/\/enlineabarcelona.com\/ca\/producto\/toio-led\/\" aria-label=\"M\u00e9s informaci\u00f3 sobre L\u00e1mpara Toio Led\">Llegiu m\u00e9s<\/a><\/p>\n","protected":false},"featured_media":9151,"comment_status":"closed","ping_status":"open","template":"","meta":{"_acf_changed":false},"product_cat":[1156],"product_tag":[],"disenadores":[883],"marca":[],"class_list":{"0":"post-14065","1":"product","2":"type-product","3":"status-publish","4":"has-post-thumbnail","6":"product_cat-iluminacion","7":"disenadores-achille-pier-giacomo-castiglioni","8":"sales-flash-overlay","9":"woocommerce-text-align-center","10":"woocommerce-image-align-center","11":"do-quantity-buttons","12":"wc-has-gallery","14":"first","15":"instock","16":"purchasable","17":"product-type-simple"},"acf":[],"_links":{"self":[{"href":"https:\/\/enlineabarcelona.com\/ca\/wp-json\/wp\/v2\/product\/14065","targetHints":{"allow":["GET"]}}],"collection":[{"href":"https:\/\/enlineabarcelona.com\/ca\/wp-json\/wp\/v2\/product"}],"about":[{"href":"https:\/\/enlineabarcelona.com\/ca\/wp-json\/wp\/v2\/types\/product"}],"replies":[{"embeddable":true,"href":"https:\/\/enlineabarcelona.com\/ca\/wp-json\/wp\/v2\/comments?post=14065"}],"wp:featuredmedia":[{"embeddable":true,"href":"https:\/\/enlineabarcelona.com\/ca\/wp-json\/wp\/v2\/media\/9151"}],"wp:attachment":[{"href":"https:\/\/enlineabarcelona.com\/ca\/wp-json\/wp\/v2\/media?parent=14065"}],"wp:term":[{"taxonomy":"product_cat","embeddable":true,"href":"https:\/\/enlineabarcelona.com\/ca\/wp-json\/wp\/v2\/product_cat?post=14065"},{"taxonomy":"product_tag","embeddable":true,"href":"https:\/\/enlineabarcelona.com\/ca\/wp-json\/wp\/v2\/product_tag?post=14065"},{"taxonomy":"disenadores","embeddable":true,"href":"https:\/\/enlineabarcelona.com\/ca\/wp-json\/wp\/v2\/disenadores?post=14065"},{"taxonomy":"marca","embeddable":true,"href":"https:\/\/enlineabarcelona.com\/ca\/wp-json\/wp\/v2\/marca?post=14065"}],"curies":[{"name":"wp","href":"https:\/\/api.w.org\/{rel}","templated":true}]}}