{"id":14067,"date":"2025-10-27T11:17:47","date_gmt":"2025-10-27T11:17:47","guid":{"rendered":"https:\/\/enlineabarcelona.com\/producto\/mesa-daystack-rd2\/"},"modified":"2025-10-27T11:17:52","modified_gmt":"2025-10-27T11:17:52","slug":"mesa-daystack-rd2","status":"publish","type":"product","link":"https:\/\/enlineabarcelona.com\/ca\/producto\/mesa-daystack-rd2\/","title":{"rendered":"Mesa Daystak RD2"},"content":{"rendered":"\n<p>Dise\u00f1ada en 1951, la mesa Daystak ejemplifica la meticulosa atenci\u00f3n al detalle de Robin Day y la celebraci\u00f3n del material disponible. Con las mismas llamativas patas en forma de A que la silla lateral y el escritorio Daystak, la mesa se complementa con el resto de la colecci\u00f3n para crear un conjunto distintivamente de mediados del siglo XX.<\/p>\n","protected":false},"excerpt":{"rendered":"<p>Dise\u00f1ada en 1951, la mesa Daystak ejemplifica la meticulosa atenci\u00f3n al detalle de Robin Day y la celebraci\u00f3n del material disponible. Con las mismas llamativas patas en forma de A que la silla lateral y el escritorio Daystak, la mesa se complementa con el resto de la colecci\u00f3n para crear un conjunto distintivamente de mediados &#8230; <a title=\"Mesa Daystak RD2\" class=\"read-more\" href=\"https:\/\/enlineabarcelona.com\/ca\/producto\/mesa-daystack-rd2\/\" aria-label=\"M\u00e9s informaci\u00f3 sobre Mesa Daystak RD2\">Llegiu m\u00e9s<\/a><\/p>\n","protected":false},"featured_media":9186,"comment_status":"closed","ping_status":"open","template":"","meta":{"_acf_changed":false},"product_cat":[289,298],"product_tag":[],"disenadores":[775],"marca":[1152],"class_list":{"0":"post-14067","1":"product","2":"type-product","3":"status-publish","4":"has-post-thumbnail","6":"product_cat-mesas","7":"product_cat-mobiliario","8":"disenadores-robin-day","9":"marca-andtradition","10":"sales-flash-overlay","11":"woocommerce-text-align-center","12":"woocommerce-image-align-center","13":"do-quantity-buttons","14":"wc-has-gallery","16":"first","17":"instock","18":"purchasable","19":"product-type-simple"},"acf":[],"_links":{"self":[{"href":"https:\/\/enlineabarcelona.com\/ca\/wp-json\/wp\/v2\/product\/14067","targetHints":{"allow":["GET"]}}],"collection":[{"href":"https:\/\/enlineabarcelona.com\/ca\/wp-json\/wp\/v2\/product"}],"about":[{"href":"https:\/\/enlineabarcelona.com\/ca\/wp-json\/wp\/v2\/types\/product"}],"replies":[{"embeddable":true,"href":"https:\/\/enlineabarcelona.com\/ca\/wp-json\/wp\/v2\/comments?post=14067"}],"wp:featuredmedia":[{"embeddable":true,"href":"https:\/\/enlineabarcelona.com\/ca\/wp-json\/wp\/v2\/media\/9186"}],"wp:attachment":[{"href":"https:\/\/enlineabarcelona.com\/ca\/wp-json\/wp\/v2\/media?parent=14067"}],"wp:term":[{"taxonomy":"product_cat","embeddable":true,"href":"https:\/\/enlineabarcelona.com\/ca\/wp-json\/wp\/v2\/product_cat?post=14067"},{"taxonomy":"product_tag","embeddable":true,"href":"https:\/\/enlineabarcelona.com\/ca\/wp-json\/wp\/v2\/product_tag?post=14067"},{"taxonomy":"disenadores","embeddable":true,"href":"https:\/\/enlineabarcelona.com\/ca\/wp-json\/wp\/v2\/disenadores?post=14067"},{"taxonomy":"marca","embeddable":true,"href":"https:\/\/enlineabarcelona.com\/ca\/wp-json\/wp\/v2\/marca?post=14067"}],"curies":[{"name":"wp","href":"https:\/\/api.w.org\/{rel}","templated":true}]}}