{"id":14068,"date":"2025-10-27T11:17:47","date_gmt":"2025-10-27T11:17:47","guid":{"rendered":"https:\/\/enlineabarcelona.com\/producto\/escritorio-daystak-rd3\/"},"modified":"2025-10-27T11:17:53","modified_gmt":"2025-10-27T11:17:53","slug":"escritorio-daystak-rd3","status":"publish","type":"product","link":"https:\/\/enlineabarcelona.com\/ca\/producto\/escritorio-daystak-rd3\/","title":{"rendered":"Escritorio Daystak RD3"},"content":{"rendered":"\n<p>Influenciada por la noci\u00f3n de dise\u00f1o flexible, el escritorio Daystak destaca la habilidad de Robin Day para combinar forma y utilidad. La adici\u00f3n de una caja de cajones con ensamblaje de cola de milano visible a la mesa Daystak ampl\u00eda el potencial funcional del dise\u00f1o para crear un escritorio que encarna el enfoque creativo singular de Day. La caja de cajones se puede pedir por separado y colocar en cualquiera de los lados de la mesa.<\/p>\n","protected":false},"excerpt":{"rendered":"<p>Influenciada por la noci\u00f3n de dise\u00f1o flexible, el escritorio Daystak destaca la habilidad de Robin Day para combinar forma y utilidad. La adici\u00f3n de una caja de cajones con ensamblaje de cola de milano visible a la mesa Daystak ampl\u00eda el potencial funcional del dise\u00f1o para crear un escritorio que encarna el enfoque creativo singular &#8230; <a title=\"Escritorio Daystak RD3\" class=\"read-more\" href=\"https:\/\/enlineabarcelona.com\/ca\/producto\/escritorio-daystak-rd3\/\" aria-label=\"M\u00e9s informaci\u00f3 sobre Escritorio Daystak RD3\">Llegiu m\u00e9s<\/a><\/p>\n","protected":false},"featured_media":9205,"comment_status":"closed","ping_status":"open","template":"","meta":{"_acf_changed":false},"product_cat":[1165,1166],"product_tag":[],"disenadores":[775],"marca":[1152],"class_list":{"0":"post-14068","1":"product","2":"type-product","3":"status-publish","4":"has-post-thumbnail","6":"product_cat-home-officemobiliario","7":"product_cat-mesas","8":"disenadores-robin-day","9":"marca-andtradition","10":"sales-flash-overlay","11":"woocommerce-text-align-center","12":"woocommerce-image-align-center","13":"do-quantity-buttons","14":"wc-has-gallery","16":"first","17":"instock","18":"purchasable","19":"product-type-simple"},"acf":[],"_links":{"self":[{"href":"https:\/\/enlineabarcelona.com\/ca\/wp-json\/wp\/v2\/product\/14068","targetHints":{"allow":["GET"]}}],"collection":[{"href":"https:\/\/enlineabarcelona.com\/ca\/wp-json\/wp\/v2\/product"}],"about":[{"href":"https:\/\/enlineabarcelona.com\/ca\/wp-json\/wp\/v2\/types\/product"}],"replies":[{"embeddable":true,"href":"https:\/\/enlineabarcelona.com\/ca\/wp-json\/wp\/v2\/comments?post=14068"}],"wp:featuredmedia":[{"embeddable":true,"href":"https:\/\/enlineabarcelona.com\/ca\/wp-json\/wp\/v2\/media\/9205"}],"wp:attachment":[{"href":"https:\/\/enlineabarcelona.com\/ca\/wp-json\/wp\/v2\/media?parent=14068"}],"wp:term":[{"taxonomy":"product_cat","embeddable":true,"href":"https:\/\/enlineabarcelona.com\/ca\/wp-json\/wp\/v2\/product_cat?post=14068"},{"taxonomy":"product_tag","embeddable":true,"href":"https:\/\/enlineabarcelona.com\/ca\/wp-json\/wp\/v2\/product_tag?post=14068"},{"taxonomy":"disenadores","embeddable":true,"href":"https:\/\/enlineabarcelona.com\/ca\/wp-json\/wp\/v2\/disenadores?post=14068"},{"taxonomy":"marca","embeddable":true,"href":"https:\/\/enlineabarcelona.com\/ca\/wp-json\/wp\/v2\/marca?post=14068"}],"curies":[{"name":"wp","href":"https:\/\/api.w.org\/{rel}","templated":true}]}}