{"id":14070,"date":"2025-10-27T11:17:47","date_gmt":"2025-10-27T11:17:47","guid":{"rendered":"https:\/\/enlineabarcelona.com\/producto\/mesa-de-terraza-rfh-rd5\/"},"modified":"2025-10-27T11:17:55","modified_gmt":"2025-10-27T11:17:55","slug":"mesa-de-terraza-rfh-rd5","status":"publish","type":"product","link":"https:\/\/enlineabarcelona.com\/ca\/producto\/mesa-de-terraza-rfh-rd5\/","title":{"rendered":"Mesa de terraza RFH RD5"},"content":{"rendered":"\n<p>Como parte de la colecci\u00f3n del Royal Festival Hall de Robin Day, la mesa de terraza RFH est\u00e1 fabricada en acero negro con revestimiento en polvo, lo que la hace extremadamente resistente, a prueba de decoloraci\u00f3n y a prueba de agua. Con cuatro patas que se abren en un \u00e1ngulo ligero, la mesa adquiere una apariencia suave pero industrial.<\/p>\n","protected":false},"excerpt":{"rendered":"<p>Como parte de la colecci\u00f3n del Royal Festival Hall de Robin Day, la mesa de terraza RFH est\u00e1 fabricada en acero negro con revestimiento en polvo, lo que la hace extremadamente resistente, a prueba de decoloraci\u00f3n y a prueba de agua. Con cuatro patas que se abren en un \u00e1ngulo ligero, la mesa adquiere una &#8230; <a title=\"Mesa de terraza RFH RD5\" class=\"read-more\" href=\"https:\/\/enlineabarcelona.com\/ca\/producto\/mesa-de-terraza-rfh-rd5\/\" aria-label=\"M\u00e9s informaci\u00f3 sobre Mesa de terraza RFH RD5\">Llegiu m\u00e9s<\/a><\/p>\n","protected":false},"featured_media":9249,"comment_status":"closed","ping_status":"open","template":"","meta":{"_acf_changed":false},"product_cat":[251,294],"product_tag":[],"disenadores":[775],"marca":[1152],"class_list":{"0":"post-14070","1":"product","2":"type-product","3":"status-publish","4":"has-post-thumbnail","6":"product_cat-exterior","7":"product_cat-mesas-exterior","8":"disenadores-robin-day","9":"marca-andtradition","10":"sales-flash-overlay","11":"woocommerce-text-align-center","12":"woocommerce-image-align-center","13":"do-quantity-buttons","14":"wc-has-gallery","16":"first","17":"instock","18":"purchasable","19":"product-type-simple"},"acf":[],"_links":{"self":[{"href":"https:\/\/enlineabarcelona.com\/ca\/wp-json\/wp\/v2\/product\/14070","targetHints":{"allow":["GET"]}}],"collection":[{"href":"https:\/\/enlineabarcelona.com\/ca\/wp-json\/wp\/v2\/product"}],"about":[{"href":"https:\/\/enlineabarcelona.com\/ca\/wp-json\/wp\/v2\/types\/product"}],"replies":[{"embeddable":true,"href":"https:\/\/enlineabarcelona.com\/ca\/wp-json\/wp\/v2\/comments?post=14070"}],"wp:featuredmedia":[{"embeddable":true,"href":"https:\/\/enlineabarcelona.com\/ca\/wp-json\/wp\/v2\/media\/9249"}],"wp:attachment":[{"href":"https:\/\/enlineabarcelona.com\/ca\/wp-json\/wp\/v2\/media?parent=14070"}],"wp:term":[{"taxonomy":"product_cat","embeddable":true,"href":"https:\/\/enlineabarcelona.com\/ca\/wp-json\/wp\/v2\/product_cat?post=14070"},{"taxonomy":"product_tag","embeddable":true,"href":"https:\/\/enlineabarcelona.com\/ca\/wp-json\/wp\/v2\/product_tag?post=14070"},{"taxonomy":"disenadores","embeddable":true,"href":"https:\/\/enlineabarcelona.com\/ca\/wp-json\/wp\/v2\/disenadores?post=14070"},{"taxonomy":"marca","embeddable":true,"href":"https:\/\/enlineabarcelona.com\/ca\/wp-json\/wp\/v2\/marca?post=14070"}],"curies":[{"name":"wp","href":"https:\/\/api.w.org\/{rel}","templated":true}]}}