{"id":14072,"date":"2025-10-27T11:17:47","date_gmt":"2025-10-27T11:17:47","guid":{"rendered":"https:\/\/enlineabarcelona.com\/producto\/sillon-rfh-rd8\/"},"modified":"2025-10-27T11:17:56","modified_gmt":"2025-10-27T11:17:56","slug":"sillon-rfh-rd8","status":"publish","type":"product","link":"https:\/\/enlineabarcelona.com\/ca\/producto\/sillon-rfh-rd8\/","title":{"rendered":"Butaca RFH RD8"},"content":{"rendered":"\n<p>Con un car\u00e1cter suave y acogedor, la Silla Lounge RFH sigue los mismos principios de dise\u00f1o que la Silla de Brazo RFH. Con un tama\u00f1o reducido, parte del encanto de la silla reside en su forma baja y compacta, ofreciendo una pieza de lounge con una silueta llamativa que puede colocarse en los espacios m\u00e1s modestos.<\/p>\n","protected":false},"excerpt":{"rendered":"<p>Con un car\u00e1cter suave y acogedor, la Silla Lounge RFH sigue los mismos principios de dise\u00f1o que la Silla de Brazo RFH. Con un tama\u00f1o reducido, parte del encanto de la silla reside en su forma baja y compacta, ofreciendo una pieza de lounge con una silueta llamativa que puede colocarse en los espacios m\u00e1s &#8230; <a title=\"Butaca RFH RD8\" class=\"read-more\" href=\"https:\/\/enlineabarcelona.com\/ca\/producto\/sillon-rfh-rd8\/\" aria-label=\"M\u00e9s informaci\u00f3 sobre Butaca RFH RD8\">Llegiu m\u00e9s<\/a><\/p>\n","protected":false},"featured_media":9281,"comment_status":"closed","ping_status":"open","template":"","meta":{"_acf_changed":false},"product_cat":[1145,298],"product_tag":[],"disenadores":[775],"marca":[1152],"class_list":{"0":"post-14072","1":"product","2":"type-product","3":"status-publish","4":"has-post-thumbnail","6":"product_cat-butacas","7":"product_cat-mobiliario","8":"disenadores-robin-day","9":"marca-andtradition","10":"sales-flash-overlay","11":"woocommerce-text-align-center","12":"woocommerce-image-align-center","13":"do-quantity-buttons","14":"wc-has-gallery","16":"first","17":"instock","18":"purchasable","19":"product-type-simple"},"acf":[],"_links":{"self":[{"href":"https:\/\/enlineabarcelona.com\/ca\/wp-json\/wp\/v2\/product\/14072","targetHints":{"allow":["GET"]}}],"collection":[{"href":"https:\/\/enlineabarcelona.com\/ca\/wp-json\/wp\/v2\/product"}],"about":[{"href":"https:\/\/enlineabarcelona.com\/ca\/wp-json\/wp\/v2\/types\/product"}],"replies":[{"embeddable":true,"href":"https:\/\/enlineabarcelona.com\/ca\/wp-json\/wp\/v2\/comments?post=14072"}],"wp:featuredmedia":[{"embeddable":true,"href":"https:\/\/enlineabarcelona.com\/ca\/wp-json\/wp\/v2\/media\/9281"}],"wp:attachment":[{"href":"https:\/\/enlineabarcelona.com\/ca\/wp-json\/wp\/v2\/media?parent=14072"}],"wp:term":[{"taxonomy":"product_cat","embeddable":true,"href":"https:\/\/enlineabarcelona.com\/ca\/wp-json\/wp\/v2\/product_cat?post=14072"},{"taxonomy":"product_tag","embeddable":true,"href":"https:\/\/enlineabarcelona.com\/ca\/wp-json\/wp\/v2\/product_tag?post=14072"},{"taxonomy":"disenadores","embeddable":true,"href":"https:\/\/enlineabarcelona.com\/ca\/wp-json\/wp\/v2\/disenadores?post=14072"},{"taxonomy":"marca","embeddable":true,"href":"https:\/\/enlineabarcelona.com\/ca\/wp-json\/wp\/v2\/marca?post=14072"}],"curies":[{"name":"wp","href":"https:\/\/api.w.org\/{rel}","templated":true}]}}