{"id":14075,"date":"2025-10-27T11:17:47","date_gmt":"2025-10-27T11:17:47","guid":{"rendered":"https:\/\/enlineabarcelona.com\/producto\/carrito-alima-nds1\/"},"modified":"2025-10-27T11:17:59","modified_gmt":"2025-10-27T11:17:59","slug":"carrito-alima-nds1","status":"publish","type":"product","link":"https:\/\/enlineabarcelona.com\/ca\/producto\/carrito-alima-nds1\/","title":{"rendered":"Carrito Alima NDS1"},"content":{"rendered":"\n<p>Inspirado en el &#8220;caos creativo&#8221; de trabajar desde casa, Note Design Studio decidi\u00f3 crear una unidad de almacenamiento que albergara su colecci\u00f3n de revistas, dibujos y objetos. El resultado fue un elegante carrito con un dise\u00f1o distintivo en forma de V incorporado en su superficie, que permite almacenar y exhibir libros apilados f\u00e1cilmente.<\/p>\n","protected":false},"excerpt":{"rendered":"<p>Inspirado en el &#8220;caos creativo&#8221; de trabajar desde casa, Note Design Studio decidi\u00f3 crear una unidad de almacenamiento que albergara su colecci\u00f3n de revistas, dibujos y objetos. El resultado fue un elegante carrito con un dise\u00f1o distintivo en forma de V incorporado en su superficie, que permite almacenar y exhibir libros apilados f\u00e1cilmente.<\/p>\n","protected":false},"featured_media":9350,"comment_status":"closed","ping_status":"open","template":"","meta":{"_acf_changed":false},"product_cat":[1178,298],"product_tag":[],"disenadores":[833],"marca":[1152],"class_list":{"0":"post-14075","1":"product","2":"type-product","3":"status-publish","4":"has-post-thumbnail","6":"product_cat-accesorios","7":"product_cat-mobiliario","8":"disenadores-note-design-studio","9":"marca-andtradition","10":"sales-flash-overlay","11":"woocommerce-text-align-center","12":"woocommerce-image-align-center","13":"do-quantity-buttons","14":"wc-has-gallery","16":"first","17":"instock","18":"purchasable","19":"product-type-simple"},"acf":[],"_links":{"self":[{"href":"https:\/\/enlineabarcelona.com\/ca\/wp-json\/wp\/v2\/product\/14075","targetHints":{"allow":["GET"]}}],"collection":[{"href":"https:\/\/enlineabarcelona.com\/ca\/wp-json\/wp\/v2\/product"}],"about":[{"href":"https:\/\/enlineabarcelona.com\/ca\/wp-json\/wp\/v2\/types\/product"}],"replies":[{"embeddable":true,"href":"https:\/\/enlineabarcelona.com\/ca\/wp-json\/wp\/v2\/comments?post=14075"}],"wp:featuredmedia":[{"embeddable":true,"href":"https:\/\/enlineabarcelona.com\/ca\/wp-json\/wp\/v2\/media\/9350"}],"wp:attachment":[{"href":"https:\/\/enlineabarcelona.com\/ca\/wp-json\/wp\/v2\/media?parent=14075"}],"wp:term":[{"taxonomy":"product_cat","embeddable":true,"href":"https:\/\/enlineabarcelona.com\/ca\/wp-json\/wp\/v2\/product_cat?post=14075"},{"taxonomy":"product_tag","embeddable":true,"href":"https:\/\/enlineabarcelona.com\/ca\/wp-json\/wp\/v2\/product_tag?post=14075"},{"taxonomy":"disenadores","embeddable":true,"href":"https:\/\/enlineabarcelona.com\/ca\/wp-json\/wp\/v2\/disenadores?post=14075"},{"taxonomy":"marca","embeddable":true,"href":"https:\/\/enlineabarcelona.com\/ca\/wp-json\/wp\/v2\/marca?post=14075"}],"curies":[{"name":"wp","href":"https:\/\/api.w.org\/{rel}","templated":true}]}}