{"id":14076,"date":"2025-10-27T11:17:47","date_gmt":"2025-10-27T11:17:47","guid":{"rendered":"https:\/\/enlineabarcelona.com\/producto\/mesa-pavilion-av18\/"},"modified":"2025-10-27T11:17:59","modified_gmt":"2025-10-27T11:17:59","slug":"mesa-pavilion-av18","status":"publish","type":"product","link":"https:\/\/enlineabarcelona.com\/ca\/producto\/mesa-pavilion-av18\/","title":{"rendered":"Escritorio Pavilion AV18"},"content":{"rendered":"\n<p>Disponible en tres tama\u00f1os, la mesa Pavilion m\u00e1s grande, para seis u ocho personas, es ideal para una sala de reuniones de oficina o un espacio de comedor, mientras que la versi\u00f3n m\u00e1s peque\u00f1a, para cuatro personas, es una adici\u00f3n perfecta para el hogar. La mesa puede combinarse con el escritorio Pavilion para proporcionar una experiencia de dise\u00f1o cohesionada, y la gesti\u00f3n de cables puede insertarse f\u00e1cilmente en la mesa debido a la ubicaci\u00f3n del travesa\u00f1o.<\/p>\n","protected":false},"excerpt":{"rendered":"<p>Disponible en tres tama\u00f1os, la mesa Pavilion m\u00e1s grande, para seis u ocho personas, es ideal para una sala de reuniones de oficina o un espacio de comedor, mientras que la versi\u00f3n m\u00e1s peque\u00f1a, para cuatro personas, es una adici\u00f3n perfecta para el hogar. La mesa puede combinarse con el escritorio Pavilion para proporcionar una &#8230; <a title=\"Escritorio Pavilion AV18\" class=\"read-more\" href=\"https:\/\/enlineabarcelona.com\/ca\/producto\/mesa-pavilion-av18\/\" aria-label=\"M\u00e9s informaci\u00f3 sobre Escritorio Pavilion AV18\">Llegiu m\u00e9s<\/a><\/p>\n","protected":false},"featured_media":9366,"comment_status":"closed","ping_status":"open","template":"","meta":{"_acf_changed":false},"product_cat":[1165,1166],"product_tag":[],"disenadores":[812],"marca":[1152],"class_list":{"0":"post-14076","1":"product","2":"type-product","3":"status-publish","4":"has-post-thumbnail","6":"product_cat-home-officemobiliario","7":"product_cat-mesas","8":"disenadores-anderssen-vol","9":"marca-andtradition","10":"sales-flash-overlay","11":"woocommerce-text-align-center","12":"woocommerce-image-align-center","13":"do-quantity-buttons","14":"wc-has-gallery","16":"first","17":"instock","18":"purchasable","19":"product-type-simple"},"acf":[],"_links":{"self":[{"href":"https:\/\/enlineabarcelona.com\/ca\/wp-json\/wp\/v2\/product\/14076","targetHints":{"allow":["GET"]}}],"collection":[{"href":"https:\/\/enlineabarcelona.com\/ca\/wp-json\/wp\/v2\/product"}],"about":[{"href":"https:\/\/enlineabarcelona.com\/ca\/wp-json\/wp\/v2\/types\/product"}],"replies":[{"embeddable":true,"href":"https:\/\/enlineabarcelona.com\/ca\/wp-json\/wp\/v2\/comments?post=14076"}],"wp:featuredmedia":[{"embeddable":true,"href":"https:\/\/enlineabarcelona.com\/ca\/wp-json\/wp\/v2\/media\/9366"}],"wp:attachment":[{"href":"https:\/\/enlineabarcelona.com\/ca\/wp-json\/wp\/v2\/media?parent=14076"}],"wp:term":[{"taxonomy":"product_cat","embeddable":true,"href":"https:\/\/enlineabarcelona.com\/ca\/wp-json\/wp\/v2\/product_cat?post=14076"},{"taxonomy":"product_tag","embeddable":true,"href":"https:\/\/enlineabarcelona.com\/ca\/wp-json\/wp\/v2\/product_tag?post=14076"},{"taxonomy":"disenadores","embeddable":true,"href":"https:\/\/enlineabarcelona.com\/ca\/wp-json\/wp\/v2\/disenadores?post=14076"},{"taxonomy":"marca","embeddable":true,"href":"https:\/\/enlineabarcelona.com\/ca\/wp-json\/wp\/v2\/marca?post=14076"}],"curies":[{"name":"wp","href":"https:\/\/api.w.org\/{rel}","templated":true}]}}