{"id":14079,"date":"2025-10-27T11:17:47","date_gmt":"2025-10-27T11:17:47","guid":{"rendered":"https:\/\/enlineabarcelona.com\/producto\/butaca-boomerang-hm2\/"},"modified":"2025-10-27T11:18:03","modified_gmt":"2025-10-27T11:18:03","slug":"butaca-boomerang-hm2","status":"publish","type":"product","link":"https:\/\/enlineabarcelona.com\/ca\/producto\/butaca-boomerang-hm2\/","title":{"rendered":"Butaca Boomerang HM2"},"content":{"rendered":"\n<p>Presentada en 1956, la silla lounge del d\u00fao Hvidt &amp; M\u00f8lgaard tiene una forma simplificada y sin adornos. Desde el marco de madera pulido a mano hasta sus esbeltas patas de lat\u00f3n o acero inoxidable, el Boomerang perdura como una obra maestra del dise\u00f1o dan\u00e9s.<\/p>\n\n\n\n<p><\/p>\n","protected":false},"excerpt":{"rendered":"<p>Presentada en 1956, la silla lounge del d\u00fao Hvidt &amp; M\u00f8lgaard tiene una forma simplificada y sin adornos. Desde el marco de madera pulido a mano hasta sus esbeltas patas de lat\u00f3n o acero inoxidable, el Boomerang perdura como una obra maestra del dise\u00f1o dan\u00e9s.<\/p>\n","protected":false},"featured_media":9450,"comment_status":"closed","ping_status":"open","template":"","meta":{"_acf_changed":false},"product_cat":[1145,298],"product_tag":[],"disenadores":[876],"marca":[1152],"class_list":{"0":"post-14079","1":"product","2":"type-product","3":"status-publish","4":"has-post-thumbnail","6":"product_cat-butacas","7":"product_cat-mobiliario","8":"disenadores-hvidt-molgaard","9":"marca-andtradition","10":"sales-flash-overlay","11":"woocommerce-text-align-center","12":"woocommerce-image-align-center","13":"do-quantity-buttons","14":"wc-has-gallery","16":"first","17":"instock","18":"purchasable","19":"product-type-simple"},"acf":[],"_links":{"self":[{"href":"https:\/\/enlineabarcelona.com\/ca\/wp-json\/wp\/v2\/product\/14079","targetHints":{"allow":["GET"]}}],"collection":[{"href":"https:\/\/enlineabarcelona.com\/ca\/wp-json\/wp\/v2\/product"}],"about":[{"href":"https:\/\/enlineabarcelona.com\/ca\/wp-json\/wp\/v2\/types\/product"}],"replies":[{"embeddable":true,"href":"https:\/\/enlineabarcelona.com\/ca\/wp-json\/wp\/v2\/comments?post=14079"}],"wp:featuredmedia":[{"embeddable":true,"href":"https:\/\/enlineabarcelona.com\/ca\/wp-json\/wp\/v2\/media\/9450"}],"wp:attachment":[{"href":"https:\/\/enlineabarcelona.com\/ca\/wp-json\/wp\/v2\/media?parent=14079"}],"wp:term":[{"taxonomy":"product_cat","embeddable":true,"href":"https:\/\/enlineabarcelona.com\/ca\/wp-json\/wp\/v2\/product_cat?post=14079"},{"taxonomy":"product_tag","embeddable":true,"href":"https:\/\/enlineabarcelona.com\/ca\/wp-json\/wp\/v2\/product_tag?post=14079"},{"taxonomy":"disenadores","embeddable":true,"href":"https:\/\/enlineabarcelona.com\/ca\/wp-json\/wp\/v2\/disenadores?post=14079"},{"taxonomy":"marca","embeddable":true,"href":"https:\/\/enlineabarcelona.com\/ca\/wp-json\/wp\/v2\/marca?post=14079"}],"curies":[{"name":"wp","href":"https:\/\/api.w.org\/{rel}","templated":true}]}}