{"id":14080,"date":"2025-10-27T11:18:05","date_gmt":"2025-10-27T11:18:05","guid":{"rendered":"https:\/\/enlineabarcelona.com\/producto\/butaca-41-paimio\/"},"modified":"2025-10-27T11:18:06","modified_gmt":"2025-10-27T11:18:06","slug":"butaca-41-paimio","status":"publish","type":"product","link":"https:\/\/enlineabarcelona.com\/ca\/producto\/butaca-41-paimio\/","title":{"rendered":"Butaca 41 Paimio"},"content":{"rendered":"\n<p>Combinando un contorno tradicional con una forma org\u00e1nica y ligera, esta interpretaci\u00f3n revolucionaria del sill\u00f3n club estableci\u00f3 nuevos est\u00e1ndares en el dise\u00f1o de muebles modernos. Fijado al marco en solo cuatro puntos, el asiento suspendido del Sill\u00f3n 41 parece flotar y ofrece un grado asombroso de elasticidad. Dado que la madera cambia con el tiempo, los reposabrazos est\u00e1n formados a partir de una sola pieza que luego se divide por la mitad, asegurando que a medida que el &#8220;Paimio&#8221; envejece, permanezca perfectamente equilibrado. Dise\u00f1ado por Alvar Aalto en 1932, el Sill\u00f3n 41 fue creado para el interior de un sanatorio de tuberculosis en la ciudad finlandesa de Paimio y es considerado una de las obras maestras de Aalto.<\/p>\n","protected":false},"excerpt":{"rendered":"<p>Combinando un contorno tradicional con una forma org\u00e1nica y ligera, esta interpretaci\u00f3n revolucionaria del sill\u00f3n club estableci\u00f3 nuevos est\u00e1ndares en el dise\u00f1o de muebles modernos. Fijado al marco en solo cuatro puntos, el asiento suspendido del Sill\u00f3n 41 parece flotar y ofrece un grado asombroso de elasticidad. Dado que la madera cambia con el tiempo, &#8230; <a title=\"Butaca 41 Paimio\" class=\"read-more\" href=\"https:\/\/enlineabarcelona.com\/ca\/producto\/butaca-41-paimio\/\" aria-label=\"M\u00e9s informaci\u00f3 sobre Butaca 41 Paimio\">Llegiu m\u00e9s<\/a><\/p>\n","protected":false},"featured_media":9472,"comment_status":"closed","ping_status":"open","template":"","meta":{"_acf_changed":false},"product_cat":[1145,298],"product_tag":[],"disenadores":[873],"marca":[98],"class_list":{"0":"post-14080","1":"product","2":"type-product","3":"status-publish","4":"has-post-thumbnail","6":"product_cat-butacas","7":"product_cat-mobiliario","8":"disenadores-alvar-aalto","9":"marca-artek","10":"sales-flash-overlay","11":"woocommerce-text-align-center","12":"woocommerce-image-align-center","13":"do-quantity-buttons","14":"wc-has-gallery","16":"first","17":"instock","18":"purchasable","19":"product-type-simple"},"acf":[],"_links":{"self":[{"href":"https:\/\/enlineabarcelona.com\/ca\/wp-json\/wp\/v2\/product\/14080","targetHints":{"allow":["GET"]}}],"collection":[{"href":"https:\/\/enlineabarcelona.com\/ca\/wp-json\/wp\/v2\/product"}],"about":[{"href":"https:\/\/enlineabarcelona.com\/ca\/wp-json\/wp\/v2\/types\/product"}],"replies":[{"embeddable":true,"href":"https:\/\/enlineabarcelona.com\/ca\/wp-json\/wp\/v2\/comments?post=14080"}],"wp:featuredmedia":[{"embeddable":true,"href":"https:\/\/enlineabarcelona.com\/ca\/wp-json\/wp\/v2\/media\/9472"}],"wp:attachment":[{"href":"https:\/\/enlineabarcelona.com\/ca\/wp-json\/wp\/v2\/media?parent=14080"}],"wp:term":[{"taxonomy":"product_cat","embeddable":true,"href":"https:\/\/enlineabarcelona.com\/ca\/wp-json\/wp\/v2\/product_cat?post=14080"},{"taxonomy":"product_tag","embeddable":true,"href":"https:\/\/enlineabarcelona.com\/ca\/wp-json\/wp\/v2\/product_tag?post=14080"},{"taxonomy":"disenadores","embeddable":true,"href":"https:\/\/enlineabarcelona.com\/ca\/wp-json\/wp\/v2\/disenadores?post=14080"},{"taxonomy":"marca","embeddable":true,"href":"https:\/\/enlineabarcelona.com\/ca\/wp-json\/wp\/v2\/marca?post=14080"}],"curies":[{"name":"wp","href":"https:\/\/api.w.org\/{rel}","templated":true}]}}