{"id":14081,"date":"2025-10-27T11:18:05","date_gmt":"2025-10-27T11:18:05","guid":{"rendered":"https:\/\/enlineabarcelona.com\/producto\/tea-trolley-900\/"},"modified":"2025-10-27T11:18:06","modified_gmt":"2025-10-27T11:18:06","slug":"tea-trolley-900","status":"publish","type":"product","link":"https:\/\/enlineabarcelona.com\/ca\/producto\/tea-trolley-900\/","title":{"rendered":"Tea Trolley 900"},"content":{"rendered":"\n<p>El carrito de t\u00e9 se inspir\u00f3 en la cultura del t\u00e9 brit\u00e1nica, con la que Aino y Alvar Aalto se familiarizaron durante sus numerosos viajes, as\u00ed como por la carpinter\u00eda y arquitectura japonesas que admiraban. El llamativo Carrito de T\u00e9 900, que cuenta con azulejos cer\u00e1micos y una cesta de mimbre, fue lanzado internacionalmente por primera vez en la Exposici\u00f3n Mundial de Par\u00eds en 1937, una pieza de mobiliario tradicionalmente funcionalista adornada con referencias multiculturales simplificadas. Vers\u00e1til y lleno de car\u00e1cter, el Carrito de T\u00e9 900 es el centro perfecto para disfrutar de cualquier cosa, desde el desayuno hasta el t\u00e9 de la tarde o c\u00f3cteles.<\/p>\n\n\n\n<p><\/p>\n","protected":false},"excerpt":{"rendered":"<p>El carrito de t\u00e9 se inspir\u00f3 en la cultura del t\u00e9 brit\u00e1nica, con la que Aino y Alvar Aalto se familiarizaron durante sus numerosos viajes, as\u00ed como por la carpinter\u00eda y arquitectura japonesas que admiraban. El llamativo Carrito de T\u00e9 900, que cuenta con azulejos cer\u00e1micos y una cesta de mimbre, fue lanzado internacionalmente por &#8230; <a title=\"Tea Trolley 900\" class=\"read-more\" href=\"https:\/\/enlineabarcelona.com\/ca\/producto\/tea-trolley-900\/\" aria-label=\"M\u00e9s informaci\u00f3 sobre Tea Trolley 900\">Llegiu m\u00e9s<\/a><\/p>\n","protected":false},"featured_media":9485,"comment_status":"closed","ping_status":"open","template":"","meta":{"_acf_changed":false},"product_cat":[298],"product_tag":[],"disenadores":[873],"marca":[98],"class_list":{"0":"post-14081","1":"product","2":"type-product","3":"status-publish","4":"has-post-thumbnail","6":"product_cat-mobiliario","7":"disenadores-alvar-aalto","8":"marca-artek","9":"sales-flash-overlay","10":"woocommerce-text-align-center","11":"woocommerce-image-align-center","12":"do-quantity-buttons","13":"wc-has-gallery","15":"first","16":"instock","17":"purchasable","18":"product-type-simple"},"acf":[],"_links":{"self":[{"href":"https:\/\/enlineabarcelona.com\/ca\/wp-json\/wp\/v2\/product\/14081","targetHints":{"allow":["GET"]}}],"collection":[{"href":"https:\/\/enlineabarcelona.com\/ca\/wp-json\/wp\/v2\/product"}],"about":[{"href":"https:\/\/enlineabarcelona.com\/ca\/wp-json\/wp\/v2\/types\/product"}],"replies":[{"embeddable":true,"href":"https:\/\/enlineabarcelona.com\/ca\/wp-json\/wp\/v2\/comments?post=14081"}],"wp:featuredmedia":[{"embeddable":true,"href":"https:\/\/enlineabarcelona.com\/ca\/wp-json\/wp\/v2\/media\/9485"}],"wp:attachment":[{"href":"https:\/\/enlineabarcelona.com\/ca\/wp-json\/wp\/v2\/media?parent=14081"}],"wp:term":[{"taxonomy":"product_cat","embeddable":true,"href":"https:\/\/enlineabarcelona.com\/ca\/wp-json\/wp\/v2\/product_cat?post=14081"},{"taxonomy":"product_tag","embeddable":true,"href":"https:\/\/enlineabarcelona.com\/ca\/wp-json\/wp\/v2\/product_tag?post=14081"},{"taxonomy":"disenadores","embeddable":true,"href":"https:\/\/enlineabarcelona.com\/ca\/wp-json\/wp\/v2\/disenadores?post=14081"},{"taxonomy":"marca","embeddable":true,"href":"https:\/\/enlineabarcelona.com\/ca\/wp-json\/wp\/v2\/marca?post=14081"}],"curies":[{"name":"wp","href":"https:\/\/api.w.org\/{rel}","templated":true}]}}