{"id":14082,"date":"2025-10-27T11:18:05","date_gmt":"2025-10-27T11:18:05","guid":{"rendered":"https:\/\/enlineabarcelona.com\/producto\/biombo-screen-100\/"},"modified":"2025-10-27T11:18:07","modified_gmt":"2025-10-27T11:18:07","slug":"biombo-screen-100","status":"publish","type":"product","link":"https:\/\/enlineabarcelona.com\/ca\/producto\/biombo-screen-100\/","title":{"rendered":"Biombo Screen 100"},"content":{"rendered":"\n<p>Fabricada con finas tiras de pino alineadas verticalmente, la Pantalla 100 puede enrollarse para almacenarse y desenrollarse para formar l\u00edneas rectas o curvas fluidas. La pantalla puede utilizarse para dividir habitaciones o delimitar \u00e1reas, y con 150 cm de altura, a\u00f1adir\u00e1 estructura a un espacio sin obstaculizar la visi\u00f3n. Ligera, con proporciones equilibradas, la pantalla es f\u00e1cil de mover seg\u00fan sea necesario y aportar\u00e1 la calidez de la madera a cualquier habitaci\u00f3n en la que se coloque. Dise\u00f1ada por Alvar Aalto, la Pantalla 100 muestra la capacidad inigualable del maestro finland\u00e9s para fusionar materiales tradicionales con formas org\u00e1nicas.<\/p>\n","protected":false},"excerpt":{"rendered":"<p>Fabricada con finas tiras de pino alineadas verticalmente, la Pantalla 100 puede enrollarse para almacenarse y desenrollarse para formar l\u00edneas rectas o curvas fluidas. La pantalla puede utilizarse para dividir habitaciones o delimitar \u00e1reas, y con 150 cm de altura, a\u00f1adir\u00e1 estructura a un espacio sin obstaculizar la visi\u00f3n. Ligera, con proporciones equilibradas, la pantalla &#8230; <a title=\"Biombo Screen 100\" class=\"read-more\" href=\"https:\/\/enlineabarcelona.com\/ca\/producto\/biombo-screen-100\/\" aria-label=\"M\u00e9s informaci\u00f3 sobre Biombo Screen 100\">Llegiu m\u00e9s<\/a><\/p>\n","protected":false},"featured_media":9495,"comment_status":"closed","ping_status":"open","template":"","meta":{"_acf_changed":false},"product_cat":[298],"product_tag":[],"disenadores":[873],"marca":[98],"class_list":{"0":"post-14082","1":"product","2":"type-product","3":"status-publish","4":"has-post-thumbnail","6":"product_cat-mobiliario","7":"disenadores-alvar-aalto","8":"marca-artek","9":"sales-flash-overlay","10":"woocommerce-text-align-center","11":"woocommerce-image-align-center","12":"do-quantity-buttons","13":"wc-has-gallery","15":"first","16":"instock","17":"purchasable","18":"product-type-simple"},"acf":[],"_links":{"self":[{"href":"https:\/\/enlineabarcelona.com\/ca\/wp-json\/wp\/v2\/product\/14082","targetHints":{"allow":["GET"]}}],"collection":[{"href":"https:\/\/enlineabarcelona.com\/ca\/wp-json\/wp\/v2\/product"}],"about":[{"href":"https:\/\/enlineabarcelona.com\/ca\/wp-json\/wp\/v2\/types\/product"}],"replies":[{"embeddable":true,"href":"https:\/\/enlineabarcelona.com\/ca\/wp-json\/wp\/v2\/comments?post=14082"}],"wp:featuredmedia":[{"embeddable":true,"href":"https:\/\/enlineabarcelona.com\/ca\/wp-json\/wp\/v2\/media\/9495"}],"wp:attachment":[{"href":"https:\/\/enlineabarcelona.com\/ca\/wp-json\/wp\/v2\/media?parent=14082"}],"wp:term":[{"taxonomy":"product_cat","embeddable":true,"href":"https:\/\/enlineabarcelona.com\/ca\/wp-json\/wp\/v2\/product_cat?post=14082"},{"taxonomy":"product_tag","embeddable":true,"href":"https:\/\/enlineabarcelona.com\/ca\/wp-json\/wp\/v2\/product_tag?post=14082"},{"taxonomy":"disenadores","embeddable":true,"href":"https:\/\/enlineabarcelona.com\/ca\/wp-json\/wp\/v2\/disenadores?post=14082"},{"taxonomy":"marca","embeddable":true,"href":"https:\/\/enlineabarcelona.com\/ca\/wp-json\/wp\/v2\/marca?post=14082"}],"curies":[{"name":"wp","href":"https:\/\/api.w.org\/{rel}","templated":true}]}}