{"id":14084,"date":"2025-10-27T11:18:05","date_gmt":"2025-10-27T11:18:05","guid":{"rendered":"https:\/\/enlineabarcelona.com\/producto\/silla-gaulinetta\/"},"modified":"2025-10-27T11:18:08","modified_gmt":"2025-10-27T11:18:08","slug":"silla-gaulinetta","status":"publish","type":"product","link":"https:\/\/enlineabarcelona.com\/ca\/producto\/silla-gaulinetta\/","title":{"rendered":"Silla Gaulinetta"},"content":{"rendered":"\n<p>La Gaulinetta es una evoluci\u00f3n de la silla Gaulino. En palabras de Oscar Tusquets: \u00abEn homenaje a Enzo Mari, quien llam\u00f3 a su silla Tonietta, un derivado de Thonet, he llamado a esta silla Gaulinetta, en alusi\u00f3n a la Gaulino\u00bb. Inspirado por Antonio Gaud\u00ed y Carlo Mollino, Tusquets cre\u00f3 &#8216;Gaulino&#8217; en 1987. Era una silla artesanalmente industrial con un marco de madera contorneado, patas delgadas y estilizadas y suave cuero rico. La silla artesanal se convirti\u00f3 en un \u00edcono moderno del dise\u00f1o del siglo XX. La Gaulinetta es una adaptaci\u00f3n de este dise\u00f1o, influenciada por Enzo Mari y su silla Tonietta. Los reposabrazos reducidos generan un modelo elegante para cenar en espacios m\u00e1s peque\u00f1os y puede ser guardada tras su uso. Al crear una variante de la silla Thonet, Tusquets demuestra c\u00f3mo menos puede ser m\u00e1s.<\/p>\n","protected":false},"excerpt":{"rendered":"<p>La Gaulinetta es una evoluci\u00f3n de la silla Gaulino. En palabras de Oscar Tusquets: \u00abEn homenaje a Enzo Mari, quien llam\u00f3 a su silla Tonietta, un derivado de Thonet, he llamado a esta silla Gaulinetta, en alusi\u00f3n a la Gaulino\u00bb. Inspirado por Antonio Gaud\u00ed y Carlo Mollino, Tusquets cre\u00f3 &#8216;Gaulino&#8217; en 1987. Era una silla &#8230; <a title=\"Silla Gaulinetta\" class=\"read-more\" href=\"https:\/\/enlineabarcelona.com\/ca\/producto\/silla-gaulinetta\/\" aria-label=\"M\u00e9s informaci\u00f3 sobre Silla Gaulinetta\">Llegiu m\u00e9s<\/a><\/p>\n","protected":false},"featured_media":9518,"comment_status":"closed","ping_status":"open","template":"","meta":{"_acf_changed":false},"product_cat":[298,1139],"product_tag":[],"disenadores":[921],"marca":[1203],"class_list":{"0":"post-14084","1":"product","2":"type-product","3":"status-publish","4":"has-post-thumbnail","6":"product_cat-mobiliario","7":"product_cat-sillas","8":"disenadores-oscar-tusquets","9":"marca-bd-barcelona-design-maestros-del-diseno-contemporaneo-y-clasico","10":"sales-flash-overlay","11":"woocommerce-text-align-center","12":"woocommerce-image-align-center","13":"do-quantity-buttons","14":"wc-has-gallery","16":"first","17":"instock","18":"purchasable","19":"product-type-simple"},"acf":[],"_links":{"self":[{"href":"https:\/\/enlineabarcelona.com\/ca\/wp-json\/wp\/v2\/product\/14084","targetHints":{"allow":["GET"]}}],"collection":[{"href":"https:\/\/enlineabarcelona.com\/ca\/wp-json\/wp\/v2\/product"}],"about":[{"href":"https:\/\/enlineabarcelona.com\/ca\/wp-json\/wp\/v2\/types\/product"}],"replies":[{"embeddable":true,"href":"https:\/\/enlineabarcelona.com\/ca\/wp-json\/wp\/v2\/comments?post=14084"}],"wp:featuredmedia":[{"embeddable":true,"href":"https:\/\/enlineabarcelona.com\/ca\/wp-json\/wp\/v2\/media\/9518"}],"wp:attachment":[{"href":"https:\/\/enlineabarcelona.com\/ca\/wp-json\/wp\/v2\/media?parent=14084"}],"wp:term":[{"taxonomy":"product_cat","embeddable":true,"href":"https:\/\/enlineabarcelona.com\/ca\/wp-json\/wp\/v2\/product_cat?post=14084"},{"taxonomy":"product_tag","embeddable":true,"href":"https:\/\/enlineabarcelona.com\/ca\/wp-json\/wp\/v2\/product_tag?post=14084"},{"taxonomy":"disenadores","embeddable":true,"href":"https:\/\/enlineabarcelona.com\/ca\/wp-json\/wp\/v2\/disenadores?post=14084"},{"taxonomy":"marca","embeddable":true,"href":"https:\/\/enlineabarcelona.com\/ca\/wp-json\/wp\/v2\/marca?post=14084"}],"curies":[{"name":"wp","href":"https:\/\/api.w.org\/{rel}","templated":true}]}}