{"id":14085,"date":"2025-10-27T11:18:05","date_gmt":"2025-10-27T11:18:05","guid":{"rendered":"https:\/\/enlineabarcelona.com\/producto\/taburete-jamaica\/"},"modified":"2025-10-27T11:18:09","modified_gmt":"2025-10-27T11:18:09","slug":"taburete-jamaica","status":"publish","type":"product","link":"https:\/\/enlineabarcelona.com\/ca\/producto\/taburete-jamaica\/","title":{"rendered":"Taburete Jamaica"},"content":{"rendered":"\n<p>Curvas acogedoras y dise\u00f1o contempor\u00e1neo cl\u00e1sico espa\u00f1ol. En producci\u00f3n por m\u00e1s de 25 a\u00f1os, el Taburete Jamaica sigue siendo tan moderno como siempre. Dise\u00f1ado inicialmente para una discoteca por el dise\u00f1ador de interiores de Barcelona, Pepe Cort\u00e9s, en 1991, el Jamaica tiene una estructura de acero cromado con cinco patas y un asiento giratorio. Sus materiales y durabilidad hacen que la silla sea ideal para diversos entornos. Puede encajar en una casa privada, hotel, bar, tienda minorista o espacio p\u00fablico. Ahora disponible en negro, adem\u00e1s de la versi\u00f3n en aluminio y haya, el asiento tiene una estructura simple y una serie de acabados y ajustes que lo hacen din\u00e1mico y pr\u00e1ctico en diversos entornos.<\/p>\n\n\n\n<p><\/p>\n","protected":false},"excerpt":{"rendered":"<p>Curvas acogedoras y dise\u00f1o contempor\u00e1neo cl\u00e1sico espa\u00f1ol. En producci\u00f3n por m\u00e1s de 25 a\u00f1os, el Taburete Jamaica sigue siendo tan moderno como siempre. Dise\u00f1ado inicialmente para una discoteca por el dise\u00f1ador de interiores de Barcelona, Pepe Cort\u00e9s, en 1991, el Jamaica tiene una estructura de acero cromado con cinco patas y un asiento giratorio. Sus &#8230; <a title=\"Taburete Jamaica\" class=\"read-more\" href=\"https:\/\/enlineabarcelona.com\/ca\/producto\/taburete-jamaica\/\" aria-label=\"M\u00e9s informaci\u00f3 sobre Taburete Jamaica\">Llegiu m\u00e9s<\/a><\/p>\n","protected":false},"featured_media":9537,"comment_status":"closed","ping_status":"open","template":"","meta":{"_acf_changed":false},"product_cat":[298,1151],"product_tag":[],"disenadores":[1204],"marca":[1203],"class_list":{"0":"post-14085","1":"product","2":"type-product","3":"status-publish","4":"has-post-thumbnail","6":"product_cat-mobiliario","7":"product_cat-taburetes","8":"disenadores-pepe-cortes","9":"marca-bd-barcelona-design-maestros-del-diseno-contemporaneo-y-clasico","10":"sales-flash-overlay","11":"woocommerce-text-align-center","12":"woocommerce-image-align-center","13":"do-quantity-buttons","14":"wc-has-gallery","16":"first","17":"instock","18":"purchasable","19":"product-type-simple"},"acf":[],"_links":{"self":[{"href":"https:\/\/enlineabarcelona.com\/ca\/wp-json\/wp\/v2\/product\/14085","targetHints":{"allow":["GET"]}}],"collection":[{"href":"https:\/\/enlineabarcelona.com\/ca\/wp-json\/wp\/v2\/product"}],"about":[{"href":"https:\/\/enlineabarcelona.com\/ca\/wp-json\/wp\/v2\/types\/product"}],"replies":[{"embeddable":true,"href":"https:\/\/enlineabarcelona.com\/ca\/wp-json\/wp\/v2\/comments?post=14085"}],"wp:featuredmedia":[{"embeddable":true,"href":"https:\/\/enlineabarcelona.com\/ca\/wp-json\/wp\/v2\/media\/9537"}],"wp:attachment":[{"href":"https:\/\/enlineabarcelona.com\/ca\/wp-json\/wp\/v2\/media?parent=14085"}],"wp:term":[{"taxonomy":"product_cat","embeddable":true,"href":"https:\/\/enlineabarcelona.com\/ca\/wp-json\/wp\/v2\/product_cat?post=14085"},{"taxonomy":"product_tag","embeddable":true,"href":"https:\/\/enlineabarcelona.com\/ca\/wp-json\/wp\/v2\/product_tag?post=14085"},{"taxonomy":"disenadores","embeddable":true,"href":"https:\/\/enlineabarcelona.com\/ca\/wp-json\/wp\/v2\/disenadores?post=14085"},{"taxonomy":"marca","embeddable":true,"href":"https:\/\/enlineabarcelona.com\/ca\/wp-json\/wp\/v2\/marca?post=14085"}],"curies":[{"name":"wp","href":"https:\/\/api.w.org\/{rel}","templated":true}]}}