{"id":14086,"date":"2025-10-27T11:18:05","date_gmt":"2025-10-27T11:18:05","guid":{"rendered":"https:\/\/enlineabarcelona.com\/producto\/lampara-sobremesa-pipistrello\/"},"modified":"2025-10-27T11:18:10","modified_gmt":"2025-10-27T11:18:10","slug":"lampara-sobremesa-pipistrello","status":"publish","type":"product","link":"https:\/\/enlineabarcelona.com\/ca\/producto\/lampara-sobremesa-pipistrello\/","title":{"rendered":"L\u00e1mpara Sobremesa Pipistrello"},"content":{"rendered":"\n<p>La Pipistrello es una l\u00e1mpara que se ha convertido en un icono del dise\u00f1o. Sus alas, capturadas en el momento justo antes de abrirse por completo, simbolizan modernidad, humor, gracia y dinamismo. Con su difusor y base telesc\u00f3pica de l\u00edneas sinuosas, combina elegancia y movimiento en una pieza \u00fanica que desaf\u00eda el paso del tiempo. Esta l\u00e1mpara de sobremesa o de pie proporciona luz difusa y es ajustable en altura. Cuenta con un telescopio de acero inoxidable satinado, un difusor de metacrilato opal blanco y una estructura y pomo de aluminio pintado. Incluye bombillas LED. Dise\u00f1ada en 1965 por Gae Aulenti para Martinelli Luce, la Pipistrello utiliza t\u00e9cnicas innovadoras de moldeo del difusor en metacrilato. Su base c\u00f3nica se expande hacia arriba, imitando el despliegue de las alas de un murci\u00e9lago. Ya sea sobre una mesa o en el suelo, esta l\u00e1mpara a\u00f1ade un toque distintivo y expresivo a cualquier espacio.<\/p>\n","protected":false},"excerpt":{"rendered":"<p>La Pipistrello es una l\u00e1mpara que se ha convertido en un icono del dise\u00f1o. Sus alas, capturadas en el momento justo antes de abrirse por completo, simbolizan modernidad, humor, gracia y dinamismo. Con su difusor y base telesc\u00f3pica de l\u00edneas sinuosas, combina elegancia y movimiento en una pieza \u00fanica que desaf\u00eda el paso del tiempo. &#8230; <a title=\"L\u00e1mpara Sobremesa Pipistrello\" class=\"read-more\" href=\"https:\/\/enlineabarcelona.com\/ca\/producto\/lampara-sobremesa-pipistrello\/\" aria-label=\"M\u00e9s informaci\u00f3 sobre L\u00e1mpara Sobremesa Pipistrello\">Llegiu m\u00e9s<\/a><\/p>\n","protected":false},"featured_media":9556,"comment_status":"closed","ping_status":"open","template":"","meta":{"_acf_changed":false},"product_cat":[1156,1198],"product_tag":[],"disenadores":[901],"marca":[1205],"class_list":{"0":"post-14086","1":"product","2":"type-product","3":"status-publish","4":"has-post-thumbnail","6":"product_cat-iluminacion","7":"product_cat-lamparas-de-sobremesa","8":"disenadores-gae-aulenti-ca","9":"marca-martinelli-luce","10":"sales-flash-overlay","11":"woocommerce-text-align-center","12":"woocommerce-image-align-center","13":"do-quantity-buttons","14":"wc-has-gallery","16":"first","17":"instock","18":"purchasable","19":"product-type-simple"},"acf":[],"_links":{"self":[{"href":"https:\/\/enlineabarcelona.com\/ca\/wp-json\/wp\/v2\/product\/14086","targetHints":{"allow":["GET"]}}],"collection":[{"href":"https:\/\/enlineabarcelona.com\/ca\/wp-json\/wp\/v2\/product"}],"about":[{"href":"https:\/\/enlineabarcelona.com\/ca\/wp-json\/wp\/v2\/types\/product"}],"replies":[{"embeddable":true,"href":"https:\/\/enlineabarcelona.com\/ca\/wp-json\/wp\/v2\/comments?post=14086"}],"wp:featuredmedia":[{"embeddable":true,"href":"https:\/\/enlineabarcelona.com\/ca\/wp-json\/wp\/v2\/media\/9556"}],"wp:attachment":[{"href":"https:\/\/enlineabarcelona.com\/ca\/wp-json\/wp\/v2\/media?parent=14086"}],"wp:term":[{"taxonomy":"product_cat","embeddable":true,"href":"https:\/\/enlineabarcelona.com\/ca\/wp-json\/wp\/v2\/product_cat?post=14086"},{"taxonomy":"product_tag","embeddable":true,"href":"https:\/\/enlineabarcelona.com\/ca\/wp-json\/wp\/v2\/product_tag?post=14086"},{"taxonomy":"disenadores","embeddable":true,"href":"https:\/\/enlineabarcelona.com\/ca\/wp-json\/wp\/v2\/disenadores?post=14086"},{"taxonomy":"marca","embeddable":true,"href":"https:\/\/enlineabarcelona.com\/ca\/wp-json\/wp\/v2\/marca?post=14086"}],"curies":[{"name":"wp","href":"https:\/\/api.w.org\/{rel}","templated":true}]}}