{"id":14089,"date":"2025-10-27T11:18:05","date_gmt":"2025-10-27T11:18:05","guid":{"rendered":"https:\/\/enlineabarcelona.com\/producto\/silla-108\/"},"modified":"2025-10-27T11:18:11","modified_gmt":"2025-10-27T11:18:11","slug":"silla-108","status":"publish","type":"product","link":"https:\/\/enlineabarcelona.com\/ca\/producto\/silla-108\/","title":{"rendered":"Silla 108"},"content":{"rendered":"\n<p>La silla 108 fue dise\u00f1ada originalmente por Finn Juhl en 1955. A primera vista, puede parecer como cualquier silla de comedor ordinaria. Sin embargo, al observarla de cerca, se revelan detalles sorprendentes, como las barras laterales en \u00e1ngulo y las barras transversales deslizantes. Estos detalles a\u00f1aden un movimiento inesperado y dinamismo a la construcci\u00f3n de la silla. La silla est\u00e1 disponible en acabados de roble, nogal o pintura negra, y se puede tapizar en tela o cuero. Hasta el d\u00eda de hoy, los dise\u00f1os de Finn Juhl siguen siendo poco convencionales y desaf\u00edan las expectativas con detalles sutiles. El mismo Finn Juhl dijo una vez que &#8220;la desviaci\u00f3n est\u00e1 en el detalle&#8221;. Esto tambi\u00e9n se aplica a su silla 108, que se define por elegantes y sutiles detalles como las barras laterales en \u00e1ngulo y las barras transversales deslizantes, los cuales a\u00f1aden un movimiento y dinamismo inesperados a la construcci\u00f3n.<\/p>\n\n\n\n<p><\/p>\n","protected":false},"excerpt":{"rendered":"<p>La silla 108 fue dise\u00f1ada originalmente por Finn Juhl en 1955. A primera vista, puede parecer como cualquier silla de comedor ordinaria. Sin embargo, al observarla de cerca, se revelan detalles sorprendentes, como las barras laterales en \u00e1ngulo y las barras transversales deslizantes. Estos detalles a\u00f1aden un movimiento inesperado y dinamismo a la construcci\u00f3n de &#8230; <a title=\"Silla 108\" class=\"read-more\" href=\"https:\/\/enlineabarcelona.com\/ca\/producto\/silla-108\/\" aria-label=\"M\u00e9s informaci\u00f3 sobre Silla 108\">Llegiu m\u00e9s<\/a><\/p>\n","protected":false},"featured_media":9598,"comment_status":"closed","ping_status":"open","template":"","meta":{"_acf_changed":false},"product_cat":[298,1139],"product_tag":[],"disenadores":[1009],"marca":[1140],"class_list":{"0":"post-14089","1":"product","2":"type-product","3":"status-publish","4":"has-post-thumbnail","6":"product_cat-mobiliario","7":"product_cat-sillas","8":"disenadores-finn-juhl","9":"marca-house-of-finn-juhl","10":"sales-flash-overlay","11":"woocommerce-text-align-center","12":"woocommerce-image-align-center","13":"do-quantity-buttons","14":"wc-has-gallery","16":"first","17":"instock","18":"product-type-simple"},"acf":[],"_links":{"self":[{"href":"https:\/\/enlineabarcelona.com\/ca\/wp-json\/wp\/v2\/product\/14089","targetHints":{"allow":["GET"]}}],"collection":[{"href":"https:\/\/enlineabarcelona.com\/ca\/wp-json\/wp\/v2\/product"}],"about":[{"href":"https:\/\/enlineabarcelona.com\/ca\/wp-json\/wp\/v2\/types\/product"}],"replies":[{"embeddable":true,"href":"https:\/\/enlineabarcelona.com\/ca\/wp-json\/wp\/v2\/comments?post=14089"}],"wp:featuredmedia":[{"embeddable":true,"href":"https:\/\/enlineabarcelona.com\/ca\/wp-json\/wp\/v2\/media\/9598"}],"wp:attachment":[{"href":"https:\/\/enlineabarcelona.com\/ca\/wp-json\/wp\/v2\/media?parent=14089"}],"wp:term":[{"taxonomy":"product_cat","embeddable":true,"href":"https:\/\/enlineabarcelona.com\/ca\/wp-json\/wp\/v2\/product_cat?post=14089"},{"taxonomy":"product_tag","embeddable":true,"href":"https:\/\/enlineabarcelona.com\/ca\/wp-json\/wp\/v2\/product_tag?post=14089"},{"taxonomy":"disenadores","embeddable":true,"href":"https:\/\/enlineabarcelona.com\/ca\/wp-json\/wp\/v2\/disenadores?post=14089"},{"taxonomy":"marca","embeddable":true,"href":"https:\/\/enlineabarcelona.com\/ca\/wp-json\/wp\/v2\/marca?post=14089"}],"curies":[{"name":"wp","href":"https:\/\/api.w.org\/{rel}","templated":true}]}}