{"id":14090,"date":"2025-10-27T11:18:05","date_gmt":"2025-10-27T11:18:05","guid":{"rendered":"https:\/\/enlineabarcelona.com\/producto\/taburete-massif-av39\/"},"modified":"2025-10-27T11:18:12","modified_gmt":"2025-10-27T11:18:12","slug":"taburete-massif-av39","status":"publish","type":"product","link":"https:\/\/enlineabarcelona.com\/ca\/producto\/taburete-massif-av39\/","title":{"rendered":"Taburete Massif AV39"},"content":{"rendered":"\n<p>Con un dise\u00f1o gr\u00e1ficamente llamativo y una sensaci\u00f3n de estabilidad anclada, los nuevos taburetes de bar y mostrador Massif de Anderssen &amp; Voll destacan por su silueta tot\u00e9mica en una forma compacta. Ricos en materialidad, los taburetes se complementan con la suave funci\u00f3n giratoria de un asiento de roble macizo.<\/p>\n","protected":false},"excerpt":{"rendered":"<p>Con un dise\u00f1o gr\u00e1ficamente llamativo y una sensaci\u00f3n de estabilidad anclada, los nuevos taburetes de bar y mostrador Massif de Anderssen &amp; Voll destacan por su silueta tot\u00e9mica en una forma compacta. Ricos en materialidad, los taburetes se complementan con la suave funci\u00f3n giratoria de un asiento de roble macizo.<\/p>\n","protected":false},"featured_media":9623,"comment_status":"closed","ping_status":"open","template":"","meta":{"_acf_changed":false},"product_cat":[298,1151],"product_tag":[],"disenadores":[812],"marca":[1152],"class_list":{"0":"post-14090","1":"product","2":"type-product","3":"status-publish","4":"has-post-thumbnail","6":"product_cat-mobiliario","7":"product_cat-taburetes","8":"disenadores-anderssen-vol","9":"marca-andtradition","10":"sales-flash-overlay","11":"woocommerce-text-align-center","12":"woocommerce-image-align-center","13":"do-quantity-buttons","14":"wc-has-gallery","16":"first","17":"instock","18":"purchasable","19":"product-type-simple"},"acf":[],"_links":{"self":[{"href":"https:\/\/enlineabarcelona.com\/ca\/wp-json\/wp\/v2\/product\/14090","targetHints":{"allow":["GET"]}}],"collection":[{"href":"https:\/\/enlineabarcelona.com\/ca\/wp-json\/wp\/v2\/product"}],"about":[{"href":"https:\/\/enlineabarcelona.com\/ca\/wp-json\/wp\/v2\/types\/product"}],"replies":[{"embeddable":true,"href":"https:\/\/enlineabarcelona.com\/ca\/wp-json\/wp\/v2\/comments?post=14090"}],"wp:featuredmedia":[{"embeddable":true,"href":"https:\/\/enlineabarcelona.com\/ca\/wp-json\/wp\/v2\/media\/9623"}],"wp:attachment":[{"href":"https:\/\/enlineabarcelona.com\/ca\/wp-json\/wp\/v2\/media?parent=14090"}],"wp:term":[{"taxonomy":"product_cat","embeddable":true,"href":"https:\/\/enlineabarcelona.com\/ca\/wp-json\/wp\/v2\/product_cat?post=14090"},{"taxonomy":"product_tag","embeddable":true,"href":"https:\/\/enlineabarcelona.com\/ca\/wp-json\/wp\/v2\/product_tag?post=14090"},{"taxonomy":"disenadores","embeddable":true,"href":"https:\/\/enlineabarcelona.com\/ca\/wp-json\/wp\/v2\/disenadores?post=14090"},{"taxonomy":"marca","embeddable":true,"href":"https:\/\/enlineabarcelona.com\/ca\/wp-json\/wp\/v2\/marca?post=14090"}],"curies":[{"name":"wp","href":"https:\/\/api.w.org\/{rel}","templated":true}]}}