{"id":14095,"date":"2025-10-27T11:18:05","date_gmt":"2025-10-27T11:18:05","guid":{"rendered":"https:\/\/enlineabarcelona.com\/producto\/mesa-sett-ln13\/"},"modified":"2025-10-27T11:18:16","modified_gmt":"2025-10-27T11:18:16","slug":"mesa-sett-ln13","status":"publish","type":"product","link":"https:\/\/enlineabarcelona.com\/ca\/producto\/mesa-sett-ln13\/","title":{"rendered":"Mesa Sett LN13"},"content":{"rendered":"\n<p>Sett es una serie de mesas que muestran la belleza innata del m\u00e1rmol y el vidrio, inspiradas en una t\u00e9cnica de joyer\u00eda donde se incrustan gemas preciosas y se colocan con precisi\u00f3n en un marco. Dise\u00f1ada por Luca Nichetto, la apariencia es n\u00edtida y sofisticada, aludiendo a la influencia del funcionalismo escandinavo infundido con el acento italiano de Nichetto en objetos de impacto visual.<\/p>\n\n\n\n<p><\/p>\n","protected":false},"excerpt":{"rendered":"<p>Sett es una serie de mesas que muestran la belleza innata del m\u00e1rmol y el vidrio, inspiradas en una t\u00e9cnica de joyer\u00eda donde se incrustan gemas preciosas y se colocan con precisi\u00f3n en un marco. Dise\u00f1ada por Luca Nichetto, la apariencia es n\u00edtida y sofisticada, aludiendo a la influencia del funcionalismo escandinavo infundido con el &#8230; <a title=\"Mesa Sett LN13\" class=\"read-more\" href=\"https:\/\/enlineabarcelona.com\/ca\/producto\/mesa-sett-ln13\/\" aria-label=\"M\u00e9s informaci\u00f3 sobre Mesa Sett LN13\">Llegiu m\u00e9s<\/a><\/p>\n","protected":false},"featured_media":9706,"comment_status":"closed","ping_status":"open","template":"","meta":{"_acf_changed":false},"product_cat":[289,298],"product_tag":[],"disenadores":[746],"marca":[1152],"class_list":{"0":"post-14095","1":"product","2":"type-product","3":"status-publish","4":"has-post-thumbnail","6":"product_cat-mesas","7":"product_cat-mobiliario","8":"disenadores-luca-nichetto","9":"marca-andtradition","10":"sales-flash-overlay","11":"woocommerce-text-align-center","12":"woocommerce-image-align-center","13":"do-quantity-buttons","14":"wc-has-gallery","16":"first","17":"instock","18":"purchasable","19":"product-type-simple"},"acf":[],"_links":{"self":[{"href":"https:\/\/enlineabarcelona.com\/ca\/wp-json\/wp\/v2\/product\/14095","targetHints":{"allow":["GET"]}}],"collection":[{"href":"https:\/\/enlineabarcelona.com\/ca\/wp-json\/wp\/v2\/product"}],"about":[{"href":"https:\/\/enlineabarcelona.com\/ca\/wp-json\/wp\/v2\/types\/product"}],"replies":[{"embeddable":true,"href":"https:\/\/enlineabarcelona.com\/ca\/wp-json\/wp\/v2\/comments?post=14095"}],"wp:featuredmedia":[{"embeddable":true,"href":"https:\/\/enlineabarcelona.com\/ca\/wp-json\/wp\/v2\/media\/9706"}],"wp:attachment":[{"href":"https:\/\/enlineabarcelona.com\/ca\/wp-json\/wp\/v2\/media?parent=14095"}],"wp:term":[{"taxonomy":"product_cat","embeddable":true,"href":"https:\/\/enlineabarcelona.com\/ca\/wp-json\/wp\/v2\/product_cat?post=14095"},{"taxonomy":"product_tag","embeddable":true,"href":"https:\/\/enlineabarcelona.com\/ca\/wp-json\/wp\/v2\/product_tag?post=14095"},{"taxonomy":"disenadores","embeddable":true,"href":"https:\/\/enlineabarcelona.com\/ca\/wp-json\/wp\/v2\/disenadores?post=14095"},{"taxonomy":"marca","embeddable":true,"href":"https:\/\/enlineabarcelona.com\/ca\/wp-json\/wp\/v2\/marca?post=14095"}],"curies":[{"name":"wp","href":"https:\/\/api.w.org\/{rel}","templated":true}]}}