{"id":14096,"date":"2025-10-27T11:18:05","date_gmt":"2025-10-27T11:18:05","guid":{"rendered":"https:\/\/enlineabarcelona.com\/producto\/mesa-mettsass\/"},"modified":"2025-10-27T11:18:17","modified_gmt":"2025-10-27T11:18:17","slug":"mesa-mettsass","status":"publish","type":"product","link":"https:\/\/enlineabarcelona.com\/ca\/producto\/mesa-mettsass\/","title":{"rendered":"Mesa Mettsass"},"content":{"rendered":"\n<p>El Mettsass es un gran momento rojo en una habitaci\u00f3n. Ettore Sottsass dise\u00f1\u00f3 la mesa con una forma segura y un color brillante. Es audaz y poderosa. Es constantemente nueva. El arquitecto italiano, dise\u00f1ador industrial, innovador y artista Ettore Sottsass dise\u00f1\u00f3 la mesa Mettsass para BD en 1972, casi una d\u00e9cada antes de cofundar el movimiento Memphis, que cambi\u00f3 el dise\u00f1o moderno para siempre. Siempre fue un experimentador, y su obsesi\u00f3n con la inconformidad defini\u00f3 la arquitectura del Mettsass con l\u00e1minas planas de acero, un vibrante recubrimiento rojo y una cuidada est\u00e9tica y emoci\u00f3n. El color y la geometr\u00eda son audaces y llamativos, muy alejados del minimalismo Bauhaus de la \u00e9poca. Reeditada en 2012 y a\u00fan en producci\u00f3n hoy en d\u00eda, la Mettsass sigue siendo funcional pero tiene una dimensi\u00f3n sensorial que tradicionalmente es inaccesible. Funciona como una mesa y se asienta como una gema gigante.<\/p>\n\n\n\n<p><\/p>\n","protected":false},"excerpt":{"rendered":"<p>El Mettsass es un gran momento rojo en una habitaci\u00f3n. Ettore Sottsass dise\u00f1\u00f3 la mesa con una forma segura y un color brillante. Es audaz y poderosa. Es constantemente nueva. El arquitecto italiano, dise\u00f1ador industrial, innovador y artista Ettore Sottsass dise\u00f1\u00f3 la mesa Mettsass para BD en 1972, casi una d\u00e9cada antes de cofundar el &#8230; <a title=\"Mesa Mettsass\" class=\"read-more\" href=\"https:\/\/enlineabarcelona.com\/ca\/producto\/mesa-mettsass\/\" aria-label=\"M\u00e9s informaci\u00f3 sobre Mesa Mettsass\">Llegiu m\u00e9s<\/a><\/p>\n","protected":false},"featured_media":9740,"comment_status":"closed","ping_status":"open","template":"","meta":{"_acf_changed":false},"product_cat":[289,298],"product_tag":[],"disenadores":[821],"marca":[1203],"class_list":{"0":"post-14096","1":"product","2":"type-product","3":"status-publish","4":"has-post-thumbnail","6":"product_cat-mesas","7":"product_cat-mobiliario","8":"disenadores-ettore-sottsass","9":"marca-bd-barcelona-design-maestros-del-diseno-contemporaneo-y-clasico","10":"sales-flash-overlay","11":"woocommerce-text-align-center","12":"woocommerce-image-align-center","13":"do-quantity-buttons","14":"wc-has-gallery","16":"first","17":"instock","18":"purchasable","19":"product-type-simple"},"acf":[],"_links":{"self":[{"href":"https:\/\/enlineabarcelona.com\/ca\/wp-json\/wp\/v2\/product\/14096","targetHints":{"allow":["GET"]}}],"collection":[{"href":"https:\/\/enlineabarcelona.com\/ca\/wp-json\/wp\/v2\/product"}],"about":[{"href":"https:\/\/enlineabarcelona.com\/ca\/wp-json\/wp\/v2\/types\/product"}],"replies":[{"embeddable":true,"href":"https:\/\/enlineabarcelona.com\/ca\/wp-json\/wp\/v2\/comments?post=14096"}],"wp:featuredmedia":[{"embeddable":true,"href":"https:\/\/enlineabarcelona.com\/ca\/wp-json\/wp\/v2\/media\/9740"}],"wp:attachment":[{"href":"https:\/\/enlineabarcelona.com\/ca\/wp-json\/wp\/v2\/media?parent=14096"}],"wp:term":[{"taxonomy":"product_cat","embeddable":true,"href":"https:\/\/enlineabarcelona.com\/ca\/wp-json\/wp\/v2\/product_cat?post=14096"},{"taxonomy":"product_tag","embeddable":true,"href":"https:\/\/enlineabarcelona.com\/ca\/wp-json\/wp\/v2\/product_tag?post=14096"},{"taxonomy":"disenadores","embeddable":true,"href":"https:\/\/enlineabarcelona.com\/ca\/wp-json\/wp\/v2\/disenadores?post=14096"},{"taxonomy":"marca","embeddable":true,"href":"https:\/\/enlineabarcelona.com\/ca\/wp-json\/wp\/v2\/marca?post=14096"}],"curies":[{"name":"wp","href":"https:\/\/api.w.org\/{rel}","templated":true}]}}