{"id":14099,"date":"2025-10-27T11:18:05","date_gmt":"2025-10-27T11:18:05","guid":{"rendered":"https:\/\/enlineabarcelona.com\/producto\/lampara-pie-serpente\/"},"modified":"2025-10-27T11:18:19","modified_gmt":"2025-10-27T11:18:19","slug":"lampara-pie-serpente","status":"publish","type":"product","link":"https:\/\/enlineabarcelona.com\/ca\/producto\/lampara-pie-serpente\/","title":{"rendered":"L\u00e1mpara de pie Serpente"},"content":{"rendered":"\n<p>La l\u00e1mpara Serpente es un s\u00edmbolo de esencialidad, ductilidad y dinamismo. Dise\u00f1ada hace m\u00e1s de 50 a\u00f1os, sigue siendo una de las piezas ic\u00f3nicas del cat\u00e1logo de Martinelli. Su dise\u00f1o intemporal y el sistema de rotaci\u00f3n del soporte la han convertido en la precursora de numerosos productos. La belleza de la Serpente reside en sus formas sinuosas que evocan armon\u00eda y elegancia, capturando la atenci\u00f3n y estimulando la percepci\u00f3n est\u00e9tica. La l\u00e1mpara est\u00e1 compuesta por un brazo giratorio y un difusor en metacrilato opal blanco, con el brazo y la base en metal pintado. Dise\u00f1ada en 1965 por Elio Martinelli, la Serpente fue creada con t\u00e9cnicas innovadoras de moldeo de metacrilato para la \u00e9poca. Su forma geom\u00e9trica y su dinamismo evocan la atm\u00f3sfera de aquellos a\u00f1os decisivos para la afirmaci\u00f3n del dise\u00f1o italiano en el mundo.<\/p>\n","protected":false},"excerpt":{"rendered":"<p>La l\u00e1mpara Serpente es un s\u00edmbolo de esencialidad, ductilidad y dinamismo. Dise\u00f1ada hace m\u00e1s de 50 a\u00f1os, sigue siendo una de las piezas ic\u00f3nicas del cat\u00e1logo de Martinelli. Su dise\u00f1o intemporal y el sistema de rotaci\u00f3n del soporte la han convertido en la precursora de numerosos productos. La belleza de la Serpente reside en sus &#8230; <a title=\"L\u00e1mpara de pie Serpente\" class=\"read-more\" href=\"https:\/\/enlineabarcelona.com\/ca\/producto\/lampara-pie-serpente\/\" aria-label=\"M\u00e9s informaci\u00f3 sobre L\u00e1mpara de pie Serpente\">Llegiu m\u00e9s<\/a><\/p>\n","protected":false},"featured_media":9788,"comment_status":"closed","ping_status":"open","template":"","meta":{"_acf_changed":false},"product_cat":[1156,1200],"product_tag":[],"disenadores":[834],"marca":[1205],"class_list":{"0":"post-14099","1":"product","2":"type-product","3":"status-publish","4":"has-post-thumbnail","6":"product_cat-iluminacion","7":"product_cat-lamparas-de-pie","8":"disenadores-elio-martinelli","9":"marca-martinelli-luce","10":"sales-flash-overlay","11":"woocommerce-text-align-center","12":"woocommerce-image-align-center","13":"do-quantity-buttons","14":"wc-has-gallery","16":"first","17":"instock","18":"purchasable","19":"product-type-simple"},"acf":[],"_links":{"self":[{"href":"https:\/\/enlineabarcelona.com\/ca\/wp-json\/wp\/v2\/product\/14099","targetHints":{"allow":["GET"]}}],"collection":[{"href":"https:\/\/enlineabarcelona.com\/ca\/wp-json\/wp\/v2\/product"}],"about":[{"href":"https:\/\/enlineabarcelona.com\/ca\/wp-json\/wp\/v2\/types\/product"}],"replies":[{"embeddable":true,"href":"https:\/\/enlineabarcelona.com\/ca\/wp-json\/wp\/v2\/comments?post=14099"}],"wp:featuredmedia":[{"embeddable":true,"href":"https:\/\/enlineabarcelona.com\/ca\/wp-json\/wp\/v2\/media\/9788"}],"wp:attachment":[{"href":"https:\/\/enlineabarcelona.com\/ca\/wp-json\/wp\/v2\/media?parent=14099"}],"wp:term":[{"taxonomy":"product_cat","embeddable":true,"href":"https:\/\/enlineabarcelona.com\/ca\/wp-json\/wp\/v2\/product_cat?post=14099"},{"taxonomy":"product_tag","embeddable":true,"href":"https:\/\/enlineabarcelona.com\/ca\/wp-json\/wp\/v2\/product_tag?post=14099"},{"taxonomy":"disenadores","embeddable":true,"href":"https:\/\/enlineabarcelona.com\/ca\/wp-json\/wp\/v2\/disenadores?post=14099"},{"taxonomy":"marca","embeddable":true,"href":"https:\/\/enlineabarcelona.com\/ca\/wp-json\/wp\/v2\/marca?post=14099"}],"curies":[{"name":"wp","href":"https:\/\/api.w.org\/{rel}","templated":true}]}}