{"id":14100,"date":"2025-10-27T11:18:21","date_gmt":"2025-10-27T11:18:21","guid":{"rendered":"https:\/\/enlineabarcelona.com\/producto\/silla-cesca-edicion-bauhaus-nuevos-colores\/"},"modified":"2025-10-27T11:18:22","modified_gmt":"2025-10-27T11:18:22","slug":"silla-cesca-edicion-bauhaus-nuevos-colores","status":"publish","type":"product","link":"https:\/\/enlineabarcelona.com\/ca\/producto\/silla-cesca-edicion-bauhaus-nuevos-colores\/","title":{"rendered":"Silla Cesca\u2122 &#8211; Edici\u00f3n Bauhaus nuevos colores"},"content":{"rendered":"\n<p>La Silla Cesca tiene una rara y casi inocua simplicidad en su dise\u00f1o: una linealidad equilibrada por sutiles curvas; una yuxtaposici\u00f3n gr\u00e1fica de materiales industriales y naturales; y una forma en voladizo que parece flotar en el aire. En 1928, fue una sensaci\u00f3n internacional. No exist\u00eda nada parecido en su \u00e9poca, y su forma ic\u00f3nica demuestra ser contempor\u00e1nea con el paso de las d\u00e9cadas. Originalmente conocida como la B32, la silla fue renombrada m\u00e1s tarde como &#8220;Cesca&#8221; en honor a la hija de Marcel Breuer, Francesca.<\/p>\n\n\n\n<p><\/p>\n","protected":false},"excerpt":{"rendered":"<p>La Silla Cesca tiene una rara y casi inocua simplicidad en su dise\u00f1o: una linealidad equilibrada por sutiles curvas; una yuxtaposici\u00f3n gr\u00e1fica de materiales industriales y naturales; y una forma en voladizo que parece flotar en el aire. En 1928, fue una sensaci\u00f3n internacional. No exist\u00eda nada parecido en su \u00e9poca, y su forma ic\u00f3nica &#8230; <a title=\"Silla Cesca\u2122 &#8211; Edici\u00f3n Bauhaus nuevos colores\" class=\"read-more\" href=\"https:\/\/enlineabarcelona.com\/ca\/producto\/silla-cesca-edicion-bauhaus-nuevos-colores\/\" aria-label=\"M\u00e9s informaci\u00f3 sobre Silla Cesca\u2122 &#8211; Edici\u00f3n Bauhaus nuevos colores\">Llegiu m\u00e9s<\/a><\/p>\n","protected":false},"featured_media":9798,"comment_status":"closed","ping_status":"open","template":"","meta":{"_acf_changed":false},"product_cat":[298,1139],"product_tag":[],"disenadores":[928],"marca":[72],"class_list":{"0":"post-14100","1":"product","2":"type-product","3":"status-publish","4":"has-post-thumbnail","6":"product_cat-mobiliario","7":"product_cat-sillas","8":"disenadores-marcel-breuer","9":"marca-knoll","10":"sales-flash-overlay","11":"woocommerce-text-align-center","12":"woocommerce-image-align-center","13":"do-quantity-buttons","14":"wc-has-gallery","16":"first","17":"instock","18":"purchasable","19":"product-type-simple"},"acf":[],"_links":{"self":[{"href":"https:\/\/enlineabarcelona.com\/ca\/wp-json\/wp\/v2\/product\/14100","targetHints":{"allow":["GET"]}}],"collection":[{"href":"https:\/\/enlineabarcelona.com\/ca\/wp-json\/wp\/v2\/product"}],"about":[{"href":"https:\/\/enlineabarcelona.com\/ca\/wp-json\/wp\/v2\/types\/product"}],"replies":[{"embeddable":true,"href":"https:\/\/enlineabarcelona.com\/ca\/wp-json\/wp\/v2\/comments?post=14100"}],"wp:featuredmedia":[{"embeddable":true,"href":"https:\/\/enlineabarcelona.com\/ca\/wp-json\/wp\/v2\/media\/9798"}],"wp:attachment":[{"href":"https:\/\/enlineabarcelona.com\/ca\/wp-json\/wp\/v2\/media?parent=14100"}],"wp:term":[{"taxonomy":"product_cat","embeddable":true,"href":"https:\/\/enlineabarcelona.com\/ca\/wp-json\/wp\/v2\/product_cat?post=14100"},{"taxonomy":"product_tag","embeddable":true,"href":"https:\/\/enlineabarcelona.com\/ca\/wp-json\/wp\/v2\/product_tag?post=14100"},{"taxonomy":"disenadores","embeddable":true,"href":"https:\/\/enlineabarcelona.com\/ca\/wp-json\/wp\/v2\/disenadores?post=14100"},{"taxonomy":"marca","embeddable":true,"href":"https:\/\/enlineabarcelona.com\/ca\/wp-json\/wp\/v2\/marca?post=14100"}],"curies":[{"name":"wp","href":"https:\/\/api.w.org\/{rel}","templated":true}]}}